{"id":10309,"date":"2021-02-03T07:21:21","date_gmt":"2021-02-03T06:21:21","guid":{"rendered":"https:\/\/bonviure.com\/?page_id=10309"},"modified":"2025-05-27T11:57:09","modified_gmt":"2025-05-27T09:57:09","slug":"assegurances","status":"publish","type":"page","link":"https:\/\/bonviure.com\/es\/assegurances\/","title":{"rendered":"Seguros"},"content":{"rendered":"<div class=\"wpb-content-wrapper\"><p>[vc_row][vc_column][vc_empty_space]<h3 style=\"color:;\" class=\"  left\">LOS SEGUROS DE VIAJE<\/h3>[vc_empty_space height=\u00bb15px\u00bb][vc_column_text]<\/p>\n<div class=\"wpb_text_column wpb_content_element \">\n<div class=\"wpb_wrapper\">\n<p>Te queremos informar brevemente de los distintos seguros de viaje que incluimos en nuestros viajes as\u00ed como los que puedes contratar voluntariamente para ampliar las coberturas.<\/p>\n<\/div>\n<\/div>\n<div class=\"vc_empty_space\"><\/div>\n<p>[\/vc_column_text][vc_empty_space height=\u00bb20px\u00bb][vc_tta_tabs active_section=\u00bb1&#8243;][vc_tta_section title=\u00bbP\u00d3LIZA DE ACCIDENTES DE MONTA\u00d1A\u00bb tab_id=\u00bb1473411736898-7d9fef79-1844&#8243;][vc_column_text]Por ley y como empresa que se dedica a realizar viajes de senderismo, raquetas de nieve, alpinismo, traves\u00edas, bicicletas de monta\u00f1a, etc., disponemos de una <strong>P\u00d3LIZA DE ACCIDENTES DE MONTA\u00d1A<\/strong> para nuestros clientes.<br \/>\nConsultar condiciones <a href=\"https:\/\/bonviure.com\/wp-content\/uploads\/2022\/05\/MUTUA-GENERAL-ASSEGURANCES-POLISSA-extracte-12_05_2022-1.pdf\" target=\"_blank\" rel=\"noopener\">aqu\u00ed<\/a>[\/vc_column_text][\/vc_tta_section][vc_tta_section title=\u00bbP\u00d3LIZA DE RESPONSABILIDAD CIVIL\u00bb tab_id=\u00bb1473411736990-3f1b510b-bc1f\u00bb][vc_column_text]Por ley tambi\u00e9n disponemos de una <strong>P\u00d3LIZA DE\u00a0RESPONSABILIDAD CIVIL<\/strong> para nuestros gu\u00edas y gestores.[\/vc_column_text][\/vc_tta_section][vc_tta_section title=\u00bbP\u00d3LIZA B\u00c1SICA DE VIAJE\u00bb tab_id=\u00bb1473411764656-382096eb-592a\u00bb][vc_column_text css=\u00bb\u00bb]<strong>P\u00d3LIZA B\u00c1SICA DE VIAJE.<\/strong><\/p>\n<p>La ley no nos obliga a contratar esta p\u00f3liza, pero para dar un mejor servicio a los participantes y en especial atenci\u00f3n a las eventualidades que pueden suceder en un viaje, nos avanzamos y os cubrimos con una p\u00f3liza b\u00e1sica de viaje en la mayor\u00eda de nuestros viajes.<br \/>\nConsultad la Ficha T\u00e9cnica de cada viaje para saber si est\u00e1 o no incluida. Se trata de una p\u00f3liza de asistencia en viaje en la que la mayor\u00eda de conceptos incluidos son gestionados por la compa\u00f1\u00eda aseguradora, pero puede haber algunos de reembolso, donde el participante tendr\u00e1 que adelantar el dinero y despu\u00e9s la compa\u00f1\u00eda aseguradora se lo reembolsar\u00e1, por ejemplo, en caso de incidentes con el equipaje o peque\u00f1os gastos m\u00e9dicos.<\/p>\n<p>Viajes con vuelos por Espa\u00f1a, Europa y otros continentes: <a href=\"https:\/\/bonviure.com\/wp-content\/uploads\/2025\/02\/BASIC-PLUS-EXPERIENCES-CAST.pdf\" target=\"_blank\" rel=\"noopener\">v\u00e9ase seguro aqu\u00ed<\/a>[\/vc_column_text][\/vc_tta_section][vc_tta_section title=\u00bbP\u00d3LIZAS OPTATIVAS\u00bb tab_id=\u00bb1473411778516-adaf2e6e-ab24&#8243;][vc_column_text css=\u00bb\u00bb]<strong>P\u00d3LIZAS OPTATIVAS.<\/strong><\/p>\n<p>Pod\u00e9is contratar de forma opcional un seguro de cancelaci\u00f3n o ampliar las coberturas de asistencia sanitaria en caso de accidente de trekking o enfermedad.<\/p>\n<p>Elegid la p\u00f3liza que mejor se ajuste a vuestros intereses y la contrataremos por vosotros.<\/p>\n<ul>\n<li>P\u00f3liza de Cancelaci\u00f3n. Consultar condiciones\u00a0<strong><a href=\"https:\/\/bonviure.com\/wp-content\/uploads\/2025\/02\/EXCLUSIVO-2000-CAST.pdf\" target=\"_blank\" rel=\"noopener\">aqu\u00ed<\/a><\/strong><\/li>\n<li>P\u00f3liza de Viaje y Trekking AXA Vacacional Complet Plus. Consultar condiciones <strong><a href=\"https:\/\/bonviure.com\/wp-content\/uploads\/2025\/02\/VACACIONAL-COMPLET-Plus-Exp-CAST.pdf\" target=\"_blank\" rel=\"noopener\">aqu\u00ed<\/a><\/strong><\/li>\n<li>P\u00f3liza de Viaje y Trekking AXA VIP Plus 2000. Consultar condiciones <strong><a href=\"https:\/\/bonviure.com\/wp-content\/uploads\/2025\/02\/VIP-PLUS-2000-EXPERIENCES-CAST.pdf\" target=\"_blank\" rel=\"noopener\">aqu\u00ed<\/a><\/strong><\/li>\n<\/ul>\n<p>Los precios var\u00edan en funci\u00f3n del precio del viaje, del destino y de la duraci\u00f3n.<br \/>\nPod\u00e9is consultarlos <strong><a href=\"https:\/\/bonviure.com\/wp-content\/uploads\/2025\/05\/2025-Precios-Seguros.pdf\" target=\"_blank\" rel=\"noopener\">clicando aqu\u00ed.<\/a><\/strong>[\/vc_column_text][\/vc_tta_section][\/vc_tta_tabs][vc_empty_space][\/vc_column][\/vc_row][vc_row][vc_column][vc_empty_space height=\u00bb82px\u00bb][\/vc_column][\/vc_row]<\/p>\n<\/div>","protected":false},"excerpt":{"rendered":"<p>[vc_row][vc_column][vc_empty_space][vc_empty_space height=\u00bb15px\u00bb][vc_column_text] Te queremos informar brevemente de los distintos seguros de viaje que incluimos en nuestros viajes as\u00ed como los que puedes contratar voluntariamente para ampliar las coberturas. [\/vc_column_text][vc_empty_space height=\u00bb20px\u00bb][vc_tta_tabs active_section=\u00bb1&#8243;][vc_tta_section title=\u00bbP\u00d3LIZA DE ACCIDENTES DE MONTA\u00d1A\u00bb tab_id=\u00bb1473411736898-7d9fef79-1844&#8243;][vc_column_text]Por ley y como empresa que se dedica a realizar viajes de senderismo, raquetas de nieve, alpinismo, traves\u00edas, bicicletas &#8230;<\/p>\n<div class='heateor_sss_sharing_container heateor_sss_vertical_sharing heateor_sss_bottom_sharing' style='width:44px;left: -10px;top: 100px;-webkit-box-shadow:none;box-shadow:none;' data-heateor-sss-href='https:\/\/bonviure.com\/es\/wp-json\/wp\/v2\/pages\/10309'><div class=\"heateor_sss_sharing_ul\"><a aria-label=\"Facebook\" class=\"heateor_sss_facebook\" href=\"https:\/\/www.facebook.com\/Bonviure\/?locale=es_ES\" title=\"Facebook\" rel=\"nofollow noopener\" target=\"_blank\" style=\"font-size:32px!important;box-shadow:none;display:inline-block;vertical-align:middle\"><span class=\"heateor_sss_svg\" style=\"background-color:#0765FE;width:40px;height:40px;margin:0;display:inline-block;opacity:1;float:left;font-size:32px;box-shadow:none;display:inline-block;font-size:16px;padding:0 4px;vertical-align:middle;background-repeat:repeat;overflow:hidden;padding:0;cursor:pointer;box-sizing:content-box\"><svg style=\"display:block;\" focusable=\"false\" aria-hidden=\"true\" xmlns=\"http:\/\/www.w3.org\/2000\/svg\" width=\"100%\" height=\"100%\" viewBox=\"0 0 32 32\"><path fill=\"#fff\" d=\"M28 16c0-6.627-5.373-12-12-12S4 9.373 4 16c0 5.628 3.875 10.35 9.101 11.647v-7.98h-2.474V16H13.1v-1.58c0-4.085 1.849-5.978 5.859-5.978.76 0 2.072.15 2.608.298v3.325c-.283-.03-.775-.045-1.386-.045-1.967 0-2.728.745-2.728 2.683V16h3.92l-.673 3.667h-3.247v8.245C23.395 27.195 28 22.135 28 16Z\"><\/path><\/svg><\/span><\/a><a aria-label=\"Instagram\" class=\"heateor_sss_button_instagram\" href=\"https:\/\/www.instagram.com\/bonviuretrek\" title=\"Instagram\" rel=\"nofollow noopener\" target=\"_blank\" style=\"font-size:32px!important;box-shadow:none;display:inline-block;vertical-align:middle\"><span class=\"heateor_sss_svg\" style=\"background-color:#53beee;width:40px;height:40px;margin:0;display:inline-block;opacity:1;float:left;font-size:32px;box-shadow:none;display:inline-block;font-size:16px;padding:0 4px;vertical-align:middle;background-repeat:repeat;overflow:hidden;padding:0;cursor:pointer;box-sizing:content-box\"><svg style=\"display:block;\" version=\"1.1\" viewBox=\"-10 -10 148 148\" width=\"100%\" height=\"100%\" xml:space=\"preserve\" xmlns=\"http:\/\/www.w3.org\/2000\/svg\" xmlns:xlink=\"http:\/\/www.w3.org\/1999\/xlink\"><g><g><path d=\"M86,112H42c-14.336,0-26-11.663-26-26V42c0-14.337,11.664-26,26-26h44c14.337,0,26,11.663,26,26v44 C112,100.337,100.337,112,86,112z M42,24c-9.925,0-18,8.074-18,18v44c0,9.925,8.075,18,18,18h44c9.926,0,18-8.075,18-18V42 c0-9.926-8.074-18-18-18H42z\" fill=\"#fff\"><\/path><\/g><g><path d=\"M64,88c-13.234,0-24-10.767-24-24c0-13.234,10.766-24,24-24s24,10.766,24,24C88,77.233,77.234,88,64,88z M64,48c-8.822,0-16,7.178-16,16s7.178,16,16,16c8.822,0,16-7.178,16-16S72.822,48,64,48z\" fill=\"#fff\"><\/path><\/g><g><circle cx=\"89.5\" cy=\"38.5\" fill=\"#fff\" r=\"5.5\"><\/circle><\/g><\/g><\/svg><\/span><\/a><a class=\"heateor_sss_more\" aria-label=\"More\" title=\"More\" rel=\"nofollow noopener\" style=\"font-size: 32px!important;border:0;box-shadow:none;display:inline-block!important;font-size:16px;padding:0 4px;vertical-align: middle;display:inline;\" href=\"https:\/\/bonviure.com\/es\/wp-json\/wp\/v2\/pages\/10309\" onclick=\"event.preventDefault()\"><span class=\"heateor_sss_svg\" style=\"background-color:#ee8e2d;width:40px;height:40px;margin:0;display:inline-block!important;opacity:1;float:left;font-size:32px!important;box-shadow:none;display:inline-block;font-size:16px;padding:0 4px;vertical-align:middle;display:inline;background-repeat:repeat;overflow:hidden;padding:0;cursor:pointer;box-sizing:content-box;\" onclick=\"heateorSssMoreSharingPopup(this, 'https:\/\/bonviure.com\/es\/wp-json\/wp\/v2\/pages\/10309', 'Bonviure%20-%20Senderisme', '' )\"><svg xmlns=\"http:\/\/www.w3.org\/2000\/svg\" xmlns:xlink=\"http:\/\/www.w3.org\/1999\/xlink\" viewBox=\"-.3 0 32 32\" version=\"1.1\" width=\"100%\" height=\"100%\" style=\"display:block;\" xml:space=\"preserve\"><g><path fill=\"#fff\" d=\"M18 14V8h-4v6H8v4h6v6h4v-6h6v-4h-6z\" fill-rule=\"evenodd\"><\/path><\/g><\/svg><\/span><\/a><\/div><div class=\"heateorSssClear\"><\/div><\/div>","protected":false},"author":7,"featured_media":0,"parent":0,"menu_order":0,"comment_status":"closed","ping_status":"closed","template":"","meta":{"_acf_changed":false,"footnotes":""},"class_list":["post-10309","page","type-page","status-publish","hentry"],"acf":[],"publishpress_future_action":{"enabled":false,"date":"2026-04-29 01:43:08","action":"change-status","newStatus":"draft","terms":[],"taxonomy":"translation_priority","extraData":[]},"publishpress_future_workflow_manual_trigger":{"enabledWorkflows":[]},"_links":{"self":[{"href":"https:\/\/bonviure.com\/es\/wp-json\/wp\/v2\/pages\/10309","targetHints":{"allow":["GET"]}}],"collection":[{"href":"https:\/\/bonviure.com\/es\/wp-json\/wp\/v2\/pages"}],"about":[{"href":"https:\/\/bonviure.com\/es\/wp-json\/wp\/v2\/types\/page"}],"author":[{"embeddable":true,"href":"https:\/\/bonviure.com\/es\/wp-json\/wp\/v2\/users\/7"}],"replies":[{"embeddable":true,"href":"https:\/\/bonviure.com\/es\/wp-json\/wp\/v2\/comments?post=10309"}],"version-history":[{"count":0,"href":"https:\/\/bonviure.com\/es\/wp-json\/wp\/v2\/pages\/10309\/revisions"}],"wp:attachment":[{"href":"https:\/\/bonviure.com\/es\/wp-json\/wp\/v2\/media?parent=10309"}],"curies":[{"name":"wp","href":"https:\/\/api.w.org\/{rel}","templated":true}]}}