{"id":10472,"date":"2018-11-07T10:10:05","date_gmt":"2018-11-07T09:10:05","guid":{"rendered":"https:\/\/bonviure.com\/?page_id=10472"},"modified":"2020-06-15T15:05:39","modified_gmt":"2020-06-15T13:05:39","slug":"america","status":"publish","type":"page","link":"https:\/\/bonviure.com\/es\/destinaciones\/todas-las-destinaciones\/america\/","title":{"rendered":"Am\u00e9rica"},"content":{"rendered":"<div class=\"wpb-content-wrapper\"><p>[vc_row el_class=\u00bbdestinaciones\u00bb][vc_column][vc_empty_space height=\u00bb40px\u00bb]<h2 style=\"color:;\" class=\"  center\">Nuestros Viajes por Am\u00e9rica<\/h2>[vc_empty_space height=\u00bb40px\u00bb][\/vc_column][\/vc_row][vc_row el_class=\u00bbdest_destacades\u00bb][vc_column]<div class=\"nicdark_masonry_container\">\n\n<!--start preview-->\n<div id=\"25155\" class=\"grid grid_4 percentage nicdark_masonry_item nicdark_padding10 nicdark_sizing\">\n    <div class=\"nicdark_archive1 nicdark_bg_white nicdark_border_grey nicdark_sizing \">\n\n\n        <!--start image-->\n        <div class=\"nicdark_focus nicdark_relative nicdark_fadeinout nicdark_overflow\">    \n\n            <img decoding=\"async\" alt=\"\" class=\"nicdark_focus nicdark_zoom_image\" src=\"https:\/\/bonviure.com\/wp-content\/uploads\/2025\/08\/MILLORAT.jpg\">\n\n            \n            <!--price-->\n            <div class=\"nicdark_fadeout nicdark_absolute nicdark_height100percentage nicdark_width_percentage100\">  \n                <a href=\"https:\/\/bonviure.com\/es\/packages\/13-30-julio-2026-peru-al-completo-salkantay-colca-machu-pichu-arequipa-cusco-titicaca-montana-de-colores-etc-18-dias\/\" class=\"nicdark_btn nicdark_bg_white left grey medium\">2498 \u20ac<\/a>\n            <\/div>\n            <!--end price-->\n\n\n            <!--start content-->\n            <div class=\"nicdark_fadein nicdark_filter greydark nicdark_absolute nicdark_height100percentage nicdark_width_percentage100\">\n                <div class=\"nicdark_absolute nicdark_display_table nicdark_height100percentage nicdark_width_percentage100\">\n                    <div class=\"nicdark_cell nicdark_vertical_middle\">\n                        <a href=\"https:\/\/bonviure.com\/es\/packages\/13-30-julio-2026-peru-al-completo-salkantay-colca-machu-pichu-arequipa-cusco-titicaca-montana-de-colores-etc-18-dias\/\" class=\"nicdark_btn nicdark_border_white white medium\">M\u00e1s Info<\/a>\n                    <\/div>   \n                <\/div>   \n            <\/div>\n            <!--end content-->\n\n        <\/div>\n        <!--end image-->\n\n\n        <div class=\"nicdark_textevidence nicdark_bg_greydark\">\n            <h4 class=\"white nicdark_margin20\">13 &#8211; 30 Julio 2026. Per\u00fa al completo. Salkantay, Colca, Machu Pichu, Arequipa, Cusco, Titicaca, Monta\u00f1a de Colores, etc. 18 d\u00edas.<\/h4>\n        <\/div>\n\n\n        <div class=\"nicdark_focus nicdark_bg_green\">\n            <div class=\"nicdark_bg_greendark nicdark_focus nicdark_padding1020 nicdark_sizing nicdark_width_percentage50\">\n                <p class=\"white\"><i class=\"icon-direction\"><\/i> Am\u00e8rica  Estiu  Grandes Viajes  Per\u00fa  Per\u00fa  Septiembre  viajes publicados  zona calendario <\/p>\n            <\/div>\n            <div class=\"nicdark_focus nicdark_padding1020 nicdark_sizing nicdark_width_percentage50\">\n                <p class=\"white\"><i class=\"icon-info\"><\/i> Domo  Hotel <\/p>\n            <\/div>\n        <\/div>\n        \n        <div class=\"nicdark_margin20\">\n            <div id=\"descripcio_inici\">\r\n<p id=\"descripcio_titol\"><a href=\"https:\/\/bonviure.com\/packages\/13-30-julio-2026-peru-al-completo-salkantay-colca-machu-pichu-arequipa-cusco-titicaca-montana-de-colores-etc-18-dias\">Per\u00fa al completo.<\/a><\/p>\r\n<p id=\"descripcio_viatge\">Salkantay, Colca, Machu Pichu, Arequipa, Cusco, Titicaca, Monta\u00f1a de Colores por Ausangate, etc.<\/p>\r\n<p id=\"descripcio_preu\">18 d\u00edas<br>A partir de 2498\u20ac<\/p>\r\n<p id=\"descripcio_data\">Del 13 al 30 de julio 2026<\/p>\r\n<div id=\"descripcio_logo_punts\">\r\n<img decoding=\"async\" style=\"width:108px!important;\" src=\"https:\/\/bonviure.com\/wp-content\/uploads\/2017\/11\/45punts_blanc.png\">\r\n<p id=\"descripcio_comentaris\"><a href=\"https:\/\/bonviure.com\/packages\/12-29-agost-2024-peru-al-complet-salkantay-colca-machu-pichu-arequipa-cusco-titicaca-montana-de-colores\/#opinions\">4\/5 (31 Enquestes )<\/a><\/p>\r\n<\/div>\r\n<br>\r\n<p id=\"descripcio_imatge\"><img decoding=\"async\" src=\"https:\/\/bonviure.com\/wp-content\/uploads\/2018\/01\/nivells_bonviure3.png\" title=\"Car\u00e0cter: Vigor\u00f3s\r\nDesnivells: 550-850m\r\nForma f\u00edsica: H\u00e0bits esportius\" alt=\"puntuacio_3\"><\/p>\r\n<\/div>\n            <div class=\"nicdark_space20\"><\/div><a href=\"https:\/\/bonviure.com\/es\/packages\/13-30-julio-2026-peru-al-completo-salkantay-colca-machu-pichu-arequipa-cusco-titicaca-montana-de-colores-etc-18-dias\/\" class=\"nicdark_border_grey grey nicdark_btn nicdark_outline medium \">M\u00e1s Info<\/a>  \n        <\/div>\n\n    <\/div>\n<\/div>\n<!--end prev-->\n\n\n\n<!--start preview-->\n<div id=\"25153\" class=\"grid grid_4 percentage nicdark_masonry_item nicdark_padding10 nicdark_sizing\">\n    <div class=\"nicdark_archive1 nicdark_bg_white nicdark_border_grey nicdark_sizing \">\n\n\n        <!--start image-->\n        <div class=\"nicdark_focus nicdark_relative nicdark_fadeinout nicdark_overflow\">    \n\n            <img decoding=\"async\" alt=\"\" class=\"nicdark_focus nicdark_zoom_image\" src=\"https:\/\/bonviure.com\/wp-content\/uploads\/2025\/08\/MILLORAT.jpg\">\n\n            \n            <!--price-->\n            <div class=\"nicdark_fadeout nicdark_absolute nicdark_height100percentage nicdark_width_percentage100\">  \n                <a href=\"https:\/\/bonviure.com\/es\/packages\/11-28-agosto-2026-peru-al-completo-salkantay-colca-machu-pichu-arequipa-cusco-titicaca-montana-de-colores-etc-18-dias\/\" class=\"nicdark_btn nicdark_bg_white left grey medium\">2498 \u20ac<\/a>\n            <\/div>\n            <!--end price-->\n\n\n            <!--start content-->\n            <div class=\"nicdark_fadein nicdark_filter greydark nicdark_absolute nicdark_height100percentage nicdark_width_percentage100\">\n                <div class=\"nicdark_absolute nicdark_display_table nicdark_height100percentage nicdark_width_percentage100\">\n                    <div class=\"nicdark_cell nicdark_vertical_middle\">\n                        <a href=\"https:\/\/bonviure.com\/es\/packages\/11-28-agosto-2026-peru-al-completo-salkantay-colca-machu-pichu-arequipa-cusco-titicaca-montana-de-colores-etc-18-dias\/\" class=\"nicdark_btn nicdark_border_white white medium\">M\u00e9s Info<\/a>\n                    <\/div>   \n                <\/div>   \n            <\/div>\n            <!--end content-->\n\n        <\/div>\n        <!--end image-->\n\n\n        <div class=\"nicdark_textevidence nicdark_bg_greydark\">\n            <h4 class=\"white nicdark_margin20\">11 &#8211; 28 Agosto 2026. Per\u00fa al completo. Salkantay, Colca, Machu Pichu, Arequipa, Cusco, Titicaca, Monta\u00f1a de Colores, etc. 18 d\u00edas.<\/h4>\n        <\/div>\n\n\n        <div class=\"nicdark_focus nicdark_bg_green\">\n            <div class=\"nicdark_bg_greendark nicdark_focus nicdark_padding1020 nicdark_sizing nicdark_width_percentage50\">\n                <p class=\"white\"><i class=\"icon-direction\"><\/i> Am\u00e8rica  Estiu  Grandes Viajes  Per\u00fa  Per\u00fa  Septiembre  viajes publicados  zona calendario <\/p>\n            <\/div>\n            <div class=\"nicdark_focus nicdark_padding1020 nicdark_sizing nicdark_width_percentage50\">\n                <p class=\"white\"><i class=\"icon-info\"><\/i> Domo  Hotel <\/p>\n            <\/div>\n        <\/div>\n        \n        <div class=\"nicdark_margin20\">\n            <div id=\"descripcio_inici\">\r\n<p id=\"descripcio_titol\"><a href=\"https:\/\/bonviure.com\/packages\/11-28-agosto-2026-peru-al-completo-salkantay-colca-machu-pichu-arequipa-cusco-titicaca-montana-de-colores-etc-18-dias\">Per\u00fa al completo.<\/a><\/p>\r\n<p id=\"descripcio_viatge\">Salkantay, Colca, Machu Pichu, Arequipa, Cusco, Titicaca, Monta\u00f1a de Colores por Ausangate, etc.<\/p>\r\n<p id=\"descripcio_preu\">18 d\u00edas<br>A partir de 2498\u20ac<\/p>\r\n<p id=\"descripcio_data\">Del 11 al 28 de agosto 2026<\/p>\r\n<div id=\"descripcio_logo_punts\">\r\n<img decoding=\"async\" style=\"width:108px!important;\" src=\"https:\/\/bonviure.com\/wp-content\/uploads\/2017\/11\/45punts_blanc.png\">\r\n<p id=\"descripcio_comentaris\"><a href=\"https:\/\/bonviure.com\/packages\/12-29-agost-2024-peru-al-complet-salkantay-colca-machu-pichu-arequipa-cusco-titicaca-montana-de-colores\/#opinions\">4\/5 (31 Enquestes )<\/a><\/p>\r\n<\/div>\r\n<br>\r\n<p id=\"descripcio_imatge\"><img decoding=\"async\" src=\"https:\/\/bonviure.com\/wp-content\/uploads\/2018\/01\/nivells_bonviure3.png\" title=\"Car\u00e0cter: Vigor\u00f3s\r\nDesnivells: 550-850m\r\nForma f\u00edsica: H\u00e0bits esportius\" alt=\"puntuacio_3\"><\/p>\r\n<\/div>\n            <div class=\"nicdark_space20\"><\/div><a href=\"https:\/\/bonviure.com\/es\/packages\/11-28-agosto-2026-peru-al-completo-salkantay-colca-machu-pichu-arequipa-cusco-titicaca-montana-de-colores-etc-18-dias\/\" class=\"nicdark_border_grey grey nicdark_btn nicdark_outline medium \">M\u00e9s Info<\/a>  \n        <\/div>\n\n    <\/div>\n<\/div>\n<!--end prev-->\n\n<\/div>[\/vc_column][\/vc_row][vc_row][vc_column][vc_empty_space][\/vc_column][\/vc_row][vc_row full_width=\u00bbstretch_row_content_no_spaces\u00bb css=\u00bb.vc_custom_1507716447366{margin-top: 0px !important;padding-top: 0px !important;background-color: #e5e5e5 !important;}\u00bb el_class=\u00bb.todos_destinos\u00bb][vc_column width=\u00bb1\/6&#8243;][vc_single_image image=\u00bb9177&#8243; img_size=\u00bb130&#215;130&#8243; alignment=\u00bbcenter\u00bb style=\u00bbvc_box_rounded\u00bb onclick=\u00bbcustom_link\u00bb css_animation=\u00bbfadeInDown\u00bb link=\u00bbhttps:\/\/bonviure.com\/es\/destinaciones\/todas-las-destinaciones\/europa\/\u00bb][vc_column_text css=\u00bb.vc_custom_1541584035876{border-bottom-width: 1px !important;border-left-width: 1px !important;padding-top: 10px !important;padding-right: 20px !important;padding-bottom: 20px !important;padding-left: 20px !important;border-left-color: #ededed !important;border-bottom-color: #ededed !important;}\u00bb]<a href=\"https:\/\/bonviure.com\/es\/destinaciones\/todas-las-destinaciones\/europa\/\">Europa<\/a>[\/vc_column_text][\/vc_column][vc_column width=\u00bb1\/6&#8243;][vc_single_image image=\u00bb14468&#8243; img_size=\u00bb130&#215;130&#8243; alignment=\u00bbcenter\u00bb style=\u00bbvc_box_rounded\u00bb onclick=\u00bbcustom_link\u00bb css_animation=\u00bbfadeInDown\u00bb link=\u00bbhttps:\/\/bonviure.com\/es\/destinaciones\/todas-las-destinaciones\/espana-y-peninsula\/\u00bb][vc_column_text css=\u00bb.vc_custom_1591248499741{border-bottom-width: 1px !important;border-left-width: 1px !important;padding-top: 10px !important;padding-right: 20px !important;padding-bottom: 20px !important;padding-left: 20px !important;border-left-color: #ededed !important;border-bottom-color: #ededed !important;}\u00bb]<a href=\"https:\/\/bonviure.com\/es\/destinaciones\/todas-las-destinaciones\/espana-y-peninsula\/\">Pen\u00ednsula, Baleares y Canarias<\/a>[\/vc_column_text][\/vc_column][vc_column width=\u00bb1\/6&#8243;][vc_single_image image=\u00bb9194&#8243; img_size=\u00bb130&#215;130&#8243; alignment=\u00bbcenter\u00bb style=\u00bbvc_box_rounded\u00bb onclick=\u00bbcustom_link\u00bb css_animation=\u00bbfadeInDown\u00bb link=\u00bbhttps:\/\/bonviure.com\/es\/destinaciones\/todas-las-destinaciones\/islas-y-costa\/\u00bb][vc_column_text css=\u00bb.vc_custom_1541584262824{border-bottom-width: 1px !important;border-left-width: 1px !important;padding-top: 10px !important;padding-right: 20px !important;padding-bottom: 20px !important;padding-left: 20px !important;border-left-color: #ededed !important;border-bottom-color: #ededed !important;}\u00bb]<a href=\"https:\/\/bonviure.com\/es\/destinaciones\/todas-las-destinaciones\/islas-y-costa\/\">Islas y Costa<\/a>[\/vc_column_text][\/vc_column][vc_column width=\u00bb1\/6&#8243;][vc_single_image image=\u00bb9185&#8243; img_size=\u00bb130&#215;130&#8243; alignment=\u00bbcenter\u00bb style=\u00bbvc_box_rounded\u00bb onclick=\u00bbcustom_link\u00bb css_animation=\u00bbfadeInDown\u00bb link=\u00bbhttps:\/\/bonviure.com\/es\/destinaciones\/todas-las-destinaciones\/asia\/\u00bb][vc_column_text css=\u00bb.vc_custom_1530096142052{border-bottom-width: 1px !important;border-left-width: 1px !important;padding-top: 10px !important;padding-right: 20px !important;padding-bottom: 20px !important;padding-left: 20px !important;border-left-color: #ededed !important;border-bottom-color: #ededed !important;}\u00bb]<a href=\"https:\/\/bonviure.com\/es\/destinaciones\/asia\/\">Asia<\/a>[\/vc_column_text][\/vc_column][vc_column width=\u00bb1\/6&#8243;][vc_single_image image=\u00bb9190&#8243; img_size=\u00bb130&#215;130&#8243; alignment=\u00bbcenter\u00bb style=\u00bbvc_box_rounded\u00bb onclick=\u00bbcustom_link\u00bb css_animation=\u00bbfadeInDown\u00bb link=\u00bbhttps:\/\/bonviure.com\/es\/destinaciones\/todas-las-destinaciones\/africa-y-oriente-medio\/\u00bb][vc_column_text css=\u00bb.vc_custom_1541584760566{border-bottom-width: 1px !important;border-left-width: 1px !important;padding-top: 10px !important;padding-right: 20px !important;padding-bottom: 20px !important;padding-left: 20px !important;border-left-color: #ededed !important;border-bottom-color: #ededed !important;}\u00bb]<a href=\"https:\/\/bonviure.com\/es\/destinaciones\/todas-las-destinaciones\/africa-y-oriente-medio\/\">\u00c1frica i Oriente Medio<\/a>[\/vc_column_text][\/vc_column][vc_column width=\u00bb1\/6&#8243;][vc_single_image image=\u00bb10734&#8243; img_size=\u00bb130&#215;130&#8243; alignment=\u00bbcenter\u00bb style=\u00bbvc_box_rounded\u00bb onclick=\u00bbcustom_link\u00bb css_animation=\u00bbfadeInDown\u00bb link=\u00bbhttps:\/\/bonviure.com\/es\/destinaciones\/todas-las-destinaciones\/america\/\u00bb][vc_column_text css=\u00bb.vc_custom_1541584716914{border-bottom-width: 1px !important;border-left-width: 1px !important;padding-top: 10px !important;padding-right: 20px !important;padding-bottom: 20px !important;padding-left: 20px !important;border-left-color: #ededed !important;border-bottom-color: #ededed !important;}\u00bb]<a href=\"https:\/\/bonviure.com\/es\/destinaciones\/todas-las-destinaciones\/america\/\">Am\u00e9rica<\/a>[\/vc_column_text][\/vc_column][\/vc_row]<\/p>\n<\/div>","protected":false},"excerpt":{"rendered":"<p>[vc_row el_class=\u00bbdestinaciones\u00bb][vc_column][vc_empty_space height=\u00bb40px\u00bb][vc_empty_space height=\u00bb40px\u00bb][\/vc_column][\/vc_row][vc_row el_class=\u00bbdest_destacades\u00bb][vc_column][\/vc_column][\/vc_row][vc_row][vc_column][vc_empty_space][\/vc_column][\/vc_row][vc_row full_width=\u00bbstretch_row_content_no_spaces\u00bb css=\u00bb.vc_custom_1507716447366{margin-top: 0px !important;padding-top: 0px !important;background-color: #e5e5e5 !important;}\u00bb el_class=\u00bb.todos_destinos\u00bb][vc_column width=\u00bb1\/6&#8243;][vc_single_image image=\u00bb9177&#8243; img_size=\u00bb130&#215;130&#8243; alignment=\u00bbcenter\u00bb style=\u00bbvc_box_rounded\u00bb onclick=\u00bbcustom_link\u00bb css_animation=\u00bbfadeInDown\u00bb link=\u00bbhttps:\/\/bonviure.com\/es\/destinaciones\/todas-las-destinaciones\/europa\/\u00bb][vc_column_text css=\u00bb.vc_custom_1541584035876{border-bottom-width: 1px !important;border-left-width: 1px !important;padding-top: 10px !important;padding-right: 20px !important;padding-bottom: 20px !important;padding-left: 20px !important;border-left-color: #ededed !important;border-bottom-color: #ededed !important;}\u00bb]Europa[\/vc_column_text][\/vc_column][vc_column width=\u00bb1\/6&#8243;][vc_single_image image=\u00bb14468&#8243; img_size=\u00bb130&#215;130&#8243; alignment=\u00bbcenter\u00bb style=\u00bbvc_box_rounded\u00bb onclick=\u00bbcustom_link\u00bb css_animation=\u00bbfadeInDown\u00bb link=\u00bbhttps:\/\/bonviure.com\/es\/destinaciones\/todas-las-destinaciones\/espana-y-peninsula\/\u00bb][vc_column_text css=\u00bb.vc_custom_1591248499741{border-bottom-width: 1px !important;border-left-width: 1px !important;padding-top: 10px !important;padding-right: 20px &#8230;<\/p>\n<div class='heateor_sss_sharing_container heateor_sss_vertical_sharing heateor_sss_bottom_sharing' style='width:44px;left: -10px;top: 100px;-webkit-box-shadow:none;box-shadow:none;' data-heateor-sss-href='https:\/\/bonviure.com\/es\/wp-json\/wp\/v2\/pages\/10472'><div class=\"heateor_sss_sharing_ul\"><a aria-label=\"Facebook\" class=\"heateor_sss_facebook\" href=\"https:\/\/www.facebook.com\/Bonviure\/?locale=es_ES\" title=\"Facebook\" rel=\"nofollow noopener\" target=\"_blank\" style=\"font-size:32px!important;box-shadow:none;display:inline-block;vertical-align:middle\"><span class=\"heateor_sss_svg\" style=\"background-color:#0765FE;width:40px;height:40px;margin:0;display:inline-block;opacity:1;float:left;font-size:32px;box-shadow:none;display:inline-block;font-size:16px;padding:0 4px;vertical-align:middle;background-repeat:repeat;overflow:hidden;padding:0;cursor:pointer;box-sizing:content-box\"><svg style=\"display:block;\" focusable=\"false\" aria-hidden=\"true\" xmlns=\"http:\/\/www.w3.org\/2000\/svg\" width=\"100%\" height=\"100%\" viewBox=\"0 0 32 32\"><path fill=\"#fff\" d=\"M28 16c0-6.627-5.373-12-12-12S4 9.373 4 16c0 5.628 3.875 10.35 9.101 11.647v-7.98h-2.474V16H13.1v-1.58c0-4.085 1.849-5.978 5.859-5.978.76 0 2.072.15 2.608.298v3.325c-.283-.03-.775-.045-1.386-.045-1.967 0-2.728.745-2.728 2.683V16h3.92l-.673 3.667h-3.247v8.245C23.395 27.195 28 22.135 28 16Z\"><\/path><\/svg><\/span><\/a><a aria-label=\"Instagram\" class=\"heateor_sss_button_instagram\" href=\"https:\/\/www.instagram.com\/bonviuretrek\" title=\"Instagram\" rel=\"nofollow noopener\" target=\"_blank\" style=\"font-size:32px!important;box-shadow:none;display:inline-block;vertical-align:middle\"><span class=\"heateor_sss_svg\" style=\"background-color:#53beee;width:40px;height:40px;margin:0;display:inline-block;opacity:1;float:left;font-size:32px;box-shadow:none;display:inline-block;font-size:16px;padding:0 4px;vertical-align:middle;background-repeat:repeat;overflow:hidden;padding:0;cursor:pointer;box-sizing:content-box\"><svg style=\"display:block;\" version=\"1.1\" viewBox=\"-10 -10 148 148\" width=\"100%\" height=\"100%\" xml:space=\"preserve\" xmlns=\"http:\/\/www.w3.org\/2000\/svg\" xmlns:xlink=\"http:\/\/www.w3.org\/1999\/xlink\"><g><g><path d=\"M86,112H42c-14.336,0-26-11.663-26-26V42c0-14.337,11.664-26,26-26h44c14.337,0,26,11.663,26,26v44 C112,100.337,100.337,112,86,112z M42,24c-9.925,0-18,8.074-18,18v44c0,9.925,8.075,18,18,18h44c9.926,0,18-8.075,18-18V42 c0-9.926-8.074-18-18-18H42z\" fill=\"#fff\"><\/path><\/g><g><path d=\"M64,88c-13.234,0-24-10.767-24-24c0-13.234,10.766-24,24-24s24,10.766,24,24C88,77.233,77.234,88,64,88z M64,48c-8.822,0-16,7.178-16,16s7.178,16,16,16c8.822,0,16-7.178,16-16S72.822,48,64,48z\" fill=\"#fff\"><\/path><\/g><g><circle cx=\"89.5\" cy=\"38.5\" fill=\"#fff\" r=\"5.5\"><\/circle><\/g><\/g><\/svg><\/span><\/a><a class=\"heateor_sss_more\" aria-label=\"More\" title=\"More\" rel=\"nofollow noopener\" style=\"font-size: 32px!important;border:0;box-shadow:none;display:inline-block!important;font-size:16px;padding:0 4px;vertical-align: middle;display:inline;\" href=\"https:\/\/bonviure.com\/es\/wp-json\/wp\/v2\/pages\/10472\" onclick=\"event.preventDefault()\"><span class=\"heateor_sss_svg\" style=\"background-color:#ee8e2d;width:40px;height:40px;margin:0;display:inline-block!important;opacity:1;float:left;font-size:32px!important;box-shadow:none;display:inline-block;font-size:16px;padding:0 4px;vertical-align:middle;display:inline;background-repeat:repeat;overflow:hidden;padding:0;cursor:pointer;box-sizing:content-box;\" onclick=\"heateorSssMoreSharingPopup(this, 'https:\/\/bonviure.com\/es\/wp-json\/wp\/v2\/pages\/10472', 'Bonviure%20-%20Senderisme', '' )\"><svg xmlns=\"http:\/\/www.w3.org\/2000\/svg\" xmlns:xlink=\"http:\/\/www.w3.org\/1999\/xlink\" viewBox=\"-.3 0 32 32\" version=\"1.1\" width=\"100%\" height=\"100%\" style=\"display:block;\" xml:space=\"preserve\"><g><path fill=\"#fff\" d=\"M18 14V8h-4v6H8v4h6v6h4v-6h6v-4h-6z\" fill-rule=\"evenodd\"><\/path><\/g><\/svg><\/span><\/a><\/div><div class=\"heateorSssClear\"><\/div><\/div>","protected":false},"author":7,"featured_media":0,"parent":7995,"menu_order":6,"comment_status":"closed","ping_status":"closed","template":"","meta":{"_acf_changed":false,"footnotes":""},"class_list":["post-10472","page","type-page","status-publish","hentry"],"acf":[],"publishpress_future_action":{"enabled":false,"date":"2026-04-30 20:37:02","action":"change-status","newStatus":"draft","terms":[],"taxonomy":"translation_priority","extraData":[]},"publishpress_future_workflow_manual_trigger":{"enabledWorkflows":[]},"_links":{"self":[{"href":"https:\/\/bonviure.com\/es\/wp-json\/wp\/v2\/pages\/10472","targetHints":{"allow":["GET"]}}],"collection":[{"href":"https:\/\/bonviure.com\/es\/wp-json\/wp\/v2\/pages"}],"about":[{"href":"https:\/\/bonviure.com\/es\/wp-json\/wp\/v2\/types\/page"}],"author":[{"embeddable":true,"href":"https:\/\/bonviure.com\/es\/wp-json\/wp\/v2\/users\/7"}],"replies":[{"embeddable":true,"href":"https:\/\/bonviure.com\/es\/wp-json\/wp\/v2\/comments?post=10472"}],"version-history":[{"count":0,"href":"https:\/\/bonviure.com\/es\/wp-json\/wp\/v2\/pages\/10472\/revisions"}],"up":[{"embeddable":true,"href":"https:\/\/bonviure.com\/es\/wp-json\/wp\/v2\/pages\/7995"}],"wp:attachment":[{"href":"https:\/\/bonviure.com\/es\/wp-json\/wp\/v2\/media?parent=10472"}],"curies":[{"name":"wp","href":"https:\/\/api.w.org\/{rel}","templated":true}]}}