{"id":13984,"date":"2020-05-30T16:17:56","date_gmt":"2020-05-30T14:17:56","guid":{"rendered":"https:\/\/bonviure.com\/?page_id=13984"},"modified":"2022-05-16T12:49:49","modified_gmt":"2022-05-16T10:49:49","slug":"km0ieco","status":"publish","type":"page","link":"https:\/\/bonviure.com\/es\/km0ieco\/","title":{"rendered":"Km0 y Eco Bonviure"},"content":{"rendered":"<div class=\"wpb-content-wrapper\"><p>[vc_row][vc_column][vc_single_image image=\u00bb14212&#8243; img_size=\u00bb1920&#215;600&#8243; alignment=\u00bbcenter\u00bb css=\u00bb.vc_custom_1590849223907{margin-bottom: 10px !important;}\u00bb]<h1 style=\"color:#77770e;\" class=\"  center\">Km 0 y Eco Bonviure<\/h1>[vc_empty_space][vc_column_text]<em><strong>Todos lo hemos dicho<\/strong> y lo continuamos diciendo &#8230; y cansados de hablar <strong>hemos pasado a los hechos<\/strong>. Hemos aumentado los viajes <strong>en transporte p\u00fablico para que teng\u00e1is la opci\u00f3n<\/strong> de elegir las propuestas que aportan <strong>m\u00e1s compromiso con el medio ambiente, con el territorio<\/strong> pr\u00f3ximo y con las personas que viven en \u00e9l y lo cuidan. Para que las cosas realmente puedan empezar a cambiar, <strong>si quieres<\/strong>.<\/em>[\/vc_column_text][\/vc_column][\/vc_row][vc_row el_id=\u00bbkm0&#8243;][vc_column width=\u00bb1\/4&#8243;][vc_empty_space][vc_empty_space][vc_empty_space][vc_empty_space]<h2 style=\"color:#77770e;\" class=\"  left\">Catalunya Km 0<\/h2>[\/vc_column][vc_column width=\u00bb3\/4&#8243;][vc_empty_space][vc_empty_space][vc_empty_space][vc_empty_space][vc_single_image image=\u00bb13749&#8243; img_size=\u00bb\u00bb css=\u00bb.vc_custom_1590849434491{margin-bottom: 10px !important;}\u00bb][\/vc_column][\/vc_row][vc_row][vc_column width=\u00bb2\/3&#8243;][vc_column_text]<\/p>\n<p style=\"text-align: justify; margin-top: 10px;\"><strong>Desde nuestros inicios<\/strong>, y los que hace a\u00f1os que camin\u00e1is con nosotros sab\u00e9is bien de qu\u00e9 hablamos, en Bonviure <strong>hemos puesto siempre en valor todo el patrimonio del pa\u00eds<\/strong>, tanto el natural, paisaj\u00edstico e hist\u00f3rico, como el gastron\u00f3mico. Y lo hemos hecho por el gusto de compartirlo como un valor m\u00e1s del viaje en grupo <strong>y por compromiso con todas aquellas personas que, como nosotros, trabajan gracias al terr\u00f3n<\/strong>. Es por ello que nos ha gustado recorrer el territorio y saborearlo tanto en forma de cultura como de alimento.<\/p>\n<p style=\"text-align: justify; margin-top: 10px;\"><strong>Desde el Aran hasta el Cap de Creus<\/strong> hemos disfrutado de las clotxes, cocas de reques\u00f3n, crestons y garnachas en las tierras del Ebro; los paltrucs, las girellas y el mostillo del Pallars &#8230; <strong>En cuanto al patrimonio humano<\/strong>, os hemos presentado a Pep Lizandra, nuestro m\u00fasico del Barid\u00e0, y tambi\u00e9n a Pep de Cuirols, quesero, y Ricard de Cal Negre, pastor, ambos del Bergued\u00e0, o Pep Badia y Suset de Vall de la Vansa en el Alt Urgell que nos han ense\u00f1ado flores y plantas y sus propiedades. <strong>Con todos ellos y con muchos otros hemos compartido y seguiremos compartiendo<\/strong> buenos ratos de conocimiento <strong>y de estima a su trabajo y a todo lo que le rodea.<\/strong><\/p>\n<p style=\"text-align: justify; margin-top: 10px;\"><strong>Hoy m\u00e1s que nunca reivindicamos<\/strong> esta vocaci\u00f3n y gozo de conocernos mejor como pa\u00eds y como sociedad <strong>a trav\u00e9s del caminar<\/strong>, una de las mejores maneras de viajar, de comprender, respetar, amar y <strong>preservar nuestro mundo m\u00e1s cercano<\/strong>.<\/p>\n<p>[\/vc_column_text][\/vc_column][vc_column width=\u00bb1\/3&#8243;][vc_single_image image=\u00bb14090&#8243; img_size=\u00bbfull\u00bb alignment=\u00bbcenter\u00bb css=\u00bb.vc_custom_1590847372107{margin-bottom: 10px !important;}\u00bb][\/vc_column][\/vc_row][vc_row][vc_column width=\u00bb1\/3&#8243;][vc_single_image image=\u00bb14094&#8243; img_size=\u00bb1920&#215;600&#8243; alignment=\u00bbcenter\u00bb css=\u00bb.vc_custom_1590847488189{margin-bottom: 10px !important;}\u00bb][vc_single_image image=\u00bb14098&#8243; img_size=\u00bb1920&#215;600&#8243; alignment=\u00bbcenter\u00bb css=\u00bb.vc_custom_1590847563808{margin-bottom: 10px !important;}\u00bb][\/vc_column][vc_column width=\u00bb1\/3&#8243;][vc_single_image image=\u00bb14086&#8243; img_size=\u00bb1920&#215;600&#8243; alignment=\u00bbcenter\u00bb css=\u00bb.vc_custom_1590847518441{margin-bottom: 10px !important;}\u00bb][vc_single_image image=\u00bb14088&#8243; img_size=\u00bb1920&#215;600&#8243; alignment=\u00bbcenter\u00bb css=\u00bb.vc_custom_1590847586740{margin-bottom: 10px !important;}\u00bb][\/vc_column][vc_column width=\u00bb1\/3&#8243;][vc_single_image image=\u00bb14096&#8243; img_size=\u00bb1920&#215;600&#8243; alignment=\u00bbcenter\u00bb css=\u00bb.vc_custom_1590847540792{margin-bottom: 10px !important;}\u00bb][vc_single_image image=\u00bb14092&#8243; img_size=\u00bb1920&#215;600&#8243; alignment=\u00bbcenter\u00bb css=\u00bb.vc_custom_1590847628021{margin-bottom: 10px !important;}\u00bb][\/vc_column][\/vc_row][vc_row][vc_column][vc_empty_space height=\u00bb50px\u00bb][vc_single_image image=\u00bb14081&#8243; img_size=\u00bb1920&#215;600&#8243; alignment=\u00bbcenter\u00bb css=\u00bb.vc_custom_1590847693987{margin-bottom: 10px !important;}\u00bb][vc_empty_space height=\u00bb50px\u00bb][\/vc_column][\/vc_row][vc_row el_id=\u00bbeco\u00bb][vc_column width=\u00bb1\/4&#8243;][vc_empty_space][vc_empty_space][vc_empty_space][vc_empty_space]<h2 style=\"color:#77770e;\" class=\"  left\">Eco Bonviure<\/h2>[\/vc_column][vc_column width=\u00bb3\/4&#8243;][vc_empty_space][vc_empty_space][vc_empty_space][vc_empty_space][vc_single_image image=\u00bb13751&#8243; img_size=\u00bb\u00bb css=\u00bb.vc_custom_1590847890562{margin-bottom: 10px !important;}\u00bb][\/vc_column][\/vc_row][vc_row][vc_column][vc_column_text]<\/p>\n<p style=\"text-align: justify; margin-top: 10px;\"><strong>Los viajes ECO est\u00e1n pensados para poder prescindir de los coches privados<\/strong>, utilizando los medios de transporte p\u00fablicos: buses, trenes, etc, para llegar a los puntos de inicio del viaje y tambi\u00e9n por el retorno, con el objetivo de practicar un senderismo comprometido con la conservaci\u00f3n del medio ambiente. En muchos de nuestros viajes de un solo d\u00eda ya utilizamos este sistema de transporte y ahora, a pesar de que la red de transporte p\u00fablico en el pa\u00eds es limitada, <strong>hemos querido aumentar las propuestas<\/strong> con este tipo de transporte <strong>para hacer la actividad m\u00e1s sostenible ecol\u00f3gicamente.<\/strong> Una vez en el destino algunos d\u00edas podremos utilizar veh\u00edculos de transportistas locales para poder acceder mejor a las excursiones.<\/p>\n<p style=\"text-align: justify; margin-top: 10px;\"><strong>No es obligatorio hacer uso del transporte p\u00fablico para acceder a los viajes<\/strong> ya que se puede hacer igualmente con coches particulares, pero es una opci\u00f3n que ponemos al alcance de los participantes.<\/p>\n<p>[\/vc_column_text][\/vc_column][\/vc_row][vc_row][vc_column width=\u00bb1\/3&#8243;][vc_single_image image=\u00bb14118&#8243; img_size=\u00bb1920&#215;600&#8243; alignment=\u00bbcenter\u00bb css=\u00bb.vc_custom_1590848188933{margin-bottom: 10px !important;}\u00bb][\/vc_column][vc_column width=\u00bb1\/3&#8243;][vc_single_image image=\u00bb14114&#8243; img_size=\u00bb1920&#215;600&#8243; alignment=\u00bbcenter\u00bb css=\u00bb.vc_custom_1590848204515{margin-bottom: 10px !important;}\u00bb][\/vc_column][vc_column width=\u00bb1\/3&#8243;][vc_single_image image=\u00bb14116&#8243; img_size=\u00bb1920&#215;600&#8243; alignment=\u00bbcenter\u00bb css=\u00bb.vc_custom_1590848219219{margin-bottom: 10px !important;}\u00bb][\/vc_column][\/vc_row][vc_row][vc_column][vc_empty_space height=\u00bb50px\u00bb][vc_single_image image=\u00bb14195&#8243; img_size=\u00bb1920&#215;600&#8243; alignment=\u00bbcenter\u00bb css=\u00bb.vc_custom_1590848269103{margin-bottom: 10px !important;}\u00bb][vc_empty_space height=\u00bb50px\u00bb][\/vc_column][\/vc_row]<\/p>\n<\/div>","protected":false},"excerpt":{"rendered":"<p>[vc_row][vc_column][vc_single_image image=\u00bb14212&#8243; img_size=\u00bb1920&#215;600&#8243; alignment=\u00bbcenter\u00bb css=\u00bb.vc_custom_1590849223907{margin-bottom: 10px !important;}\u00bb][vc_empty_space][vc_column_text]Todos lo hemos dicho y lo continuamos diciendo &#8230; y cansados de hablar hemos pasado a los hechos. Hemos aumentado los viajes en transporte p\u00fablico para que teng\u00e1is la opci\u00f3n de elegir las propuestas que aportan m\u00e1s compromiso con el medio ambiente, con el territorio pr\u00f3ximo y con las &#8230;<\/p>\n<div class='heateor_sss_sharing_container heateor_sss_vertical_sharing heateor_sss_bottom_sharing' style='width:44px;left: -10px;top: 100px;-webkit-box-shadow:none;box-shadow:none;' data-heateor-sss-href='https:\/\/bonviure.com\/es\/wp-json\/wp\/v2\/pages\/13984'><div class=\"heateor_sss_sharing_ul\"><a aria-label=\"Facebook\" class=\"heateor_sss_facebook\" href=\"https:\/\/www.facebook.com\/Bonviure\/?locale=es_ES\" title=\"Facebook\" rel=\"nofollow noopener\" target=\"_blank\" style=\"font-size:32px!important;box-shadow:none;display:inline-block;vertical-align:middle\"><span class=\"heateor_sss_svg\" style=\"background-color:#0765FE;width:40px;height:40px;margin:0;display:inline-block;opacity:1;float:left;font-size:32px;box-shadow:none;display:inline-block;font-size:16px;padding:0 4px;vertical-align:middle;background-repeat:repeat;overflow:hidden;padding:0;cursor:pointer;box-sizing:content-box\"><svg style=\"display:block;\" focusable=\"false\" aria-hidden=\"true\" xmlns=\"http:\/\/www.w3.org\/2000\/svg\" width=\"100%\" height=\"100%\" viewBox=\"0 0 32 32\"><path fill=\"#fff\" d=\"M28 16c0-6.627-5.373-12-12-12S4 9.373 4 16c0 5.628 3.875 10.35 9.101 11.647v-7.98h-2.474V16H13.1v-1.58c0-4.085 1.849-5.978 5.859-5.978.76 0 2.072.15 2.608.298v3.325c-.283-.03-.775-.045-1.386-.045-1.967 0-2.728.745-2.728 2.683V16h3.92l-.673 3.667h-3.247v8.245C23.395 27.195 28 22.135 28 16Z\"><\/path><\/svg><\/span><\/a><a aria-label=\"Instagram\" class=\"heateor_sss_button_instagram\" href=\"https:\/\/www.instagram.com\/bonviuretrek\" title=\"Instagram\" rel=\"nofollow noopener\" target=\"_blank\" style=\"font-size:32px!important;box-shadow:none;display:inline-block;vertical-align:middle\"><span class=\"heateor_sss_svg\" style=\"background-color:#53beee;width:40px;height:40px;margin:0;display:inline-block;opacity:1;float:left;font-size:32px;box-shadow:none;display:inline-block;font-size:16px;padding:0 4px;vertical-align:middle;background-repeat:repeat;overflow:hidden;padding:0;cursor:pointer;box-sizing:content-box\"><svg style=\"display:block;\" version=\"1.1\" viewBox=\"-10 -10 148 148\" width=\"100%\" height=\"100%\" xml:space=\"preserve\" xmlns=\"http:\/\/www.w3.org\/2000\/svg\" xmlns:xlink=\"http:\/\/www.w3.org\/1999\/xlink\"><g><g><path d=\"M86,112H42c-14.336,0-26-11.663-26-26V42c0-14.337,11.664-26,26-26h44c14.337,0,26,11.663,26,26v44 C112,100.337,100.337,112,86,112z M42,24c-9.925,0-18,8.074-18,18v44c0,9.925,8.075,18,18,18h44c9.926,0,18-8.075,18-18V42 c0-9.926-8.074-18-18-18H42z\" fill=\"#fff\"><\/path><\/g><g><path d=\"M64,88c-13.234,0-24-10.767-24-24c0-13.234,10.766-24,24-24s24,10.766,24,24C88,77.233,77.234,88,64,88z M64,48c-8.822,0-16,7.178-16,16s7.178,16,16,16c8.822,0,16-7.178,16-16S72.822,48,64,48z\" fill=\"#fff\"><\/path><\/g><g><circle cx=\"89.5\" cy=\"38.5\" fill=\"#fff\" r=\"5.5\"><\/circle><\/g><\/g><\/svg><\/span><\/a><a class=\"heateor_sss_more\" aria-label=\"More\" title=\"More\" rel=\"nofollow noopener\" style=\"font-size: 32px!important;border:0;box-shadow:none;display:inline-block!important;font-size:16px;padding:0 4px;vertical-align: middle;display:inline;\" href=\"https:\/\/bonviure.com\/es\/wp-json\/wp\/v2\/pages\/13984\" onclick=\"event.preventDefault()\"><span class=\"heateor_sss_svg\" style=\"background-color:#ee8e2d;width:40px;height:40px;margin:0;display:inline-block!important;opacity:1;float:left;font-size:32px!important;box-shadow:none;display:inline-block;font-size:16px;padding:0 4px;vertical-align:middle;display:inline;background-repeat:repeat;overflow:hidden;padding:0;cursor:pointer;box-sizing:content-box;\" onclick=\"heateorSssMoreSharingPopup(this, 'https:\/\/bonviure.com\/es\/wp-json\/wp\/v2\/pages\/13984', 'Bonviure%20-%20Senderisme', '' )\"><svg xmlns=\"http:\/\/www.w3.org\/2000\/svg\" xmlns:xlink=\"http:\/\/www.w3.org\/1999\/xlink\" viewBox=\"-.3 0 32 32\" version=\"1.1\" width=\"100%\" height=\"100%\" style=\"display:block;\" xml:space=\"preserve\"><g><path fill=\"#fff\" d=\"M18 14V8h-4v6H8v4h6v6h4v-6h6v-4h-6z\" fill-rule=\"evenodd\"><\/path><\/g><\/svg><\/span><\/a><\/div><div class=\"heateorSssClear\"><\/div><\/div>","protected":false},"author":8,"featured_media":0,"parent":0,"menu_order":0,"comment_status":"closed","ping_status":"closed","template":"","meta":{"_acf_changed":false,"footnotes":""},"class_list":["post-13984","page","type-page","status-publish","hentry"],"acf":[],"publishpress_future_action":{"enabled":false,"date":"2026-04-28 16:04:21","action":"change-status","newStatus":"draft","terms":[],"taxonomy":"translation_priority","extraData":[]},"publishpress_future_workflow_manual_trigger":{"enabledWorkflows":[]},"_links":{"self":[{"href":"https:\/\/bonviure.com\/es\/wp-json\/wp\/v2\/pages\/13984","targetHints":{"allow":["GET"]}}],"collection":[{"href":"https:\/\/bonviure.com\/es\/wp-json\/wp\/v2\/pages"}],"about":[{"href":"https:\/\/bonviure.com\/es\/wp-json\/wp\/v2\/types\/page"}],"author":[{"embeddable":true,"href":"https:\/\/bonviure.com\/es\/wp-json\/wp\/v2\/users\/8"}],"replies":[{"embeddable":true,"href":"https:\/\/bonviure.com\/es\/wp-json\/wp\/v2\/comments?post=13984"}],"version-history":[{"count":0,"href":"https:\/\/bonviure.com\/es\/wp-json\/wp\/v2\/pages\/13984\/revisions"}],"wp:attachment":[{"href":"https:\/\/bonviure.com\/es\/wp-json\/wp\/v2\/media?parent=13984"}],"curies":[{"name":"wp","href":"https:\/\/api.w.org\/{rel}","templated":true}]}}