{"id":22130,"date":"2024-05-28T19:42:56","date_gmt":"2024-05-28T17:42:56","guid":{"rendered":"https:\/\/bonviure.com\/?page_id=22130"},"modified":"2024-05-28T19:44:38","modified_gmt":"2024-05-28T17:44:38","slug":"aviso-legal","status":"publish","type":"page","link":"https:\/\/bonviure.com\/es\/aviso-legal\/","title":{"rendered":"Aviso Legal"},"content":{"rendered":"<div class=\"wpb-content-wrapper\"><p>[vc_row][vc_column][vc_empty_space height=\u00bb42px\u00bb][vc_column_text css=\u00bb\u00bb]La presente informaci\u00f3n, normas y condiciones (conjunto denominado como Aviso Legal) tienen por objeto regular, en lo que sea aplicable, el uso del\/de los sitio\/s web que Bonviure Trek, S.L.U., pone a disposici\u00f3n del p\u00fablico para as\u00ed cumplir con las obligaciones legales al respecto.<\/p>\n<p>El presente Aviso Legal fue modificado el 14\/05\/2024.<\/p>\n<hr \/>\n<p>&nbsp;<\/p>\n<h3>ACERCA DE Bonviure Trek, S.L.U.<\/h3>\n<h4>SITIOS WEB Y DOMINIOS<\/h4>\n<p>Bonviure Trek, S.L.U. opera en la red, para ofrecer sus servicios, con los siguientes dominios.<\/p>\n<ul>\n<li><strong>www.bonviure.com<\/strong><\/li>\n<\/ul>\n<p>considerando <strong>www.bonviure.com<\/strong> como dominio principal.<\/p>\n<p><strong><u>MUY IMPORTANTE<\/u><\/strong> Algunos servicios ofrecidos en el\/los sitio\/s de Bonviure Trek, S.L.U., accesibles para los usuarios de Internet, pueden estar sometidos a condiciones particulares e instrucciones que, en su caso, sustituyen, completan y\/\u00f3 modifican el presente Aviso Legal y que deber\u00e1n ser aceptadas por el Usuario antes de iniciarse la prestaci\u00f3n del servicio correspondiente. Esto es de aplicaci\u00f3n, particularmente, en los casos en que se efect\u00faen reservas o contraten servicios o productos, en cuyo caso deber\u00e1 aplicarse el contenido de las condiciones generales de contrataci\u00f3n de viajes (identificadas como <strong>CONDICIONES GENERALES DE CONTRATACI\u00d3N <\/strong>en las p\u00e1ginas correspondientes).<\/p>\n<h4>OBJETO Y FUNCIONALIDAD DE LOS SITIOS DE Bonviure Trek, S.L.U.<\/h4>\n<p>La actividad de Bonviure Trek, S.L.U. es la de, agencia de viajes, siendo el objeto de nuestro\/s sitio\/s web el de ofrecer nuestros servicios a trav\u00e9s de internet para recibir informaci\u00f3n y oferta de viajes, atenci\u00f3n al cliente, venta, etc.<\/p>\n<p>Bonviure Trek, S.L.U. se reserva el derecho de modificar en cualquier momento las presentes condiciones de uso, as\u00ed como cualesquiera otras condiciones particulares.<\/p>\n<p>Bonviure Trek, S.L.U. hace todos los esfuerzos necesarios dentro de sus medios para ofrecer la informaci\u00f3n contenida en sus sitios web de forma veraz y sin errores tipogr\u00e1ficos. En el caso que en alg\u00fan momento se produjera alg\u00fan error de este tipo, ajeno en todo momento a la voluntad de Bonviure Trek, S.L.U., se proceder\u00eda a su correcci\u00f3n inmediatamente despu\u00e9s de su conocimiento, no pudiendo aceptar ning\u00fan tipo de responsabilidad derivada de los perjuicios que pudieran derivarse de los errores u omisiones de la informaci\u00f3n contenida en los sitios.<\/p>\n<p>Si cualquier cl\u00e1usula incluida en estas condiciones generales fuese declarada, total o parcialmente, nula o ineficaz, tal nulidad o ineficacia afectar\u00e1 tan s\u00f3lo a dicha disposici\u00f3n o a la parte de la misma que resulte nula o ineficaz, subsistiendo las condiciones generales en todo lo dem\u00e1s, teni\u00e9ndose tal disposici\u00f3n, o la parte de la misma que resultase afectada, por no puesta.<\/p>\n<h4>INFORMACI\u00d3N GENERAL (DATOS IDENTIFICATIVOS Y DE CONTACTO)<\/h4>\n<p>En cumplimiento con el art. 10 de la Ley 34\/2002, de 11 de julio, de servicios de la sociedad de la informaci\u00f3n y del comercio electr\u00f3nico, le informamos que Bonviure Trek, S.L.U., Passeig de la Pau, num. 24, pral 4a, 08600, BERGA con NIF B65158214 , est\u00e1 inscrita en el Registro Mercantil de Barcelona, en el tomo 41409, folio 115, hoja B-393147, inscripci\u00f3n 1.<\/p>\n<p>El titular de este sitio web es Bonviure Trek, S.L.U., registrado en la Generalitat de Catalunya con el c\u00f3digo GC-1829.<\/p>\n<p>Pueden contactar con nosotros, adem\u00e1s de estar a su disposici\u00f3n en nuestras oficinas, usando los siguientes medios:<\/p>\n<ul>\n<li>Por correo electr\u00f3nico a trav\u00e9s de la direcci\u00f3n bonviure@bonviure.com<\/li>\n<li>Por tel\u00e9fono al n\u00famero de atenci\u00f3n al cliente +34 938 230 527.<\/li>\n<\/ul>\n<hr \/>\n<p>&nbsp;<\/p>\n<h3>SOBRE LOS USUARIOS<\/h3>\n<p>El acceso y\/o uso del\/de los sitio\/s de Bonviure Trek, S.L.U. por parte de una persona atribuye la condici\u00f3n de USUARIO a esa persona. El USUARIO acepta, para el uso y acceso del\/de los distintos sitios\/s de Bonviure Trek, S.L.U., las <strong>Condiciones Generales de Uso del\/de los sitio\/s <\/strong>Bonviure Trek, S.L.U. presentadas a continuaci\u00f3n.<\/p>\n<p>El Usuario del\/de los sitio\/s Bonviure Trek, S.L.U. debe leer atentamente el presente Aviso Legal en cada una de las ocasiones en que se proponga usarlos, ya que \u00e9stos y las condiciones de uso recogidas en el presente Aviso Legal pueden haber sufrido modificaciones.<\/p>\n<h4>CONDICIONES DE USO DEL\/DE LOS SITIO\/S DE Bonviure Trek, S.L.U.<\/h4>\n<p>El\/Los sitio\/s de Bonviure Trek, S.L.U. ofrecen acceso a diversos contenidos (servicios, informaciones, datos, etc.). El USUARIO asume la responsabilidad del uso por su parte del\/de los sitio\/s Bonviure Trek, S.L.U. Por ello es responsabilidad, compromiso y obligaci\u00f3n del usuario hacer un uso adecuado de los contenidos y servicios que Bonviure Trek, S.L.U. ofrece a trav\u00e9s del\/de los sitio\/s de Bonviure Trek, S.L.U. Especialmente el USUARIO se compromete a no emplearlos en acciones que puedan:<\/p>\n<ul>\n<li>Incurrir en actividades il\u00edcitas o ilegales seg\u00fan el ordenamiento jur\u00eddico europeo y espa\u00f1ol.<\/li>\n<li>Vulnerar la legislaci\u00f3n espa\u00f1ola e internacional en materia de propiedad intelectual e industrial.<\/li>\n<li>Difundir contenidos o propaganda de car\u00e1cter racista, xen\u00f3fobo, pornogr\u00e1fico-ilegal, de apolog\u00eda del terrorismo o atentatorio contra los derechos humanos.<\/li>\n<li>Provocar da\u00f1os en los sistemas inform\u00e1ticos de Bonviure Trek, S.L.U. de sus proveedores o de terceras personas.<\/li>\n<li>Introducir o difundir en la red software malicioso, virus inform\u00e1ticos o cualesquiera otros sistemas f\u00edsicos o l\u00f3gicos que sean susceptibles de provocar los da\u00f1os mencionados en el punto anterior.<\/li>\n<li>Intentar acceder o, en su caso, utilizar las cuentas de otros usuarios y modificar o manipular sus datos.<\/li>\n<\/ul>\n<h4>EDAD DE LOS USUARIOS<\/h4>\n<p>El\/Los sitio\/s de Bonviure Trek, S.L.U. no tienen contenidos ofensivos o inadecuados para menores de edad.\u00a0 No obstante, no se permite el uso a menores de 14 a\u00f1os, siendo recomendable que, en su caso, el uso se haga tutelado por alg\u00fan responsable legal o mayor de edad. En ning\u00fan caso los menores de 14 a\u00f1os deben suministrar a Bonviure Trek, S.L.U. datos de car\u00e1cter personal, propios o de familiares.<\/p>\n<p>Para respetar la legislaci\u00f3n vigente Bonviure Trek, S.L.U. proh\u00edbe la contrataci\u00f3n o reserva de productos y\/o servicios a menores de 18 a\u00f1os o incapacitados legales.<\/p>\n<hr \/>\n<p>&nbsp;<\/p>\n<h3>RESPONSABILIDADES<\/h3>\n<h4>RESPONSABILIDADES DEL USUARIO Y DE Bonviure Trek, S.L.U.<\/h4>\n<p>El USUARIO es el \u00fanico responsable de las infracciones en las que pueda incurrir o de los perjuicios que pueda causar por la utilizaci\u00f3n inadecuada del\/de los sitio\/s Bonviure Trek, S.L.U., quedando Bonviure Trek, S.L.U. exonerada de cualquier clase de responsabilidad que se pudiera derivar por las acciones del USUARIO.<\/p>\n<h4>REGISTRO DE USUARIOS<\/h4>\n<p>Para acceder a determinados servicios se precisa la condici\u00f3n de USUARIO REGISTRADO. Es responsabilidad del USUARIO la custodia de la contrase\u00f1a usada para evitar la usurpaci\u00f3n de su identidad en los sitios Bonviure Trek, S.L.U. a los que tuviera acceso por su condici\u00f3n de usuario registrado.<\/p>\n<p>As\u00ed mismo el usuario declara que toda la informaci\u00f3n de car\u00e1cter personal suministrada por \u00e9l para el acceso al\/los sitio\/s de Bonviure Trek, S.L.U. y durante de la utilizaci\u00f3n del mismo, es verdadera, completa y precisa y se compromete a mantenerla actualizada en los sucesivos usos que pueda hacer de los servicios ofrecidos.<\/p>\n<p>El env\u00edo y la remisi\u00f3n de datos que se realice por el usuario a trav\u00e9s del sitio web de Bonviure Trek, S.L.U. o la informaci\u00f3n que \u00e9sta remita, se encuentra protegida por las m\u00e1s modernas t\u00e9cnicas de seguridad electr\u00f3nica en la red. Asimismo, los datos suministrados y almacenados en nuestras bases de datos se encuentran igualmente protegidos por sistemas de seguridad que impiden el acceso de terceros no autorizados a los mismos. Bonviure Trek, S.L.U. realiza sus mejores esfuerzos para disponer de los sistemas m\u00e1s actualizados para la eficacia de estos sistemas de seguridad.<\/p>\n<hr \/>\n<p>&nbsp;<\/p>\n<h3>PROPIEDAD INTELECTUAL SOBRE LOS CONTENIDOS DEL SITIO WEB.<\/h3>\n<p>Todos los elementos que forman el sitio Web, as\u00ed como su estructura, dise\u00f1o y c\u00f3digo fuente de la misma, son titularidad de Bonviure Trek, S.L.U. y est\u00e1n protegidos por la normativa de propiedad intelectual e industrial.<\/p>\n<p>Se proh\u00edbe la reproducci\u00f3n total o parcial de los contenidos de este sitio Web, as\u00ed como su modificaci\u00f3n y\/o distribuci\u00f3n sin citar su origen o solicitar previamente autorizaci\u00f3n.<\/p>\n<p>Bonviure Trek, S.L.U. no asumir\u00e1 ninguna responsabilidad derivada del uso por terceros del contenido del sitio Web y podr\u00e1 ejercitar todas las acciones civiles o penales que le correspondan en caso de infracci\u00f3n de estos derechos por parte del usuario.<\/p>\n<hr \/>\n<p>&nbsp;<\/p>\n<h3>ENLACES (LINKS)<\/h3>\n<p>Esta Web incluye enlaces que permiten al Usuario acceder a otras p\u00e1ginas de Internet externas al\/los sitio\/s de Bonviure Trek, S.L.U. En caso de que el USUARIO use estos enlaces, Bonviure Trek, S.L.U. le informa que no ejerce ning\u00fan tipo de control sobre dichos sitios, sus contenidos y la posibilidad de que recopilen informaci\u00f3n de sus actividades\u00a0en Internet, incluidas las realizadas en nuestro propio sitio.<\/p>\n<p>En ning\u00fan caso Bonviure Trek, S.L.U. asumir\u00e1 responsabilidad alguna por los contenidos de alg\u00fan enlace perteneciente a un sitio web ajeno, ni garantizar\u00e1 la disponibilidad t\u00e9cnica, calidad, fiabilidad, exactitud, amplitud, veracidad, validez y legalidad de cualquier material o informaci\u00f3n contenida en ninguno de dichos hiperv\u00ednculos u otros sitios de Internet.<\/p>\n<p>Si cualquier usuario tiene conocimiento de que los enlaces remiten a p\u00e1ginas cuyos contenidos o servicios son il\u00edcitos, nocivos, denigrantes, violentos o inmorales le agradeceremos que contacte con Bonviure Trek, S.L.U. indic\u00e1ndolo para, as\u00ed, proceder a eliminar dicho enlace.<\/p>\n<p>Toda actividad efectuada en los sitios que no son titularidad de Bonviure Trek, S.L.U. est\u00e1 regulada por sus propias normas y condiciones, por lo que recomendamos que, antes de su uso, los usuarios se informen sobre ello en los apartados de aviso legal, o similares, en los sitios fuera del control directo de Bonviure Trek, S.L.U.<\/p>\n<p>&nbsp;<\/p>\n<h4>NORMATIVA Y RESOLUCI\u00d3N DE CONFLICTOS<\/h4>\n<p>En todos los aspectos, las reglas de uso de Bonviure Trek, S.L.U. se rigen por la legislaci\u00f3n espa\u00f1ola. El idioma utilizado para redactar y comprender este aviso legal es el espa\u00f1ol. No se guarda una copia individual de este aviso legal para cada usuario, pero estar\u00e1 siempre disponible en l\u00ednea en Bonviure Trek, S.L.U.<\/p>\n<p>En caso de que surja alguna controversia o reclamaci\u00f3n relacionada con este texto o cualquier actividad de Bonviure Trek, S.L.U., los usuarios tienen la opci\u00f3n de someterse al Sistema Arbitral de Consumo, en el cual Bonviure Trek, S.L.U. participa. Sin embargo, para resolver disputas relacionadas con actividades que requieran una colegiaci\u00f3n, los usuarios deben dirigirse al \u00f3rgano apropiado del colegio de abogados correspondiente.<\/p>\n<p>Si los usuarios cumplen con la definici\u00f3n de consumidores o usuarios seg\u00fan la legislaci\u00f3n espa\u00f1ola y residen en la Uni\u00f3n Europea, y experimentan problemas con una compra en l\u00ednea realizada en Bonviure Trek, S.L.U., pueden buscar una soluci\u00f3n extrajudicial a trav\u00e9s de la Plataforma de Resoluci\u00f3n de Litigios en L\u00ednea, establecida por la Uni\u00f3n Europea y desarrollada por la Comisi\u00f3n Europea conforme al Reglamento (UE) 524\/2013.<\/p>\n<p>Puede visitar el siguiente enlace: <u><a href=\"https:\/\/ec.europa.eu\/consumers\/odr\/main\/index.cfm?event=main.home2.show&amp;lng=ES\" target=\"_blank\" rel=\"noopener\">https:\/\/ec.europa.eu\/consumers\/odr\/main\/index.cfm?event=main.home2.show&amp;lng=ES<\/a><\/u>[\/vc_column_text][vc_empty_space][\/vc_column][\/vc_row]<\/p>\n<\/div>","protected":false},"excerpt":{"rendered":"<p>[vc_row][vc_column][vc_empty_space height=\u00bb42px\u00bb][vc_column_text css=\u00bb\u00bb]La presente informaci\u00f3n, normas y condiciones (conjunto denominado como Aviso Legal) tienen por objeto regular, en lo que sea aplicable, el uso del\/de los sitio\/s web que Bonviure Trek, S.L.U., pone a disposici\u00f3n del p\u00fablico para as\u00ed cumplir con las obligaciones legales al respecto. El presente Aviso Legal fue modificado el 14\/05\/2024. &nbsp; &#8230;<\/p>\n<div class='heateor_sss_sharing_container heateor_sss_vertical_sharing heateor_sss_bottom_sharing' style='width:44px;left: -10px;top: 100px;-webkit-box-shadow:none;box-shadow:none;' data-heateor-sss-href='https:\/\/bonviure.com\/es\/wp-json\/wp\/v2\/pages\/22130'><div class=\"heateor_sss_sharing_ul\"><a aria-label=\"Facebook\" class=\"heateor_sss_facebook\" href=\"https:\/\/www.facebook.com\/Bonviure\/?locale=es_ES\" title=\"Facebook\" rel=\"nofollow noopener\" target=\"_blank\" style=\"font-size:32px!important;box-shadow:none;display:inline-block;vertical-align:middle\"><span class=\"heateor_sss_svg\" style=\"background-color:#0765FE;width:40px;height:40px;margin:0;display:inline-block;opacity:1;float:left;font-size:32px;box-shadow:none;display:inline-block;font-size:16px;padding:0 4px;vertical-align:middle;background-repeat:repeat;overflow:hidden;padding:0;cursor:pointer;box-sizing:content-box\"><svg style=\"display:block;\" focusable=\"false\" aria-hidden=\"true\" xmlns=\"http:\/\/www.w3.org\/2000\/svg\" width=\"100%\" height=\"100%\" viewBox=\"0 0 32 32\"><path fill=\"#fff\" d=\"M28 16c0-6.627-5.373-12-12-12S4 9.373 4 16c0 5.628 3.875 10.35 9.101 11.647v-7.98h-2.474V16H13.1v-1.58c0-4.085 1.849-5.978 5.859-5.978.76 0 2.072.15 2.608.298v3.325c-.283-.03-.775-.045-1.386-.045-1.967 0-2.728.745-2.728 2.683V16h3.92l-.673 3.667h-3.247v8.245C23.395 27.195 28 22.135 28 16Z\"><\/path><\/svg><\/span><\/a><a aria-label=\"Instagram\" class=\"heateor_sss_button_instagram\" href=\"https:\/\/www.instagram.com\/bonviuretrek\" title=\"Instagram\" rel=\"nofollow noopener\" target=\"_blank\" style=\"font-size:32px!important;box-shadow:none;display:inline-block;vertical-align:middle\"><span class=\"heateor_sss_svg\" style=\"background-color:#53beee;width:40px;height:40px;margin:0;display:inline-block;opacity:1;float:left;font-size:32px;box-shadow:none;display:inline-block;font-size:16px;padding:0 4px;vertical-align:middle;background-repeat:repeat;overflow:hidden;padding:0;cursor:pointer;box-sizing:content-box\"><svg style=\"display:block;\" version=\"1.1\" viewBox=\"-10 -10 148 148\" width=\"100%\" height=\"100%\" xml:space=\"preserve\" xmlns=\"http:\/\/www.w3.org\/2000\/svg\" xmlns:xlink=\"http:\/\/www.w3.org\/1999\/xlink\"><g><g><path d=\"M86,112H42c-14.336,0-26-11.663-26-26V42c0-14.337,11.664-26,26-26h44c14.337,0,26,11.663,26,26v44 C112,100.337,100.337,112,86,112z M42,24c-9.925,0-18,8.074-18,18v44c0,9.925,8.075,18,18,18h44c9.926,0,18-8.075,18-18V42 c0-9.926-8.074-18-18-18H42z\" fill=\"#fff\"><\/path><\/g><g><path d=\"M64,88c-13.234,0-24-10.767-24-24c0-13.234,10.766-24,24-24s24,10.766,24,24C88,77.233,77.234,88,64,88z M64,48c-8.822,0-16,7.178-16,16s7.178,16,16,16c8.822,0,16-7.178,16-16S72.822,48,64,48z\" fill=\"#fff\"><\/path><\/g><g><circle cx=\"89.5\" cy=\"38.5\" fill=\"#fff\" r=\"5.5\"><\/circle><\/g><\/g><\/svg><\/span><\/a><a class=\"heateor_sss_more\" aria-label=\"More\" title=\"More\" rel=\"nofollow noopener\" style=\"font-size: 32px!important;border:0;box-shadow:none;display:inline-block!important;font-size:16px;padding:0 4px;vertical-align: middle;display:inline;\" href=\"https:\/\/bonviure.com\/es\/wp-json\/wp\/v2\/pages\/22130\" onclick=\"event.preventDefault()\"><span class=\"heateor_sss_svg\" style=\"background-color:#ee8e2d;width:40px;height:40px;margin:0;display:inline-block!important;opacity:1;float:left;font-size:32px!important;box-shadow:none;display:inline-block;font-size:16px;padding:0 4px;vertical-align:middle;display:inline;background-repeat:repeat;overflow:hidden;padding:0;cursor:pointer;box-sizing:content-box;\" onclick=\"heateorSssMoreSharingPopup(this, 'https:\/\/bonviure.com\/es\/wp-json\/wp\/v2\/pages\/22130', 'Bonviure%20-%20Senderisme', '' )\"><svg xmlns=\"http:\/\/www.w3.org\/2000\/svg\" xmlns:xlink=\"http:\/\/www.w3.org\/1999\/xlink\" viewBox=\"-.3 0 32 32\" version=\"1.1\" width=\"100%\" height=\"100%\" style=\"display:block;\" xml:space=\"preserve\"><g><path fill=\"#fff\" d=\"M18 14V8h-4v6H8v4h6v6h4v-6h6v-4h-6z\" fill-rule=\"evenodd\"><\/path><\/g><\/svg><\/span><\/a><\/div><div class=\"heateorSssClear\"><\/div><\/div>","protected":false},"author":9,"featured_media":0,"parent":0,"menu_order":0,"comment_status":"closed","ping_status":"closed","template":"","meta":{"_acf_changed":false,"footnotes":""},"class_list":["post-22130","page","type-page","status-publish","hentry"],"acf":[],"publishpress_future_action":{"enabled":false,"date":"2026-05-01 10:32:04","action":"change-status","newStatus":"draft","terms":[],"taxonomy":"translation_priority","extraData":[]},"publishpress_future_workflow_manual_trigger":{"enabledWorkflows":[]},"_links":{"self":[{"href":"https:\/\/bonviure.com\/es\/wp-json\/wp\/v2\/pages\/22130","targetHints":{"allow":["GET"]}}],"collection":[{"href":"https:\/\/bonviure.com\/es\/wp-json\/wp\/v2\/pages"}],"about":[{"href":"https:\/\/bonviure.com\/es\/wp-json\/wp\/v2\/types\/page"}],"author":[{"embeddable":true,"href":"https:\/\/bonviure.com\/es\/wp-json\/wp\/v2\/users\/9"}],"replies":[{"embeddable":true,"href":"https:\/\/bonviure.com\/es\/wp-json\/wp\/v2\/comments?post=22130"}],"version-history":[{"count":0,"href":"https:\/\/bonviure.com\/es\/wp-json\/wp\/v2\/pages\/22130\/revisions"}],"wp:attachment":[{"href":"https:\/\/bonviure.com\/es\/wp-json\/wp\/v2\/media?parent=22130"}],"curies":[{"name":"wp","href":"https:\/\/api.w.org\/{rel}","templated":true}]}}