{"id":22169,"date":"2024-05-30T17:28:07","date_gmt":"2024-05-30T15:28:07","guid":{"rendered":"https:\/\/bonviure.com\/?page_id=22169"},"modified":"2024-05-30T17:28:38","modified_gmt":"2024-05-30T15:28:38","slug":"politica-de-cookies","status":"publish","type":"page","link":"https:\/\/bonviure.com\/es\/politica-de-cookies\/","title":{"rendered":"Pol\u00edtica de Cookies"},"content":{"rendered":"<div class=\"wpb-content-wrapper\"><p>[vc_row][vc_column][vc_empty_space height=\u00bb42px\u00bb][vc_column_text css=\u00bb\u00bb]La Declaraci\u00f3n de Cookies forma parte esencial de las normas y pol\u00edticas de privacidad del sitio web de Bonviure Trek, S.L.U., que en adelante llamaremos \u00abSitio Web\u00bb. Al acceder o navegar en el Sitio Web, o al utilizar sus servicios, usted est\u00e1 aceptando autom\u00e1ticamente los t\u00e9rminos y condiciones establecidos en nuestras reglas y pol\u00edticas legales.<\/p>\n<p>Para que tu experiencia de navegaci\u00f3n en nuestro Sitio Web sea m\u00e1s sencilla y efectiva, queremos informarle que Bonviure Trek, S.L.U., la entidad titular, con n\u00famero de identificaci\u00f3n fiscal B65158214 y sede en Passeig de la Pau, num. 24, pral 4a, 08600, BERGA, hace uso de cookies que almacenan y recuperan informaci\u00f3n de manera similar, que llamaremos \u00abcookies\u00bb en adelante.<\/p>\n<p>En esta l\u00ednea, y con la intenci\u00f3n de proporcionarle toda la informaci\u00f3n necesaria para que pueda navegar con confianza, ponemos a su disposici\u00f3n el siguiente resumen informativo que explica qu\u00e9 son las cookies, qu\u00e9 tipos de cookies empleamos en nuestro Sitio Web, y c\u00f3mo puede configurarlas o desactivarlas a su elecci\u00f3n.<\/p>\n<p>La presente pol\u00edtica de cookies fue modificada el 14\/05\/2024.<\/p>\n<hr \/>\n<p>&nbsp;<\/p>\n<h3>\u00bfQU\u00c9 ES UNA COOKIE?<\/h3>\n<p>Una cookie es un peque\u00f1o fragmento de datos, generalmente en forma de archivos de texto, que un sitio web solicita a su navegador para que se almacene en su dispositivo. Estas cookies sirven para recordar informaci\u00f3n sobre usted, como sus preferencias de idioma o detalles para iniciar sesi\u00f3n.<\/p>\n<p>Las cookies desempe\u00f1an un papel fundamental en el funcionamiento de internet al proporcionar soluciones t\u00e9cnicas que facilitan la navegaci\u00f3n del usuario en diversos sitios web. Es importante destacar que no causan da\u00f1o al equipo o dispositivo del usuario. Cuando est\u00e1n habilitadas en la configuraci\u00f3n del navegador, tambi\u00e9n contribuyen a identificar y solucionar posibles problemas de funcionamiento en el sitio web. Adem\u00e1s de su funci\u00f3n t\u00e9cnica, las cookies pueden tener aplicaciones en el \u00e1mbito publicitario y anal\u00edtico.<\/p>\n<hr \/>\n<p>&nbsp;<\/p>\n<h3>USO DE COOKIES POR PARTE DEL TITULAR DE LA P\u00c1GINA WEB<\/h3>\n<p>Bonviure Trek, S.L.U. emplea tanto cookies propias, que son creadas directamente por nuestro dominio, como cookies de terceros, que provienen de sitios web externos no afiliados a Bonviure Trek, S.L.U. y son propiedad de terceras empresas. Estas cookies se utilizan para los fines espec\u00edficos que se describen a continuaci\u00f3n. En caso de que en el futuro decidamos implementar otras cookies con el objetivo de mejorar nuestros servicios, informaremos a los usuarios al respecto en la presente pol\u00edtica, por lo que le aconsejamos visitar peri\u00f3dicamente esta p\u00e1gina de Pol\u00edticas de Cookies.<\/p>\n<h4>COOKIES ESTRICTAMENTE NECESARIAS<\/h4>\n<p>Se trata de aquellas cookies que permiten a los usuarios navegar por una p\u00e1gina web, plataforma o aplicaci\u00f3n y utilizar diversas opciones y servicios disponibles en ella. Por ejemplo, estas cookies facilitan el control del tr\u00e1fico y la transferencia de datos, identifican la sesi\u00f3n del usuario, proporcionan acceso a secciones de acceso restringido, recuerdan los elementos de un pedido, gestionan el proceso de compra, permiten la inscripci\u00f3n en eventos, garantizan la seguridad durante la navegaci\u00f3n, almacenan contenido multimedia como videos o sonidos, y posibilitan compartir contenido en redes sociales.<\/p>\n<p>Bonviure Trek, S.L.U. no requiere su consentimiento para instalar en su dispositivo las cookies necesarias que activan las funciones que usted utiliza. Su uso se justifica por la necesidad de brindar los servicios solicitados. Si decide desactivar o bloquear todas las cookies en su navegador, es posible que su experiencia de navegaci\u00f3n en el Sitio Web no sea \u00f3ptima y que algunas de las utilidades del Sitio Web no funcionen correctamente.<\/p>\n<h4>COOKIES DE FUNCIONALIDAD<\/h4>\n<p>Se refieren a aquellas cookies que permiten a los usuarios acceder al servicio con caracter\u00edsticas generales predefinidas, considerando las circunstancias de su dispositivo o elecciones previas. Esto incluye aspectos como el idioma seleccionado, el tipo de letra y la disposici\u00f3n de las im\u00e1genes seg\u00fan si se accede desde una computadora o un dispositivo m\u00f3vil, entre otros.<\/p>\n<p>Las cookies de preferencias se configuran autom\u00e1ticamente cuando visita el Sitio Web o realiza elecciones de personalizaci\u00f3n. Esto asegura que el contenido se adapte a sus necesidades espec\u00edficas. Para el uso de estas cookies, Bonviure Trek, S.L.U. no requiere su consentimiento, ya que la informaci\u00f3n que se recopila no tiene un impacto significativo en su privacidad y es esencial para que nuestros contenidos resulten atractivos, lo que se basa en nuestro inter\u00e9s leg\u00edtimo.<\/p>\n<h4>COOKIES DE RENDIMIENTO<\/h4>\n<p>Estas cookies recopilan datos sobre la forma en que los visitantes interact\u00faan con el sitio web, como las p\u00e1ginas m\u00e1s visitadas, la detecci\u00f3n de mensajes de error en las p\u00e1ginas web, las secciones a las que acceden y los botones que seleccionan. Es importante destacar que la informaci\u00f3n obtenida a trav\u00e9s de estas cookies no permite identificar a los visitantes; se mantiene an\u00f3nima al estar agregada. La finalidad de estas cookies es recopilar estad\u00edsticas e informes que sirven para mejorar el rendimiento del sitio web.<\/p>\n<p>Asimismo, le informamos que algunas de las cookies anal\u00edticas utilizadas las provee Google Analytics. Puede encontrar m\u00e1s informaci\u00f3n sobre las cookies de Google Analytics aqu\u00ed:<\/p>\n<ul>\n<li><a href=\"https:\/\/developers.google.com\/analytics\/resources\/concepts\/gaConceptsCookies\" target=\"_blank\" rel=\"noopener\">https:\/\/developers.google.com\/analytics\/resources\/concepts\/gaConceptsCookies<\/a><\/li>\n<\/ul>\n<p>Puede evitar la utilizaci\u00f3n de Google Analytics en relaci\u00f3n con su uso en el Sitio Web al descargar e instalar el complemento de navegador disponible a trav\u00e9s de este enlace:<\/p>\n<ul>\n<li><a href=\"http:\/\/tools.google.com\/dlpage\/gaoptout?hl=en-GB\" target=\"_blank\" rel=\"noopener\">http:\/\/tools.google.com\/dlpage\/gaoptout?hl=en-GB<\/a><\/li>\n<\/ul>\n<h4>COOKIES DIRIGIDAS<\/h4>\n<p>Estas cookies retienen datos sobre c\u00f3mo los usuarios se comportan en l\u00ednea, recopilados mediante la observaci\u00f3n constante de sus patrones de navegaci\u00f3n. Esto posibilita la creaci\u00f3n de perfiles detallados que se utilizan para personalizar la publicidad, ya sea en este Sitio Web o en otros sitios web de terceros.<\/p>\n<hr \/>\n<p>&nbsp;<\/p>\n<h3>LISTA DE COOKIES QUE UTILIZA EL SITIO WEB<\/h3>\n<p>El Sitio Web de Bonviure Trek, S.L.U., utiliza cookies para los siguientes prop\u00f3sitos:<\/p>\n<h4>COOKIES ESTRICTAMENTE NECESARIAS<\/h4>\n<p>Estas cookies son esenciales para el funcionamiento del sitio web y no pueden desactivarse en nuestros sistemas. Por lo general, se ajustan en respuesta a sus acciones con el fin de proporcionarle servicios, como personalizar sus preferencias de privacidad, iniciar sesi\u00f3n en el sitio o completar formularios. Aunque tiene la opci\u00f3n de configurar su navegador para bloquear o recibir alertas sobre estas cookies, es importante tener en cuenta que esto podr\u00eda afectar el rendimiento de ciertas partes del sitio web. Si desactiva o bloquea todas las cookies de su navegador, puede que su navegaci\u00f3n por el Sitio Web no sea \u00f3ptima y algunas de las utilidades de que dispone el Sitio Web no funcionen correctamente.<\/p>\n<p>Es importante destacar que estas cookies no almacenan ninguna informaci\u00f3n personal identificable.<\/p>\n<table width=\"623\">\n<tbody>\n<tr>\n<td width=\"167\"><strong>Nom<\/strong><\/td>\n<td width=\"152\"><strong>Tipus<\/strong><\/td>\n<td width=\"304\"><strong>Descripci\u00f3<\/strong><\/td>\n<\/tr>\n<tr>\n<td width=\"167\"><strong>cookieyes-consent<\/strong><\/td>\n<td width=\"152\">Propia<\/td>\n<td width=\"304\">CookieYes ha configurado esta cookie para recordar las preferencias de consentimiento de los usuarios y, de esta forma, respetar sus preferencias en las visitas posteriores a este sitio. No recopila ni guarda ninguna informaci\u00f3n personal sobre los visitantes de la web.<\/td>\n<\/tr>\n<tr>\n<td width=\"167\"><strong>_GRECAPTCHA<\/strong><\/td>\n<td width=\"152\">Terceros<\/td>\n<td>El servicio Recaptcha de Google ha configurado esta cookie para identificar robots y proteger el sitio web contra ataques de spam maliciosos.<\/td>\n<\/tr>\n<tr>\n<td width=\"167\"><strong>rc::a<\/strong><\/td>\n<td width=\"152\">Terceros<\/td>\n<td>Esta cookie la configura el servicio de recaptcha de Google para identificar robots para proteger el sitio web de ataques de spam maliciosos.<\/td>\n<\/tr>\n<tr>\n<td width=\"167\"><strong>rc::b<\/strong><\/td>\n<td width=\"152\">Terceros<\/td>\n<td>Esta cookie la configura el servicio de recaptcha de Google para identificar robots para proteger el sitio web de ataques de spam maliciosos.<\/td>\n<\/tr>\n<tr>\n<td width=\"167\"><strong>rc::c<\/strong><\/td>\n<td width=\"152\">Terceros<\/td>\n<td>Esta cookie la configura el servicio de recaptcha de Google para identificar robots para proteger el sitio web de ataques de spam maliciosos.<\/td>\n<\/tr>\n<tr>\n<td width=\"167\"><strong>rc::f<\/strong><\/td>\n<td width=\"152\">Terceros<\/td>\n<td>Esta cookie la configura el servicio de recaptcha de Google para identificar robots para proteger el sitio web de ataques de spam maliciosos.<\/td>\n<\/tr>\n<tr>\n<td width=\"167\"><strong>PHPSESSID<\/strong><\/td>\n<td width=\"152\">Propia<\/td>\n<td width=\"304\">Esta cookie es nativa de las aplicaciones PHP. Guarda e identifica el identificador de sesi\u00f3n \u00fanico de un usuario para gestionar las sesiones de usuario en el sitio web. Se trata de una cookie de sesi\u00f3n y se eliminar\u00e1 cuando se cierren todas las ventanas del navegador.<\/td>\n<\/tr>\n<tr>\n<td width=\"167\"><strong>wpEmojiSettingsSupports<\/strong><\/td>\n<td width=\"152\">Propia<\/td>\n<td width=\"304\">Propia WordPress establece esta cookie cuando un usuario interact\u00faa con emojis en un sitio de WordPress. Ayuda a determinar si el navegador del usuario puede mostrar los emojis correctamente..<\/td>\n<\/tr>\n<\/tbody>\n<\/table>\n<h4>COOKIES DE FUNCIONALIDAD<\/h4>\n<p>Estas cookies posibilitan una mayor funcionalidad y personalizaci\u00f3n del sitio. Pueden ser configuradas tanto por nosotros como por terceros cuyos servicios hemos incorporado a nuestras p\u00e1ginas. Si opta por no habilitar estas cookies, es posible que algunos de nuestros servicios no operen de manera \u00f3ptima.<\/p>\n<table width=\"623\">\n<tbody>\n<tr>\n<td width=\"167\"><strong>Nom<\/strong><\/td>\n<td width=\"152\"><strong>Tipus<\/strong><\/td>\n<td width=\"304\"><strong>Descripci\u00f3<\/strong><\/td>\n<\/tr>\n<tr>\n<td width=\"167\"><strong>collect_chat_page_load<\/strong><\/td>\n<td width=\"152\">Propia<\/td>\n<td width=\"304\">Esta cookie la configura el proveedor Collect.chat. Esta cookie se utiliza para optimizar la funcionalidad de la caja de chat mediante el reconocimiento del usuario.<\/td>\n<\/tr>\n<\/tbody>\n<\/table>\n<h4>COOKIES DE RENDIMIENTO<\/h4>\n<p>Estas cookies nos posibilitan rastrear las visitas y las fuentes de tr\u00e1fico, lo que nos permite evaluar y mejorar el rendimiento de nuestro sitio web. Nos brindan informaci\u00f3n sobre la popularidad relativa de las distintas p\u00e1ginas y el n\u00famero de personas que acceden al sitio. Es importante destacar que la informaci\u00f3n recopilada por estas cookies se agrupa y, por lo tanto, se mantiene an\u00f3nima. Si decide no permitir estas cookies, no podremos determinar cu\u00e1ndo visit\u00f3 nuestro sitio, lo que limitar\u00eda nuestra capacidad para analizar su uso.<\/p>\n<p>&nbsp;<\/p>\n<h4>COOKIES DIRIGIDAS<\/h4>\n<p>Estas cookies pueden estar presentes en todo el sitio web y son instaladas por nuestros colaboradores en publicidad. Estas empresas las utilizan para elaborar un perfil de sus intereses y presentar anuncios pertinentes en otros sitios. Es importante destacar que estas cookies no almacenan informaci\u00f3n personal directa, sino que se basan en la identificaci\u00f3n \u00fanica de su navegador y dispositivo de acceso a Internet. Si decide no permitir estas cookies, es probable que reciba menos anuncios personalizados.<\/p>\n<table width=\"623\">\n<tbody>\n<tr>\n<td width=\"167\"><strong>Nom<\/strong><\/td>\n<td width=\"152\"><strong>Tipus<\/strong><\/td>\n<td width=\"304\"><strong>Descripci\u00f3<\/strong><\/td>\n<\/tr>\n<tr>\n<td width=\"167\"><strong>_ga<\/strong><\/td>\n<td width=\"152\">Propia<\/td>\n<td width=\"304\">Google Analytics ha configurado esta cookie para calcular los datos de los visitantes, sesiones y campa\u00f1as y realizar un seguimiento del uso del sitio para el informe de an\u00e1lisis del sitio. La cookie guarda informaci\u00f3n de forma an\u00f3nima y asigna un n\u00famero generado aleatorio para reconocer a los visitantes \u00fanicos.<\/td>\n<\/tr>\n<tr>\n<td width=\"167\"><strong>_ga_*<\/strong><\/td>\n<td width=\"152\">Propia<\/td>\n<td width=\"304\">Google Analytics configura esta cookie para almacenar y contar las p\u00e1ginas vistas.<\/td>\n<\/tr>\n<tr>\n<td width=\"167\"><strong>_gid<\/strong><\/td>\n<td width=\"152\">Propia<\/td>\n<td width=\"304\">Google Analytics ha configurat aquesta galeta per desar informaci\u00f3 sobre com els visitants utilitzen un lloc web i, alhora, crear un informe anal\u00edtic del rendiment del lloc web. Entre les dades recollides hi ha el nombre de visitants, la seva proced\u00e8ncia i les p\u00e0gines que visiten de manera an\u00f2nima.<\/td>\n<\/tr>\n<\/tbody>\n<\/table>\n<hr \/>\n<p>&nbsp;<\/p>\n<h3>PLAZOS DE CONSERVACI\u00d3N<\/h3>\n<p>Las cookies empleadas por Bonviure Trek, S.L.U. permanecer\u00e1n en su dispositivo durante el per\u00edodo requerido para cumplir con su prop\u00f3sito original, sin exceder los 2 a\u00f1os. Sin embargo, siempre tiene la opci\u00f3n de eliminarlas utilizando las configuraciones de su navegador, como se detalla en la secci\u00f3n \u201cC\u00d3MO CONFIGURAR, RECHAZAR O BLOQUEAR COOKIES\u201d de esta pol\u00edtica.<\/p>\n<hr \/>\n<p>&nbsp;<\/p>\n<h3>TRANSFERENCIAS INTERNACIONALES<\/h3>\n<p>Ciertos datos personales recopilados mediante cookies de terceros pueden ser sujetos a transferencias internacionales. En estos casos, queremos asegurarle que se implementar\u00e1n las medidas de seguridad necesarias para preservar la confidencialidad, integridad y disponibilidad de dicha informaci\u00f3n. Para obtener detalles adicionales sobre las transferencias internacionales realizadas por cada tercero, le recomendamos consultar las pol\u00edticas de privacidad de los terceros a trav\u00e9s de los enlaces proporcionados en el panel de configuraci\u00f3n.<\/p>\n<hr \/>\n<p>&nbsp;<\/p>\n<h3>C\u00d3MO CONFIGURAR, RECHAZAR O BLOQUEAR COOKIES<\/h3>\n<p>Bonviure Trek, S.L.U. ha habilitado un panel de configuraci\u00f3n de las cookies utilizadas en el Sitio Web, al que puede acceder a trav\u00e9s del siguiente enlace. A trav\u00e9s de esta herramienta, el usuario tiene la opci\u00f3n de aceptar todas las cookies, rechazarlas todas (excepto las t\u00e9cnicas necesarias para el funcionamiento del sitio web) o configurarlas de forma gradual.<\/p>\n<p><button class=\"cky-banner-element\">Configuraci\u00f3n Cookies<\/button><\/p>\n<p>Tiene la opci\u00f3n de impedir el almacenamiento de cookies utilizando las opciones de configuraci\u00f3n de su navegador. Asimismo, puede ajustar su navegador para que le notifique cuando un servidor intente guardar una cookie.<\/p>\n<ul>\n<li>En Microsoft Internet Explorer, encontrar\u00e1 la opci\u00f3n en el men\u00fa Herramientas &gt; Opciones de Internet &gt; Privacidad &gt; Configuraci\u00f3n. Para saber m\u00e1s visite:\n<ul>\n<li><a href=\"http:\/\/windows.microsoft.com\/es-es\/windows-vista\/block-or-allow-Cookies\" target=\"_blank\" rel=\"noopener\">http:\/\/windows.microsoft.com\/es-es\/windows-vista\/block-or-allow-Cookies<\/a><\/li>\n<li><a href=\"http:\/\/windows.microsoft.com\/es-es\/windows7\/how-to-manage-Cookies-in-internet-explorer-9\" target=\"_blank\" rel=\"noopener\">http:\/\/windows.microsoft.com\/es-es\/windows7\/how-to-manage-Cookies-in-internet-explorer-9<\/a><\/li>\n<\/ul>\n<\/li>\n<li>En Firefox, encontrar\u00e1 la opci\u00f3n en el men\u00fa Herramientas &gt; Opciones &gt; Privacidad &gt; Cookies. Para saber m\u00e1s visite:\n<ul>\n<li><a href=\"https:\/\/support.mozilla.org\/es\/kb\/habilitar-y-deshabilitar-cookies-sitios-web-rastrear-preferencias\" target=\"_blank\" rel=\"noopener\">https:\/\/support.mozilla.org\/es\/kb\/habilitar-y-deshabilitar-cookies-sitios-web-rastrear-preferencias<\/a><\/li>\n<\/ul>\n<\/li>\n<li>En Chrome, en la secci\u00f3n de Opciones &gt; Opciones avanzadas &gt; Privacidad. Para saber m\u00e1s:\n<ul>\n<li><a href=\"https:\/\/support.google.com\/accounts\/answer\/61416?hl=es\" target=\"_blank\" rel=\"noopener\">https:\/\/support.google.com\/accounts\/answer\/61416?hl=es<\/a><\/li>\n<\/ul>\n<\/li>\n<li>En Opera, en la opci\u00f3n de Seguridad y Privacidad, podr\u00e1 configurar el navegador. Para saber m\u00e1s visite:\n<ul>\n<li><a href=\"http:\/\/help.opera.com\/Windows\/11.50\/es-ES\/cookies.html\" target=\"_blank\" rel=\"noopener\">http:\/\/help.opera.com\/Windows\/11.50\/es-ES\/cookies.html<\/a><\/li>\n<\/ul>\n<\/li>\n<li>En Safari encontrar\u00e1 la opci\u00f3n en el men\u00fa Preferencias\/Privacidad. Para saber m\u00e1s visite:\n<ul>\n<li><a href=\"http:\/\/support.apple.com\/kb\/HT1677?viewlocale=es_ES\" target=\"_blank\" rel=\"noopener\">http:\/\/support.apple.com\/kb\/HT1677?viewlocale=es_ES<\/a><\/li>\n<\/ul>\n<\/li>\n<\/ul>\n<hr \/>\n<p>&nbsp;<\/p>\n<h3>DERECHOS DE LOS USUARIOS<\/h3>\n<p>Consulte nuestra Pol\u00edtica de Privacidad para obtener m\u00e1s informaci\u00f3n sobre como Bonviure Trek, S.L.U. realiza el tratamiento de sus dados.<br \/>\n<a href=\"https:\/\/bonviure.com\/es\/aviso-legal\/\">Aviso legal<\/a>.[\/vc_column_text][vc_empty_space][\/vc_column][\/vc_row]<\/p>\n<\/div>","protected":false},"excerpt":{"rendered":"<p>[vc_row][vc_column][vc_empty_space height=\u00bb42px\u00bb][vc_column_text css=\u00bb\u00bb]La Declaraci\u00f3n de Cookies forma parte esencial de las normas y pol\u00edticas de privacidad del sitio web de Bonviure Trek, S.L.U., que en adelante llamaremos \u00abSitio Web\u00bb. Al acceder o navegar en el Sitio Web, o al utilizar sus servicios, usted est\u00e1 aceptando autom\u00e1ticamente los t\u00e9rminos y condiciones establecidos en nuestras reglas y &#8230;<\/p>\n<div class='heateor_sss_sharing_container heateor_sss_vertical_sharing heateor_sss_bottom_sharing' style='width:44px;left: -10px;top: 100px;-webkit-box-shadow:none;box-shadow:none;' data-heateor-sss-href='https:\/\/bonviure.com\/es\/wp-json\/wp\/v2\/pages\/22169'><div class=\"heateor_sss_sharing_ul\"><a aria-label=\"Facebook\" class=\"heateor_sss_facebook\" href=\"https:\/\/www.facebook.com\/Bonviure\/?locale=es_ES\" title=\"Facebook\" rel=\"nofollow noopener\" target=\"_blank\" style=\"font-size:32px!important;box-shadow:none;display:inline-block;vertical-align:middle\"><span class=\"heateor_sss_svg\" style=\"background-color:#0765FE;width:40px;height:40px;margin:0;display:inline-block;opacity:1;float:left;font-size:32px;box-shadow:none;display:inline-block;font-size:16px;padding:0 4px;vertical-align:middle;background-repeat:repeat;overflow:hidden;padding:0;cursor:pointer;box-sizing:content-box\"><svg style=\"display:block;\" focusable=\"false\" aria-hidden=\"true\" xmlns=\"http:\/\/www.w3.org\/2000\/svg\" width=\"100%\" height=\"100%\" viewBox=\"0 0 32 32\"><path fill=\"#fff\" d=\"M28 16c0-6.627-5.373-12-12-12S4 9.373 4 16c0 5.628 3.875 10.35 9.101 11.647v-7.98h-2.474V16H13.1v-1.58c0-4.085 1.849-5.978 5.859-5.978.76 0 2.072.15 2.608.298v3.325c-.283-.03-.775-.045-1.386-.045-1.967 0-2.728.745-2.728 2.683V16h3.92l-.673 3.667h-3.247v8.245C23.395 27.195 28 22.135 28 16Z\"><\/path><\/svg><\/span><\/a><a aria-label=\"Instagram\" class=\"heateor_sss_button_instagram\" href=\"https:\/\/www.instagram.com\/bonviuretrek\" title=\"Instagram\" rel=\"nofollow noopener\" target=\"_blank\" style=\"font-size:32px!important;box-shadow:none;display:inline-block;vertical-align:middle\"><span class=\"heateor_sss_svg\" style=\"background-color:#53beee;width:40px;height:40px;margin:0;display:inline-block;opacity:1;float:left;font-size:32px;box-shadow:none;display:inline-block;font-size:16px;padding:0 4px;vertical-align:middle;background-repeat:repeat;overflow:hidden;padding:0;cursor:pointer;box-sizing:content-box\"><svg style=\"display:block;\" version=\"1.1\" viewBox=\"-10 -10 148 148\" width=\"100%\" height=\"100%\" xml:space=\"preserve\" xmlns=\"http:\/\/www.w3.org\/2000\/svg\" xmlns:xlink=\"http:\/\/www.w3.org\/1999\/xlink\"><g><g><path d=\"M86,112H42c-14.336,0-26-11.663-26-26V42c0-14.337,11.664-26,26-26h44c14.337,0,26,11.663,26,26v44 C112,100.337,100.337,112,86,112z M42,24c-9.925,0-18,8.074-18,18v44c0,9.925,8.075,18,18,18h44c9.926,0,18-8.075,18-18V42 c0-9.926-8.074-18-18-18H42z\" fill=\"#fff\"><\/path><\/g><g><path d=\"M64,88c-13.234,0-24-10.767-24-24c0-13.234,10.766-24,24-24s24,10.766,24,24C88,77.233,77.234,88,64,88z M64,48c-8.822,0-16,7.178-16,16s7.178,16,16,16c8.822,0,16-7.178,16-16S72.822,48,64,48z\" fill=\"#fff\"><\/path><\/g><g><circle cx=\"89.5\" cy=\"38.5\" fill=\"#fff\" r=\"5.5\"><\/circle><\/g><\/g><\/svg><\/span><\/a><a class=\"heateor_sss_more\" aria-label=\"More\" title=\"More\" rel=\"nofollow noopener\" style=\"font-size: 32px!important;border:0;box-shadow:none;display:inline-block!important;font-size:16px;padding:0 4px;vertical-align: middle;display:inline;\" href=\"https:\/\/bonviure.com\/es\/wp-json\/wp\/v2\/pages\/22169\" onclick=\"event.preventDefault()\"><span class=\"heateor_sss_svg\" style=\"background-color:#ee8e2d;width:40px;height:40px;margin:0;display:inline-block!important;opacity:1;float:left;font-size:32px!important;box-shadow:none;display:inline-block;font-size:16px;padding:0 4px;vertical-align:middle;display:inline;background-repeat:repeat;overflow:hidden;padding:0;cursor:pointer;box-sizing:content-box;\" onclick=\"heateorSssMoreSharingPopup(this, 'https:\/\/bonviure.com\/es\/wp-json\/wp\/v2\/pages\/22169', 'Bonviure%20-%20Senderisme', '' )\"><svg xmlns=\"http:\/\/www.w3.org\/2000\/svg\" xmlns:xlink=\"http:\/\/www.w3.org\/1999\/xlink\" viewBox=\"-.3 0 32 32\" version=\"1.1\" width=\"100%\" height=\"100%\" style=\"display:block;\" xml:space=\"preserve\"><g><path fill=\"#fff\" d=\"M18 14V8h-4v6H8v4h6v6h4v-6h6v-4h-6z\" fill-rule=\"evenodd\"><\/path><\/g><\/svg><\/span><\/a><\/div><div class=\"heateorSssClear\"><\/div><\/div>","protected":false},"author":9,"featured_media":0,"parent":0,"menu_order":0,"comment_status":"closed","ping_status":"closed","template":"","meta":{"_acf_changed":false,"footnotes":""},"class_list":["post-22169","page","type-page","status-publish","hentry"],"acf":[],"publishpress_future_action":{"enabled":false,"date":"2026-04-29 05:10:21","action":"change-status","newStatus":"draft","terms":[],"taxonomy":"translation_priority","extraData":[]},"publishpress_future_workflow_manual_trigger":{"enabledWorkflows":[]},"_links":{"self":[{"href":"https:\/\/bonviure.com\/es\/wp-json\/wp\/v2\/pages\/22169","targetHints":{"allow":["GET"]}}],"collection":[{"href":"https:\/\/bonviure.com\/es\/wp-json\/wp\/v2\/pages"}],"about":[{"href":"https:\/\/bonviure.com\/es\/wp-json\/wp\/v2\/types\/page"}],"author":[{"embeddable":true,"href":"https:\/\/bonviure.com\/es\/wp-json\/wp\/v2\/users\/9"}],"replies":[{"embeddable":true,"href":"https:\/\/bonviure.com\/es\/wp-json\/wp\/v2\/comments?post=22169"}],"version-history":[{"count":0,"href":"https:\/\/bonviure.com\/es\/wp-json\/wp\/v2\/pages\/22169\/revisions"}],"wp:attachment":[{"href":"https:\/\/bonviure.com\/es\/wp-json\/wp\/v2\/media?parent=22169"}],"curies":[{"name":"wp","href":"https:\/\/api.w.org\/{rel}","templated":true}]}}