{"id":7906,"date":"2017-03-28T16:08:38","date_gmt":"2017-03-28T15:08:38","guid":{"rendered":"https:\/\/bonviure.com\/raco-del-bonvivant\/"},"modified":"2021-01-29T19:37:38","modified_gmt":"2021-01-29T18:37:38","slug":"raco-del-bonvivant","status":"publish","type":"page","link":"https:\/\/bonviure.com\/es\/raco-del-bonvivant\/","title":{"rendered":"Rinc\u00f3n del bonvivant"},"content":{"rendered":"<div class=\"wpb-content-wrapper\"><p>[vc_row][vc_column][vc_empty_space][vc_row_inner][vc_column_inner width=\u00bb2\/3&#8243;][vc_empty_space][vc_empty_space]<h3 style=\"color:;\" class=\"  left\">BONIFICACIONES<\/h3>[vc_empty_space height=\u00bb10px\u00bb][vc_column_text]<\/p>\n<div class=\"vc_row wpb_row vc_row-fluid\">\n<div class=\"wpb_column vc_column_container vc_col-sm-12\">\n<div class=\"vc_column-inner \">\n<div class=\"wpb_wrapper\">\n<div class=\"wpb_text_column wpb_content_element \">\n<div class=\"wpb_wrapper\">\n<p>Sois numerosos los \u00abfieles\u00bb a Bonviure, confi\u00e1ndonos el guiaje de vuestro tiempo libre, y nos sentimos agradecidos, al tiempo que espoleados, a ofrecerte un trato preferente.<\/p>\n<\/div>\n<\/div>\n<\/div>\n<\/div>\n<\/div>\n<\/div>\n<p>[\/vc_column_text][\/vc_column_inner][vc_column_inner width=\u00bb1\/3&#8243;][vc_single_image image=\u00bb2420&#8243; img_size=\u00bbfull\u00bb alignment=\u00bbcenter\u00bb css_animation=\u00bbfadeIn\u00bb][\/vc_column_inner][\/vc_row_inner][\/vc_column][\/vc_row][vc_row][vc_column]<h3 style=\"color:;\" class=\"  left\">DESCUENTOS PARA VIAJEROS HABITUALES<\/h3>[vc_empty_space height=\u00bb15px\u00bb][vc_column_text]Cuando hagas 5 viajes a lo largo de un a\u00f1o (contando de enero a diciembre) tendr\u00e1s un descuento en el 5\u00ba viaje:[\/vc_column_text][vc_empty_space height=\u00bb20px\u00bb][vc_tta_tour style=\u00bbmodern\u00bb shape=\u00bbsquare\u00bb active_section=\u00bb1&#8243; el_class=\u00bbtour_2&#8243;][vc_tta_section title=\u00bb5 % en los viajes con vuelos\u00bb tab_id=\u00bb1473412417107-346a5e57-3b89&#8243;][vc_column_text][\/vc_column_text][\/vc_tta_section][vc_tta_section title=\u00bb10% en los viajes sin vuelos\u00bb tab_id=\u00bb1473412417254-32aae2cf-09b3&#8243;][vc_column_text]Si has acumulado un montante de <u>5000 \u20ac o superior<\/u> a esta cantidad y no has superado los 4 viajes por a\u00f1o natural tienes una bonificaci\u00f3n de 100 \u20ac para el siguiente viaje. (Empezamos a contar a partir del 1 de enero del a\u00f1o 2010 -).[\/vc_column_text][\/vc_tta_section][\/vc_tta_tour][vc_empty_space height=\u00bb20px\u00bb][vc_column_text]Solo para viajes de al menos dos noches de duraci\u00f3n.<\/p>\n<p>No se incluyen en esta reducci\u00f3n los viajes a medida.<\/p>\n<p>No se tendr\u00e1n en cuenta los viajes sobre los que ya se ha aplicado cualquier otra promoci\u00f3n, excepto las de venta antcipada (que s\u00ed se cuentan).[\/vc_column_text][\/vc_column][\/vc_row][vc_row][vc_column][vc_empty_space height=\u00bb50px\u00bb]<h3 style=\"color:;\" class=\"  left\">APADRINAMIENTO<\/h3>[vc_empty_space height=\u00bb10px\u00bb][vc_column_text]<\/p>\n<div class=\"vc_row wpb_row vc_row-fluid\">\n<div class=\"wpb_column vc_column_container vc_col-sm-12\">\n<div class=\"vc_column-inner \">\n<div class=\"wpb_wrapper\">\n<div class=\"wpb_text_column wpb_content_element \">\n<div class=\"wpb_wrapper\">\n<p>La mayor\u00eda de vosotros nos hab\u00e9is conocido por el \u201cboca-oreja\u201d (7 de cada 10!), as\u00ed que queremos agradecer a todos los participantes que tienen la simpat\u00eda de hablar tan bien de Bonviure y de enviarnos a sus amigos y conocidos.<\/p>\n<p>Tendr\u00e1s un descuento de 10 \u20ac en tu pr\u00f3ximo viaje por cada persona que se apunte por primera vez (y realice el viaje) y que nos diga que viene de tu parte.<\/p>\n<p>Fijamos un l\u00edmite de 30\u20ac de descuento por apadrinamientos en cada viaje que hagas.<\/p>\n<p>Si te apuntas con un\/a amigo\/a en un mismo viaje tambi\u00e9n tendr\u00e1s derecho al descuento!<\/p>\n<\/div>\n<\/div>\n<\/div>\n<\/div>\n<\/div>\n<\/div>\n<p>[\/vc_column_text][\/vc_column][\/vc_row][vc_row disable_element=\u00bbyes\u00bb][vc_column width=\u00bb1\/3&#8243;][vc_empty_space]<h3 style=\"color:;\" class=\"  left\">LA CAMISETA<\/h3>[vc_empty_space height=\u00bb10px\u00bb]\n\n\n      <!--start image-->\n        <div class=\"nicdark_focus nicdark_border_grey nicdark_sizing nicdark_relative nicdark_fadeinout nicdark_overflow\">    \n\n            <img decoding=\"async\" alt=\"\" class=\"nicdark_focus nicdark_zoom_image\" src=\"https:\/\/bonviure.com\/wp-content\/uploads\/2017\/03\/IMG00009-20100616-0205-1024x768.jpg\">\n            \n            <!--start content-->\n            <div class=\"nicdark_fadeout nicdark_filter nicdark_absolute nicdark_height100percentage nicdark_width_percentage100\">\n                <div class=\"nicdark_absolute nicdark_display_table nicdark_width_percentage100\">\n                    <div class=\"nicdark_cell nicdark_vertical_middle\">\n                        <a class=\"nicdark_btn nicdark_bg_white grey medium\">NUESTRA CAMISETA<\/a>\n                    <\/div>   \n                <\/div>   \n            <\/div>\n            <!--end content-->\n\n\n            <!--start content-->\n            <div class=\"nicdark_fadein nicdark_filter greydark nicdark_absolute nicdark_height100percentage nicdark_width_percentage100\">\n                <div class=\"nicdark_absolute nicdark_display_table nicdark_height100percentage nicdark_width_percentage100\">\n                    <div class=\"nicdark_cell nicdark_vertical_middle\">\n                        <p class=\"white\">\u00a1ya puedes conseguirla!<\/p>\n                        <div class=\"nicdark_space20\"><\/div>\n                        <a target=\"\" href=\"\" class=\"white nicdark_btn nicdark_border_white medium\"><\/a>\n                    <\/div>   \n                <\/div>   \n            <\/div>\n            <!--end content-->\n\n        <\/div>\n        <!--end image-->\n\n\n   [\/vc_column][vc_column width=\u00bb2\/3&#8243;][vc_empty_space height=\u00bb102px\u00bb][vc_column_text]Te gusta? Pues es tuya ! Cuando realices 5 viajes en el transcuros de un a\u00f1o natural con Bonviure.[\/vc_column_text][\/vc_column][\/vc_row][vc_row][vc_column][vc_empty_space height=\u00bb82px\u00bb][\/vc_column][\/vc_row]<\/p>\n<\/div>","protected":false},"excerpt":{"rendered":"<p>[vc_row][vc_column][vc_empty_space][vc_row_inner][vc_column_inner width=\u00bb2\/3&#8243;][vc_empty_space][vc_empty_space][vc_empty_space height=\u00bb10px\u00bb][vc_column_text] Sois numerosos los \u00abfieles\u00bb a Bonviure, confi\u00e1ndonos el guiaje de vuestro tiempo libre, y nos sentimos agradecidos, al tiempo que espoleados, a ofrecerte un trato preferente. [\/vc_column_text][\/vc_column_inner][vc_column_inner width=\u00bb1\/3&#8243;][vc_single_image image=\u00bb2420&#8243; img_size=\u00bbfull\u00bb alignment=\u00bbcenter\u00bb css_animation=\u00bbfadeIn\u00bb][\/vc_column_inner][\/vc_row_inner][\/vc_column][\/vc_row][vc_row][vc_column][vc_empty_space height=\u00bb15px\u00bb][vc_column_text]Cuando hagas 5 viajes a lo largo de un a\u00f1o (contando de enero a diciembre) tendr\u00e1s un descuento en el &#8230;<\/p>\n<div class='heateor_sss_sharing_container heateor_sss_vertical_sharing heateor_sss_bottom_sharing' style='width:44px;left: -10px;top: 100px;-webkit-box-shadow:none;box-shadow:none;' data-heateor-sss-href='https:\/\/bonviure.com\/es\/wp-json\/wp\/v2\/pages\/7906'><div class=\"heateor_sss_sharing_ul\"><a aria-label=\"Facebook\" class=\"heateor_sss_facebook\" href=\"https:\/\/www.facebook.com\/Bonviure\/?locale=es_ES\" title=\"Facebook\" rel=\"nofollow noopener\" target=\"_blank\" style=\"font-size:32px!important;box-shadow:none;display:inline-block;vertical-align:middle\"><span class=\"heateor_sss_svg\" style=\"background-color:#0765FE;width:40px;height:40px;margin:0;display:inline-block;opacity:1;float:left;font-size:32px;box-shadow:none;display:inline-block;font-size:16px;padding:0 4px;vertical-align:middle;background-repeat:repeat;overflow:hidden;padding:0;cursor:pointer;box-sizing:content-box\"><svg style=\"display:block;\" focusable=\"false\" aria-hidden=\"true\" xmlns=\"http:\/\/www.w3.org\/2000\/svg\" width=\"100%\" height=\"100%\" viewBox=\"0 0 32 32\"><path fill=\"#fff\" d=\"M28 16c0-6.627-5.373-12-12-12S4 9.373 4 16c0 5.628 3.875 10.35 9.101 11.647v-7.98h-2.474V16H13.1v-1.58c0-4.085 1.849-5.978 5.859-5.978.76 0 2.072.15 2.608.298v3.325c-.283-.03-.775-.045-1.386-.045-1.967 0-2.728.745-2.728 2.683V16h3.92l-.673 3.667h-3.247v8.245C23.395 27.195 28 22.135 28 16Z\"><\/path><\/svg><\/span><\/a><a aria-label=\"Instagram\" class=\"heateor_sss_button_instagram\" href=\"https:\/\/www.instagram.com\/bonviuretrek\" title=\"Instagram\" rel=\"nofollow noopener\" target=\"_blank\" style=\"font-size:32px!important;box-shadow:none;display:inline-block;vertical-align:middle\"><span class=\"heateor_sss_svg\" style=\"background-color:#53beee;width:40px;height:40px;margin:0;display:inline-block;opacity:1;float:left;font-size:32px;box-shadow:none;display:inline-block;font-size:16px;padding:0 4px;vertical-align:middle;background-repeat:repeat;overflow:hidden;padding:0;cursor:pointer;box-sizing:content-box\"><svg style=\"display:block;\" version=\"1.1\" viewBox=\"-10 -10 148 148\" width=\"100%\" height=\"100%\" xml:space=\"preserve\" xmlns=\"http:\/\/www.w3.org\/2000\/svg\" xmlns:xlink=\"http:\/\/www.w3.org\/1999\/xlink\"><g><g><path d=\"M86,112H42c-14.336,0-26-11.663-26-26V42c0-14.337,11.664-26,26-26h44c14.337,0,26,11.663,26,26v44 C112,100.337,100.337,112,86,112z M42,24c-9.925,0-18,8.074-18,18v44c0,9.925,8.075,18,18,18h44c9.926,0,18-8.075,18-18V42 c0-9.926-8.074-18-18-18H42z\" fill=\"#fff\"><\/path><\/g><g><path d=\"M64,88c-13.234,0-24-10.767-24-24c0-13.234,10.766-24,24-24s24,10.766,24,24C88,77.233,77.234,88,64,88z M64,48c-8.822,0-16,7.178-16,16s7.178,16,16,16c8.822,0,16-7.178,16-16S72.822,48,64,48z\" fill=\"#fff\"><\/path><\/g><g><circle cx=\"89.5\" cy=\"38.5\" fill=\"#fff\" r=\"5.5\"><\/circle><\/g><\/g><\/svg><\/span><\/a><a class=\"heateor_sss_more\" aria-label=\"More\" title=\"More\" rel=\"nofollow noopener\" style=\"font-size: 32px!important;border:0;box-shadow:none;display:inline-block!important;font-size:16px;padding:0 4px;vertical-align: middle;display:inline;\" href=\"https:\/\/bonviure.com\/es\/wp-json\/wp\/v2\/pages\/7906\" onclick=\"event.preventDefault()\"><span class=\"heateor_sss_svg\" style=\"background-color:#ee8e2d;width:40px;height:40px;margin:0;display:inline-block!important;opacity:1;float:left;font-size:32px!important;box-shadow:none;display:inline-block;font-size:16px;padding:0 4px;vertical-align:middle;display:inline;background-repeat:repeat;overflow:hidden;padding:0;cursor:pointer;box-sizing:content-box;\" onclick=\"heateorSssMoreSharingPopup(this, 'https:\/\/bonviure.com\/es\/wp-json\/wp\/v2\/pages\/7906', 'Bonviure%20-%20Senderisme', '' )\"><svg xmlns=\"http:\/\/www.w3.org\/2000\/svg\" xmlns:xlink=\"http:\/\/www.w3.org\/1999\/xlink\" viewBox=\"-.3 0 32 32\" version=\"1.1\" width=\"100%\" height=\"100%\" style=\"display:block;\" xml:space=\"preserve\"><g><path fill=\"#fff\" d=\"M18 14V8h-4v6H8v4h6v6h4v-6h6v-4h-6z\" fill-rule=\"evenodd\"><\/path><\/g><\/svg><\/span><\/a><\/div><div class=\"heateorSssClear\"><\/div><\/div>","protected":false},"author":7,"featured_media":0,"parent":0,"menu_order":0,"comment_status":"closed","ping_status":"closed","template":"","meta":{"_acf_changed":false,"footnotes":""},"class_list":["post-7906","page","type-page","status-publish","hentry"],"acf":[],"publishpress_future_action":{"enabled":false,"date":"2026-04-29 03:10:36","action":"change-status","newStatus":"draft","terms":[],"taxonomy":"translation_priority","extraData":[]},"publishpress_future_workflow_manual_trigger":{"enabledWorkflows":[]},"_links":{"self":[{"href":"https:\/\/bonviure.com\/es\/wp-json\/wp\/v2\/pages\/7906","targetHints":{"allow":["GET"]}}],"collection":[{"href":"https:\/\/bonviure.com\/es\/wp-json\/wp\/v2\/pages"}],"about":[{"href":"https:\/\/bonviure.com\/es\/wp-json\/wp\/v2\/types\/page"}],"author":[{"embeddable":true,"href":"https:\/\/bonviure.com\/es\/wp-json\/wp\/v2\/users\/7"}],"replies":[{"embeddable":true,"href":"https:\/\/bonviure.com\/es\/wp-json\/wp\/v2\/comments?post=7906"}],"version-history":[{"count":0,"href":"https:\/\/bonviure.com\/es\/wp-json\/wp\/v2\/pages\/7906\/revisions"}],"wp:attachment":[{"href":"https:\/\/bonviure.com\/es\/wp-json\/wp\/v2\/media?parent=7906"}],"curies":[{"name":"wp","href":"https:\/\/api.w.org\/{rel}","templated":true}]}}