{"id":7924,"date":"2018-05-08T10:46:00","date_gmt":"2018-05-08T08:46:00","guid":{"rendered":"https:\/\/bonviure.com\/qui-som\/"},"modified":"2026-01-22T09:37:43","modified_gmt":"2026-01-22T08:37:43","slug":"quienes-somos-2","status":"publish","type":"page","link":"https:\/\/bonviure.com\/es\/quienes-somos-2\/","title":{"rendered":"Qui\u00e9nes Somos"},"content":{"rendered":"<div class=\"wpb-content-wrapper\"><p>[vc_row css=\u00bb.vc_custom_1506940171612{margin-bottom: 30px !important;}\u00bb idsection=\u00bbclass-row-teachers\u00bb][vc_column][vc_empty_space]<h1 style=\"color:#464e05;\" class=\"  center\">BIENVENIDOS A BONVIURE<\/h1>[vc_empty_space][\/vc_column][\/vc_row][vc_row css=\u00bb.vc_custom_1519233603713{margin-bottom: 30px !important;}\u00bb idsection=\u00bbclass-row-teachers\u00bb][vc_column][vc_column_text css_animation=\u00bbappear\u00bb el_class=\u00bbjustify\u00bb el_id=\u00bbintro_quisom\u00bb]Bonviure es una agencia de viajes con m\u00e1s de 25 a\u00f1os de experiencia, especializada en senderismo en el territorio espa\u00f1ol, Europa, norte de \u00c1frica, Sudam\u00e9rica y Asia, con profesionales del arte de guiar en la monta\u00f1a y la naturaleza, profesores de geograf\u00eda, historia y biolog\u00eda, gu\u00edas acompa\u00f1antes de monta\u00f1a titulados, instructores de excursionismo y alpinismo, monitores de esqu\u00ed y snowboard, instructores de marcha n\u00f3rdica, animadores de tiempo libre, educadores en expresi\u00f3n corporal y, sobretodo, unos APASIONADOS de la monta\u00f1a, la naturaleza y las relaciones humanas, que han hecho de su vocaci\u00f3n una manera de vivir.<\/p>\n<p>Bonviure tiene una idea fija en cada viaje, sea de 1, 2, 3, 7, 15 o 25 d\u00edas, y es la de ense\u00f1ar, caminando, el mejor paisaje; la de conocer y compartir con la gente del lugar la mejor de las charlas y experiencias; la de crear grupos con el mejor de los ambientes, disfrutando con los cinco sentidos de cada momento del viaje; la de buscar en los destinos una buena acogida; la de descubrir la gastronom\u00eda, hacer nuestras t\u00edpicas degustaciones de los productos locales, que son la delicia de nuestros paladares; nos gusta sentir de cerca la naturaleza, el mar y la monta\u00f1a&#8230; \u201cbon viure\u201d (vivir bien)&#8230; resumiendo&#8230;\u00a0\u00a0<strong>HACEMOS BONVIURE!!<\/strong><\/p>\n<p>Solo\/a, acompa\u00f1ado\/a o en grupo, en Bonviure encontrar\u00e1s a personas como t\u00fa, con gente de diferentes edades entre 25 i&#8230; a\u00f1os, amantes de la naturaleza, el senderismo y respetuosos con las diversidades personales y, sobretodo, con ganas de pasarlo bien, conocer gente nueva y un \u00fanico objetivo&#8230;. <strong>HACER BONVIURE!!!<\/strong>[\/vc_column_text][\/vc_column][\/vc_row][vc_row css=\u00bb.vc_custom_1422890679385{margin-top: 60px !important;margin-bottom: 30px !important;}\u00bb idsection=\u00bbclass-row-teachers\u00bb][vc_column]<h2 style=\"color:#464e05;\" class=\"  center\">Nuestro equipo<\/h2>[vc_empty_space height=\u00bb30px\u00bb]<div class=\"nicdark_divider  center big \"><span style=\"background-color:#f1f1f1;\" ><\/span><\/div>[vc_empty_space height=\u00bb20px\u00bb][\/vc_column][\/vc_row][vc_row el_id=\u00bbnostre_equip\u00bb][vc_column][vc_row_inner][vc_column_inner width=\u00bb1\/4&#8243;]\n\n\n  <div class=\"nicdark_archive1 nicdark_border_grey  center\">\n\n      <div class=\"nicdark_textevidence nicdark_bg_greydark \">\n          <h4 class=\"white nicdark_margin20\">RAMON MART\u00cd FARGUELL<\/h4>\n      <\/div>\n\n      <img decoding=\"async\" class=\"nicdark_opacity\" alt=\"\" src=\"https:\/\/bonviure.com\/wp-content\/uploads\/2018\/02\/ramon_nova.jpg\">\n\n       <div class=\"nicdark_textevidence nicdark_bg_\">\n          <h5 class=\"white nicdark_margin20\">Director<\/h5>\n          <i class=\" nicdark_iconbg right medium \"><\/i>\n      <\/div>\n      \n      <div class=\"nicdark_textevidence\">\n          <div class=\"nicdark_margin20\">\n              <p><\/p>\n\n               <div class=\"nicdark_space20 nicdark_displaynone_ipadpotr\"><\/div> <a target=\"_blank\" title=\"Veure&#039;n m\u00e9s\" href=\"http:\/\/indianwebs.co\/bonviure\/quisom\/\" class=\"nicdark_displaynone_ipadpotr nicdark_btn_icon nicdark_tooltip nicdark_bg_ medium   white nicdark_margin010\" rel=\"noopener\"><i class=\"icon-doc-add nicdark_rotate\"><\/i><\/a>   \n\n          <\/div>\n      <\/div>\n\n  <\/div>\n\n   [vc_single_image image=\u00bb5396&#8243; img_size=\u00bbfull\u00bb alignment=\u00bbcenter\u00bb onclick=\u00bbcustom_link\u00bb img_link_target=\u00bb_blank\u00bb css=\u00bb\u00bb link=\u00bbhttps:\/\/bonviure.com\/es\/quienes-somos\/ramon-marti-farguell\/\u00bb][vc_empty_space height=\u00bb40px\u00bb][\/vc_column_inner][vc_column_inner width=\u00bb1\/4&#8243;]\n\n\n  <div class=\"nicdark_archive1 nicdark_border_grey  center\">\n\n      <div class=\"nicdark_textevidence nicdark_bg_greydark \">\n          <h4 class=\"white nicdark_margin20\">PILAR LOPEZ<\/h4>\n      <\/div>\n\n      <img decoding=\"async\" class=\"nicdark_opacity\" alt=\"\" src=\"https:\/\/bonviure.com\/wp-content\/uploads\/2018\/02\/pilar_nova.jpg\">\n\n       <div class=\"nicdark_textevidence nicdark_bg_\">\n          <h5 class=\"white nicdark_margin20\">Gu\u00eda<\/h5>\n          <i class=\" nicdark_iconbg right medium \"><\/i>\n      <\/div>\n      \n      <div class=\"nicdark_textevidence\">\n          <div class=\"nicdark_margin20\">\n              <p><\/p>\n\n               <div class=\"nicdark_space20 nicdark_displaynone_ipadpotr\"><\/div> <a target=\"_blank\" title=\"Veure&#039;n m\u00e9s\" href=\"http:\/\/indianwebs.co\/bonviure\/quisom\/\" class=\"nicdark_displaynone_ipadpotr nicdark_btn_icon nicdark_tooltip nicdark_bg_ medium   white nicdark_margin010\" rel=\"noopener\"><i class=\"icon-doc-add nicdark_rotate\"><\/i><\/a>   \n\n          <\/div>\n      <\/div>\n\n  <\/div>\n\n   [vc_single_image image=\u00bb5396&#8243; img_size=\u00bbfull\u00bb alignment=\u00bbcenter\u00bb onclick=\u00bbcustom_link\u00bb img_link_target=\u00bb_blank\u00bb css=\u00bb\u00bb link=\u00bbhttps:\/\/bonviure.com\/es\/quienes-somos\/pilar-lopez\/\u00bb][vc_empty_space height=\u00bb40px\u00bb][\/vc_column_inner][vc_column_inner width=\u00bb1\/4&#8243;]\n\n\n  <div class=\"nicdark_archive1 nicdark_border_grey  center\">\n\n      <div class=\"nicdark_textevidence nicdark_bg_greydark \">\n          <h4 class=\"white nicdark_margin20\">ANNA MORAGUES<\/h4>\n      <\/div>\n\n      <img decoding=\"async\" class=\"nicdark_opacity\" alt=\"\" src=\"https:\/\/bonviure.com\/wp-content\/uploads\/2018\/02\/anna_nova.jpg\">\n\n       <div class=\"nicdark_textevidence nicdark_bg_\">\n          <h5 class=\"white nicdark_margin20\">Gu\u00eda<\/h5>\n          <i class=\" nicdark_iconbg right medium \"><\/i>\n      <\/div>\n      \n      <div class=\"nicdark_textevidence\">\n          <div class=\"nicdark_margin20\">\n              <p><\/p>\n\n               <div class=\"nicdark_space20 nicdark_displaynone_ipadpotr\"><\/div> <a target=\"_blank\" title=\"Veure&#039;n m\u00e9s\" href=\"http:\/\/indianwebs.co\/bonviure\/quisom\/\" class=\"nicdark_displaynone_ipadpotr nicdark_btn_icon nicdark_tooltip nicdark_bg_ medium   white nicdark_margin010\" rel=\"noopener\"><i class=\"icon-doc-add nicdark_rotate\"><\/i><\/a>   \n\n          <\/div>\n      <\/div>\n\n  <\/div>\n\n   [vc_single_image image=\u00bb5396&#8243; img_size=\u00bbfull\u00bb alignment=\u00bbcenter\u00bb onclick=\u00bbcustom_link\u00bb img_link_target=\u00bb_blank\u00bb css=\u00bb\u00bb link=\u00bbhttps:\/\/bonviure.com\/es\/quienes-somos\/anna-moragues\/\u00bb][vc_empty_space height=\u00bb40px\u00bb][\/vc_column_inner][vc_column_inner width=\u00bb1\/4&#8243;]\n\n\n  <div class=\"nicdark_archive1 nicdark_border_grey  center\">\n\n      <div class=\"nicdark_textevidence nicdark_bg_greydark \">\n          <h4 class=\"white nicdark_margin20\">ROGER ARQUIMBAU<\/h4>\n      <\/div>\n\n      <img decoding=\"async\" class=\"nicdark_opacity\" alt=\"\" src=\"https:\/\/bonviure.com\/wp-content\/uploads\/2018\/02\/roger_nova.jpg\">\n\n       <div class=\"nicdark_textevidence nicdark_bg_\">\n          <h5 class=\"white nicdark_margin20\">Gu\u00eda<\/h5>\n          <i class=\" nicdark_iconbg right medium \"><\/i>\n      <\/div>\n      \n      <div class=\"nicdark_textevidence\">\n          <div class=\"nicdark_margin20\">\n              <p><\/p>\n\n               <div class=\"nicdark_space20 nicdark_displaynone_ipadpotr\"><\/div> <a target=\"_blank\" title=\"Veure&#039;n m\u00e9s\" href=\"http:\/\/indianwebs.co\/bonviure\/quisom\/\" class=\"nicdark_displaynone_ipadpotr nicdark_btn_icon nicdark_tooltip nicdark_bg_ medium   white nicdark_margin010\" rel=\"noopener\"><i class=\"icon-doc-add nicdark_rotate\"><\/i><\/a>   \n\n          <\/div>\n      <\/div>\n\n  <\/div>\n\n   [vc_single_image image=\u00bb5396&#8243; img_size=\u00bbfull\u00bb alignment=\u00bbcenter\u00bb onclick=\u00bbcustom_link\u00bb img_link_target=\u00bb_blank\u00bb link=\u00bbhttps:\/\/bonviure.com\/es\/quienes-somos\/roger-arquimbau\/\u00bb][vc_empty_space height=\u00bb40px\u00bb][\/vc_column_inner][\/vc_row_inner][vc_row_inner][vc_column_inner width=\u00bb1\/4&#8243;]\n\n\n  <div class=\"nicdark_archive1 nicdark_border_grey  center\">\n\n      <div class=\"nicdark_textevidence nicdark_bg_greydark \">\n          <h4 class=\"white nicdark_margin20\">PACO FERN\u00c1NDEZ<\/h4>\n      <\/div>\n\n      <img decoding=\"async\" class=\"nicdark_opacity\" alt=\"\" src=\"https:\/\/bonviure.com\/wp-content\/uploads\/2018\/02\/paco_nova.jpg\">\n\n       <div class=\"nicdark_textevidence nicdark_bg_\">\n          <h5 class=\"white nicdark_margin20\">Gu\u00eda<\/h5>\n          <i class=\" nicdark_iconbg right medium \"><\/i>\n      <\/div>\n      \n      <div class=\"nicdark_textevidence\">\n          <div class=\"nicdark_margin20\">\n              <p><\/p>\n\n               <div class=\"nicdark_space20 nicdark_displaynone_ipadpotr\"><\/div> <a target=\"_blank\" title=\"Veure&#039;n m\u00e9s\" href=\"http:\/\/indianwebs.co\/bonviure\/quisom\/\" class=\"nicdark_displaynone_ipadpotr nicdark_btn_icon nicdark_tooltip nicdark_bg_ medium   white nicdark_margin010\" rel=\"noopener\"><i class=\"icon-doc-add nicdark_rotate\"><\/i><\/a>   \n\n          <\/div>\n      <\/div>\n\n  <\/div>\n\n   [vc_single_image image=\u00bb5396&#8243; img_size=\u00bbfull\u00bb alignment=\u00bbcenter\u00bb onclick=\u00bbcustom_link\u00bb img_link_target=\u00bb_blank\u00bb css=\u00bb\u00bb link=\u00bbhttps:\/\/bonviure.com\/es\/quienes-somos\/paco-fernandez\/\u00bb][vc_empty_space height=\u00bb40px\u00bb][\/vc_column_inner][vc_column_inner width=\u00bb1\/4&#8243;]\n\n\n  <div class=\"nicdark_archive1 nicdark_border_grey  center\">\n\n      <div class=\"nicdark_textevidence nicdark_bg_greydark \">\n          <h4 class=\"white nicdark_margin20\">CRIS MERCADAL<\/h4>\n      <\/div>\n\n      <img decoding=\"async\" class=\"nicdark_opacity\" alt=\"\" src=\"https:\/\/bonviure.com\/wp-content\/uploads\/2018\/02\/cris_nova.jpg\">\n\n       <div class=\"nicdark_textevidence nicdark_bg_\">\n          <h5 class=\"white nicdark_margin20\">Gu\u00eda<\/h5>\n          <i class=\" nicdark_iconbg right medium \"><\/i>\n      <\/div>\n      \n      <div class=\"nicdark_textevidence\">\n          <div class=\"nicdark_margin20\">\n              <p><\/p>\n\n               <div class=\"nicdark_space20 nicdark_displaynone_ipadpotr\"><\/div> <a target=\"_blank\" title=\"Veure&#039;n m\u00e9s\" href=\"http:\/\/indianwebs.co\/bonviure\/quisom\/\" class=\"nicdark_displaynone_ipadpotr nicdark_btn_icon nicdark_tooltip nicdark_bg_ medium   white nicdark_margin010\" rel=\"noopener\"><i class=\"icon-doc-add nicdark_rotate\"><\/i><\/a>   \n\n          <\/div>\n      <\/div>\n\n  <\/div>\n\n   [vc_single_image image=\u00bb5396&#8243; img_size=\u00bbfull\u00bb alignment=\u00bbcenter\u00bb onclick=\u00bbcustom_link\u00bb img_link_target=\u00bb_blank\u00bb css=\u00bb\u00bb link=\u00bbhttps:\/\/bonviure.com\/es\/quienes-somos\/cris-mercadal\/\u00bb][vc_empty_space height=\u00bb40px\u00bb][\/vc_column_inner][vc_column_inner width=\u00bb1\/4&#8243;]\n\n\n  <div class=\"nicdark_archive1 nicdark_border_grey  center\">\n\n      <div class=\"nicdark_textevidence nicdark_bg_greydark \">\n          <h4 class=\"white nicdark_margin20\">I\u00d1AKI ZUZA<\/h4>\n      <\/div>\n\n      <img decoding=\"async\" class=\"nicdark_opacity\" alt=\"\" src=\"https:\/\/bonviure.com\/wp-content\/uploads\/2018\/02\/inaki_nova.jpg\">\n\n       <div class=\"nicdark_textevidence nicdark_bg_\">\n          <h5 class=\"white nicdark_margin20\">Gu\u00eda<\/h5>\n          <i class=\" nicdark_iconbg right medium \"><\/i>\n      <\/div>\n      \n      <div class=\"nicdark_textevidence\">\n          <div class=\"nicdark_margin20\">\n              <p><\/p>\n\n               <div class=\"nicdark_space20 nicdark_displaynone_ipadpotr\"><\/div> <a target=\"_blank\" title=\"Veure&#039;n m\u00e9s\" href=\"http:\/\/indianwebs.co\/bonviure\/quisom\/\" class=\"nicdark_displaynone_ipadpotr nicdark_btn_icon nicdark_tooltip nicdark_bg_ medium   white nicdark_margin010\" rel=\"noopener\"><i class=\"icon-doc-add nicdark_rotate\"><\/i><\/a>   \n\n          <\/div>\n      <\/div>\n\n  <\/div>\n\n   [vc_single_image image=\u00bb5396&#8243; img_size=\u00bbfull\u00bb alignment=\u00bbcenter\u00bb onclick=\u00bbcustom_link\u00bb img_link_target=\u00bb_blank\u00bb css=\u00bb\u00bb link=\u00bbhttps:\/\/bonviure.com\/es\/quienes-somos\/inaki-zuza\/\u00bb][vc_empty_space height=\u00bb40px\u00bb][\/vc_column_inner][vc_column_inner width=\u00bb1\/4&#8243;]\n\n\n  <div class=\"nicdark_archive1 nicdark_border_grey  center\">\n\n      <div class=\"nicdark_textevidence nicdark_bg_greydark \">\n          <h4 class=\"white nicdark_margin20\">ANI LULCHEVA<\/h4>\n      <\/div>\n\n      <img decoding=\"async\" class=\"nicdark_opacity\" alt=\"\" src=\"https:\/\/bonviure.com\/wp-content\/uploads\/2018\/02\/ani_nova.jpg\">\n\n       <div class=\"nicdark_textevidence nicdark_bg_\">\n          <h5 class=\"white nicdark_margin20\">Gu\u00eda<\/h5>\n          <i class=\" nicdark_iconbg right medium \"><\/i>\n      <\/div>\n      \n      <div class=\"nicdark_textevidence\">\n          <div class=\"nicdark_margin20\">\n              <p><\/p>\n\n               <div class=\"nicdark_space20 nicdark_displaynone_ipadpotr\"><\/div> <a target=\"_blank\" title=\"Veure&#039;n m\u00e9s\" href=\"http:\/\/indianwebs.co\/bonviure\/quisom\/\" class=\"nicdark_displaynone_ipadpotr nicdark_btn_icon nicdark_tooltip nicdark_bg_ medium   white nicdark_margin010\" rel=\"noopener\"><i class=\"icon-doc-add nicdark_rotate\"><\/i><\/a>   \n\n          <\/div>\n      <\/div>\n\n  <\/div>\n\n   [vc_single_image image=\u00bb5396&#8243; img_size=\u00bbfull\u00bb alignment=\u00bbcenter\u00bb onclick=\u00bbcustom_link\u00bb img_link_target=\u00bb_blank\u00bb css=\u00bb\u00bb link=\u00bbhttps:\/\/bonviure.com\/es\/quienes-somos\/ani-lulcheva\/\u00bb][vc_empty_space height=\u00bb40px\u00bb][\/vc_column_inner][\/vc_row_inner][vc_row_inner][vc_column_inner width=\u00bb1\/4&#8243;][\/vc_column_inner][vc_column_inner width=\u00bb1\/4&#8243;]\n\n\n  <div class=\"nicdark_archive1 nicdark_border_grey  center\">\n\n      <div class=\"nicdark_textevidence nicdark_bg_greydark \">\n          <h4 class=\"white nicdark_margin20\">ILHAM ABAKUY<\/h4>\n      <\/div>\n\n      <img decoding=\"async\" class=\"nicdark_opacity\" alt=\"\" src=\"https:\/\/bonviure.com\/wp-content\/uploads\/2025\/10\/WhatsApp-Image-2025-10-29-at-18.20.12.jpeg\">\n\n       <div class=\"nicdark_textevidence nicdark_bg_\">\n          <h5 class=\"white nicdark_margin20\">Productora de viajes<\/h5>\n          <i class=\" nicdark_iconbg right medium \"><\/i>\n      <\/div>\n      \n      <div class=\"nicdark_textevidence\">\n          <div class=\"nicdark_margin20\">\n              <p><\/p>\n\n               <div class=\"nicdark_space20 nicdark_displaynone_ipadpotr\"><\/div> <a target=\"_blank\" title=\"Veure&#039;n m\u00e9s\" href=\"http:\/\/indianwebs.co\/bonviure\/quisom\/\" class=\"nicdark_displaynone_ipadpotr nicdark_btn_icon nicdark_tooltip nicdark_bg_ medium   white nicdark_margin010\" rel=\"noopener\"><i class=\"icon-doc-add nicdark_rotate\"><\/i><\/a>   \n\n          <\/div>\n      <\/div>\n\n  <\/div>\n\n   [vc_single_image image=\u00bb5396&#8243; img_size=\u00bbfull\u00bb alignment=\u00bbcenter\u00bb onclick=\u00bbcustom_link\u00bb img_link_target=\u00bb_blank\u00bb css=\u00bb\u00bb link=\u00bbhttps:\/\/bonviure.com\/es\/quienes-somos\/ilham-abakuy2&#8243;][\/vc_column_inner][vc_column_inner width=\u00bb1\/4&#8243;]\n\n\n  <div class=\"nicdark_archive1 nicdark_border_grey  center\">\n\n      <div class=\"nicdark_textevidence nicdark_bg_greydark \">\n          <h4 class=\"white nicdark_margin20\">MUNTSA MART\u00cd<\/h4>\n      <\/div>\n\n      <img decoding=\"async\" class=\"nicdark_opacity\" alt=\"\" src=\"https:\/\/bonviure.com\/wp-content\/uploads\/2018\/02\/muntsa_nova.jpg\">\n\n       <div class=\"nicdark_textevidence nicdark_bg_\">\n          <h5 class=\"white nicdark_margin20\">Agente de viajes<\/h5>\n          <i class=\" nicdark_iconbg right medium \"><\/i>\n      <\/div>\n      \n      <div class=\"nicdark_textevidence\">\n          <div class=\"nicdark_margin20\">\n              <p><\/p>\n\n               <div class=\"nicdark_space20 nicdark_displaynone_ipadpotr\"><\/div> <a target=\"_blank\" title=\"Veure&#039;n m\u00e9s\" href=\"http:\/\/indianwebs.co\/bonviure\/quisom\/\" class=\"nicdark_displaynone_ipadpotr nicdark_btn_icon nicdark_tooltip nicdark_bg_ medium   white nicdark_margin010\" rel=\"noopener\"><i class=\"icon-doc-add nicdark_rotate\"><\/i><\/a>   \n\n          <\/div>\n      <\/div>\n\n  <\/div>\n\n   [vc_single_image image=\u00bb5396&#8243; img_size=\u00bbfull\u00bb alignment=\u00bbcenter\u00bb onclick=\u00bbcustom_link\u00bb img_link_target=\u00bb_blank\u00bb css=\u00bb\u00bb link=\u00bbhttps:\/\/bonviure.com\/es\/quienes-somos\/muntsa-marti\/\u00bb][\/vc_column_inner][vc_column_inner width=\u00bb1\/4&#8243;][\/vc_column_inner][\/vc_row_inner][vc_empty_space height=\u00bb60px\u00bb][\/vc_column][\/vc_row][vc_row][vc_column][vc_empty_space height=\u00bb60px\u00bb][vc_row_inner][vc_column_inner width=\u00bb1\/2&#8243;]<h3 style=\"color:;\" class=\" subtitle center\">Asociados a:<\/h3>[vc_empty_space height=\u00bb20px\u00bb][vc_column_text]<img loading=\"lazy\" decoding=\"async\" class=\"size-full wp-image-2368 aligncenter\" src=\"https:\/\/bonviure.com\/wp-content\/uploads\/2017\/03\/ACAV-1.jpg\" alt=\"\" width=\"233\" height=\"80\" \/>[\/vc_column_text][\/vc_column_inner][vc_column_inner width=\u00bb1\/2&#8243;]<h3 style=\"color:;\" class=\" subtitle left\">Los gu\u00edas de Bonviure estamos asociados a:<\/h3>[vc_empty_space height=\u00bb20px\u00bb][vc_column_text]<img loading=\"lazy\" decoding=\"async\" class=\" wp-image-2375 alignleft\" src=\"https:\/\/bonviure.com\/wp-content\/uploads\/2017\/03\/GrupNaturaBergueda.jpg\" alt=\"\" width=\"142\" height=\"142\" srcset=\"https:\/\/bonviure.com\/wp-content\/uploads\/2017\/03\/GrupNaturaBergueda.jpg 160w, https:\/\/bonviure.com\/wp-content\/uploads\/2017\/03\/GrupNaturaBergueda-150x150.jpg 150w\" sizes=\"auto, (max-width: 142px) 100vw, 142px\" \/>[\/vc_column_text][\/vc_column_inner][\/vc_row_inner][\/vc_column][\/vc_row]<\/p>\n<\/div>","protected":false},"excerpt":{"rendered":"<p>[vc_row css=\u00bb.vc_custom_1506940171612{margin-bottom: 30px !important;}\u00bb idsection=\u00bbclass-row-teachers\u00bb][vc_column][vc_empty_space][vc_empty_space][\/vc_column][\/vc_row][vc_row css=\u00bb.vc_custom_1519233603713{margin-bottom: 30px !important;}\u00bb idsection=\u00bbclass-row-teachers\u00bb][vc_column][vc_column_text css_animation=\u00bbappear\u00bb el_class=\u00bbjustify\u00bb el_id=\u00bbintro_quisom\u00bb]Bonviure es una agencia de viajes con m\u00e1s de 25 a\u00f1os de experiencia, especializada en senderismo en el territorio espa\u00f1ol, Europa, norte de \u00c1frica, Sudam\u00e9rica y Asia, con profesionales del arte de guiar en la monta\u00f1a y la naturaleza, profesores de geograf\u00eda, historia y &#8230;<\/p>\n<div class='heateor_sss_sharing_container heateor_sss_vertical_sharing heateor_sss_bottom_sharing' style='width:44px;left: -10px;top: 100px;-webkit-box-shadow:none;box-shadow:none;' data-heateor-sss-href='https:\/\/bonviure.com\/es\/wp-json\/wp\/v2\/pages\/7924'><div class=\"heateor_sss_sharing_ul\"><a aria-label=\"Facebook\" class=\"heateor_sss_facebook\" href=\"https:\/\/www.facebook.com\/Bonviure\/?locale=es_ES\" title=\"Facebook\" rel=\"nofollow noopener\" target=\"_blank\" style=\"font-size:32px!important;box-shadow:none;display:inline-block;vertical-align:middle\"><span class=\"heateor_sss_svg\" style=\"background-color:#0765FE;width:40px;height:40px;margin:0;display:inline-block;opacity:1;float:left;font-size:32px;box-shadow:none;display:inline-block;font-size:16px;padding:0 4px;vertical-align:middle;background-repeat:repeat;overflow:hidden;padding:0;cursor:pointer;box-sizing:content-box\"><svg style=\"display:block;\" focusable=\"false\" aria-hidden=\"true\" xmlns=\"http:\/\/www.w3.org\/2000\/svg\" width=\"100%\" height=\"100%\" viewBox=\"0 0 32 32\"><path fill=\"#fff\" d=\"M28 16c0-6.627-5.373-12-12-12S4 9.373 4 16c0 5.628 3.875 10.35 9.101 11.647v-7.98h-2.474V16H13.1v-1.58c0-4.085 1.849-5.978 5.859-5.978.76 0 2.072.15 2.608.298v3.325c-.283-.03-.775-.045-1.386-.045-1.967 0-2.728.745-2.728 2.683V16h3.92l-.673 3.667h-3.247v8.245C23.395 27.195 28 22.135 28 16Z\"><\/path><\/svg><\/span><\/a><a aria-label=\"Instagram\" class=\"heateor_sss_button_instagram\" href=\"https:\/\/www.instagram.com\/bonviuretrek\" title=\"Instagram\" rel=\"nofollow noopener\" target=\"_blank\" style=\"font-size:32px!important;box-shadow:none;display:inline-block;vertical-align:middle\"><span class=\"heateor_sss_svg\" style=\"background-color:#53beee;width:40px;height:40px;margin:0;display:inline-block;opacity:1;float:left;font-size:32px;box-shadow:none;display:inline-block;font-size:16px;padding:0 4px;vertical-align:middle;background-repeat:repeat;overflow:hidden;padding:0;cursor:pointer;box-sizing:content-box\"><svg style=\"display:block;\" version=\"1.1\" viewBox=\"-10 -10 148 148\" width=\"100%\" height=\"100%\" xml:space=\"preserve\" xmlns=\"http:\/\/www.w3.org\/2000\/svg\" xmlns:xlink=\"http:\/\/www.w3.org\/1999\/xlink\"><g><g><path d=\"M86,112H42c-14.336,0-26-11.663-26-26V42c0-14.337,11.664-26,26-26h44c14.337,0,26,11.663,26,26v44 C112,100.337,100.337,112,86,112z M42,24c-9.925,0-18,8.074-18,18v44c0,9.925,8.075,18,18,18h44c9.926,0,18-8.075,18-18V42 c0-9.926-8.074-18-18-18H42z\" fill=\"#fff\"><\/path><\/g><g><path d=\"M64,88c-13.234,0-24-10.767-24-24c0-13.234,10.766-24,24-24s24,10.766,24,24C88,77.233,77.234,88,64,88z M64,48c-8.822,0-16,7.178-16,16s7.178,16,16,16c8.822,0,16-7.178,16-16S72.822,48,64,48z\" fill=\"#fff\"><\/path><\/g><g><circle cx=\"89.5\" cy=\"38.5\" fill=\"#fff\" r=\"5.5\"><\/circle><\/g><\/g><\/svg><\/span><\/a><a class=\"heateor_sss_more\" aria-label=\"More\" title=\"More\" rel=\"nofollow noopener\" style=\"font-size: 32px!important;border:0;box-shadow:none;display:inline-block!important;font-size:16px;padding:0 4px;vertical-align: middle;display:inline;\" href=\"https:\/\/bonviure.com\/es\/wp-json\/wp\/v2\/pages\/7924\" onclick=\"event.preventDefault()\"><span class=\"heateor_sss_svg\" style=\"background-color:#ee8e2d;width:40px;height:40px;margin:0;display:inline-block!important;opacity:1;float:left;font-size:32px!important;box-shadow:none;display:inline-block;font-size:16px;padding:0 4px;vertical-align:middle;display:inline;background-repeat:repeat;overflow:hidden;padding:0;cursor:pointer;box-sizing:content-box;\" onclick=\"heateorSssMoreSharingPopup(this, 'https:\/\/bonviure.com\/es\/wp-json\/wp\/v2\/pages\/7924', 'Bonviure%20-%20Senderisme', '' )\"><svg xmlns=\"http:\/\/www.w3.org\/2000\/svg\" xmlns:xlink=\"http:\/\/www.w3.org\/1999\/xlink\" viewBox=\"-.3 0 32 32\" version=\"1.1\" width=\"100%\" height=\"100%\" style=\"display:block;\" xml:space=\"preserve\"><g><path fill=\"#fff\" d=\"M18 14V8h-4v6H8v4h6v6h4v-6h6v-4h-6z\" fill-rule=\"evenodd\"><\/path><\/g><\/svg><\/span><\/a><\/div><div class=\"heateorSssClear\"><\/div><\/div>","protected":false},"author":7,"featured_media":0,"parent":0,"menu_order":0,"comment_status":"closed","ping_status":"closed","template":"","meta":{"_acf_changed":false,"footnotes":""},"class_list":["post-7924","page","type-page","status-publish","hentry"],"acf":[],"publishpress_future_action":{"enabled":false,"date":"2026-04-22 18:30:05","action":"change-status","newStatus":"draft","terms":[],"taxonomy":"translation_priority","extraData":[]},"publishpress_future_workflow_manual_trigger":{"enabledWorkflows":[]},"_links":{"self":[{"href":"https:\/\/bonviure.com\/es\/wp-json\/wp\/v2\/pages\/7924","targetHints":{"allow":["GET"]}}],"collection":[{"href":"https:\/\/bonviure.com\/es\/wp-json\/wp\/v2\/pages"}],"about":[{"href":"https:\/\/bonviure.com\/es\/wp-json\/wp\/v2\/types\/page"}],"author":[{"embeddable":true,"href":"https:\/\/bonviure.com\/es\/wp-json\/wp\/v2\/users\/7"}],"replies":[{"embeddable":true,"href":"https:\/\/bonviure.com\/es\/wp-json\/wp\/v2\/comments?post=7924"}],"version-history":[{"count":0,"href":"https:\/\/bonviure.com\/es\/wp-json\/wp\/v2\/pages\/7924\/revisions"}],"wp:attachment":[{"href":"https:\/\/bonviure.com\/es\/wp-json\/wp\/v2\/media?parent=7924"}],"curies":[{"name":"wp","href":"https:\/\/api.w.org\/{rel}","templated":true}]}}