{"id":7928,"date":"2017-03-30T16:55:39","date_gmt":"2017-03-30T15:55:39","guid":{"rendered":"https:\/\/bonviure.com\/quienes-somos\/ramon-marti-farguell\/"},"modified":"2021-09-24T11:36:26","modified_gmt":"2021-09-24T09:36:26","slug":"ramon-marti-farguell","status":"publish","type":"page","link":"https:\/\/bonviure.com\/es\/quienes-somos-2\/ramon-marti-farguell\/","title":{"rendered":"Ramon Mart\u00ed Farguell"},"content":{"rendered":"<div class=\"wpb-content-wrapper\"><p>[vc_row][vc_column][vc_empty_space height=\u00bb62px\u00bb][\/vc_column][\/vc_row][vc_row][vc_column width=\u00bb1\/4&#8243;][vc_single_image image=\u00bb6191&#8243; img_size=\u00bbfull\u00bb style=\u00bbvc_box_circle\u00bb el_class=\u00bbfoto_quisom\u00bb][\/vc_column][vc_column width=\u00bb3\/4&#8243;][vc_empty_space height=\u00bb90px\u00bb]<h1 style=\"color:#464e05;\" class=\"  left\">Ramon Mart\u00ed Farguell<\/h1>[vc_empty_space height=\u00bb5px\u00bb]<h4 style=\"color:#464e05;\" class=\"  left\">Director<\/h4>[vc_empty_space][\/vc_column][\/vc_row][vc_row][vc_column][vc_empty_space height=\u00bb70px\u00bb][vc_column_text el_id=\u00bbintro_quisom\u00bb el_class=\u00bbtext_quisom\u00bb]Nacido en Berga, hijo adoptivo del Mundo. Gu\u00eda de monta\u00f1a profesional desde 1986. Gu\u00eda en activo. Padre de Bernat y Maria.<\/p>\n<p>Gu\u00eda del Parque Natural Cad\u00ed-Moixer\u00f3. Profesor de geograf\u00eda e historia. Instructor de excursionismo por la Generalitat, por la ECAM y la ENAM. Monitor de Marcha N\u00f3rdica \u2013 Nordic Walking- por la Generalitat \u2013 certificado CIATE -.<\/p>\n<p>Ha realizado diferentes trekkings y ascensiones por los cinco continentes: Nepal, Canad\u00e1, Islas Marquesas, Polinesia, Argentina, Chile, Per\u00fa, Mauritania, Atlas marroqu\u00ed, Patagonia, Cuba, Parques Nacionales USA; Cervino, Mont Blanc, \u00c9crins, Seychelles, Oberland, Pirineos, Creta, Isla de la Espa\u00f1ola, Rasos de Peguera, Garraf, Tibidabo, Montju\u00efc, Queralt, etc.<\/p>\n<p>Creador de la idea original del Cam\u00ed dels Bons Homes. Escritor de gu\u00edas de monta\u00f1a y colaborador en programas de viajes en la radio, con los Viatgers de la Gran Anaconda en Catalunya R\u00e0dio. Director y creador de l&#8217;Escolla Taller Cercs-Bergued\u00e0 en el a\u00f1o 1989. Cofundador en el a\u00f1o 1989 de Guies del Bergued\u00e0-Guies del Pirineu. Fundador en el a\u00f1o 1996 de Bonviure.<\/p>\n<p>Le gusta ir a pasear con sus hijos y Kira \u2013la perra negra, peluda y juguetona- de sus hijos y, cuando puede, se escapa el lunes con el grupo de \u00ablos lunes al sol\u00bb, una panda de mineros pre-jubilados y profesionales \u201cliberales\u201d, a \u201cara\u00f1arse\u201d por todos los rincones de la comarca. Plato preferido: picnic al aire libre acompa\u00f1ado de los buenos manjares, el buen vino y sobretodo, la buena compa\u00f1\u00eda.[\/vc_column_text][vc_empty_space height=\u00bb100px\u00bb][\/vc_column][\/vc_row]<\/p>\n<\/div>","protected":false},"excerpt":{"rendered":"<p>[vc_row][vc_column][vc_empty_space height=\u00bb62px\u00bb][\/vc_column][\/vc_row][vc_row][vc_column width=\u00bb1\/4&#8243;][vc_single_image image=\u00bb6191&#8243; img_size=\u00bbfull\u00bb style=\u00bbvc_box_circle\u00bb el_class=\u00bbfoto_quisom\u00bb][\/vc_column][vc_column width=\u00bb3\/4&#8243;][vc_empty_space height=\u00bb90px\u00bb][vc_empty_space height=\u00bb5px\u00bb][vc_empty_space][\/vc_column][\/vc_row][vc_row][vc_column][vc_empty_space height=\u00bb70px\u00bb][vc_column_text el_id=\u00bbintro_quisom\u00bb el_class=\u00bbtext_quisom\u00bb]Nacido en Berga, hijo adoptivo del Mundo. Gu\u00eda de monta\u00f1a profesional desde 1986. Gu\u00eda en activo. Padre de Bernat y Maria. Gu\u00eda del Parque Natural Cad\u00ed-Moixer\u00f3. Profesor de geograf\u00eda e historia. Instructor de excursionismo por la Generalitat, por la ECAM y la ENAM. &#8230;<\/p>\n<div class='heateor_sss_sharing_container heateor_sss_vertical_sharing heateor_sss_bottom_sharing' style='width:44px;left: -10px;top: 100px;-webkit-box-shadow:none;box-shadow:none;' data-heateor-sss-href='https:\/\/bonviure.com\/es\/wp-json\/wp\/v2\/pages\/7928'><div class=\"heateor_sss_sharing_ul\"><a aria-label=\"Facebook\" class=\"heateor_sss_facebook\" href=\"https:\/\/www.facebook.com\/Bonviure\/?locale=es_ES\" title=\"Facebook\" rel=\"nofollow noopener\" target=\"_blank\" style=\"font-size:32px!important;box-shadow:none;display:inline-block;vertical-align:middle\"><span class=\"heateor_sss_svg\" style=\"background-color:#0765FE;width:40px;height:40px;margin:0;display:inline-block;opacity:1;float:left;font-size:32px;box-shadow:none;display:inline-block;font-size:16px;padding:0 4px;vertical-align:middle;background-repeat:repeat;overflow:hidden;padding:0;cursor:pointer;box-sizing:content-box\"><svg style=\"display:block;\" focusable=\"false\" aria-hidden=\"true\" xmlns=\"http:\/\/www.w3.org\/2000\/svg\" width=\"100%\" height=\"100%\" viewBox=\"0 0 32 32\"><path fill=\"#fff\" d=\"M28 16c0-6.627-5.373-12-12-12S4 9.373 4 16c0 5.628 3.875 10.35 9.101 11.647v-7.98h-2.474V16H13.1v-1.58c0-4.085 1.849-5.978 5.859-5.978.76 0 2.072.15 2.608.298v3.325c-.283-.03-.775-.045-1.386-.045-1.967 0-2.728.745-2.728 2.683V16h3.92l-.673 3.667h-3.247v8.245C23.395 27.195 28 22.135 28 16Z\"><\/path><\/svg><\/span><\/a><a aria-label=\"Instagram\" class=\"heateor_sss_button_instagram\" href=\"https:\/\/www.instagram.com\/bonviuretrek\" title=\"Instagram\" rel=\"nofollow noopener\" target=\"_blank\" style=\"font-size:32px!important;box-shadow:none;display:inline-block;vertical-align:middle\"><span class=\"heateor_sss_svg\" style=\"background-color:#53beee;width:40px;height:40px;margin:0;display:inline-block;opacity:1;float:left;font-size:32px;box-shadow:none;display:inline-block;font-size:16px;padding:0 4px;vertical-align:middle;background-repeat:repeat;overflow:hidden;padding:0;cursor:pointer;box-sizing:content-box\"><svg style=\"display:block;\" version=\"1.1\" viewBox=\"-10 -10 148 148\" width=\"100%\" height=\"100%\" xml:space=\"preserve\" xmlns=\"http:\/\/www.w3.org\/2000\/svg\" xmlns:xlink=\"http:\/\/www.w3.org\/1999\/xlink\"><g><g><path d=\"M86,112H42c-14.336,0-26-11.663-26-26V42c0-14.337,11.664-26,26-26h44c14.337,0,26,11.663,26,26v44 C112,100.337,100.337,112,86,112z M42,24c-9.925,0-18,8.074-18,18v44c0,9.925,8.075,18,18,18h44c9.926,0,18-8.075,18-18V42 c0-9.926-8.074-18-18-18H42z\" fill=\"#fff\"><\/path><\/g><g><path d=\"M64,88c-13.234,0-24-10.767-24-24c0-13.234,10.766-24,24-24s24,10.766,24,24C88,77.233,77.234,88,64,88z M64,48c-8.822,0-16,7.178-16,16s7.178,16,16,16c8.822,0,16-7.178,16-16S72.822,48,64,48z\" fill=\"#fff\"><\/path><\/g><g><circle cx=\"89.5\" cy=\"38.5\" fill=\"#fff\" r=\"5.5\"><\/circle><\/g><\/g><\/svg><\/span><\/a><a class=\"heateor_sss_more\" aria-label=\"More\" title=\"More\" rel=\"nofollow noopener\" style=\"font-size: 32px!important;border:0;box-shadow:none;display:inline-block!important;font-size:16px;padding:0 4px;vertical-align: middle;display:inline;\" href=\"https:\/\/bonviure.com\/es\/wp-json\/wp\/v2\/pages\/7928\" onclick=\"event.preventDefault()\"><span class=\"heateor_sss_svg\" style=\"background-color:#ee8e2d;width:40px;height:40px;margin:0;display:inline-block!important;opacity:1;float:left;font-size:32px!important;box-shadow:none;display:inline-block;font-size:16px;padding:0 4px;vertical-align:middle;display:inline;background-repeat:repeat;overflow:hidden;padding:0;cursor:pointer;box-sizing:content-box;\" onclick=\"heateorSssMoreSharingPopup(this, 'https:\/\/bonviure.com\/es\/wp-json\/wp\/v2\/pages\/7928', 'Bonviure%20-%20Senderisme', '' )\"><svg xmlns=\"http:\/\/www.w3.org\/2000\/svg\" xmlns:xlink=\"http:\/\/www.w3.org\/1999\/xlink\" viewBox=\"-.3 0 32 32\" version=\"1.1\" width=\"100%\" height=\"100%\" style=\"display:block;\" xml:space=\"preserve\"><g><path fill=\"#fff\" d=\"M18 14V8h-4v6H8v4h6v6h4v-6h6v-4h-6z\" fill-rule=\"evenodd\"><\/path><\/g><\/svg><\/span><\/a><\/div><div class=\"heateorSssClear\"><\/div><\/div>","protected":false},"author":7,"featured_media":0,"parent":7924,"menu_order":0,"comment_status":"closed","ping_status":"closed","template":"","meta":{"_acf_changed":false,"footnotes":""},"class_list":["post-7928","page","type-page","status-publish","hentry"],"acf":[],"publishpress_future_action":{"enabled":false,"date":"2026-05-06 15:38:52","action":"change-status","newStatus":"draft","terms":[],"taxonomy":"translation_priority","extraData":[]},"publishpress_future_workflow_manual_trigger":{"enabledWorkflows":[]},"_links":{"self":[{"href":"https:\/\/bonviure.com\/es\/wp-json\/wp\/v2\/pages\/7928","targetHints":{"allow":["GET"]}}],"collection":[{"href":"https:\/\/bonviure.com\/es\/wp-json\/wp\/v2\/pages"}],"about":[{"href":"https:\/\/bonviure.com\/es\/wp-json\/wp\/v2\/types\/page"}],"author":[{"embeddable":true,"href":"https:\/\/bonviure.com\/es\/wp-json\/wp\/v2\/users\/7"}],"replies":[{"embeddable":true,"href":"https:\/\/bonviure.com\/es\/wp-json\/wp\/v2\/comments?post=7928"}],"version-history":[{"count":0,"href":"https:\/\/bonviure.com\/es\/wp-json\/wp\/v2\/pages\/7928\/revisions"}],"up":[{"embeddable":true,"href":"https:\/\/bonviure.com\/es\/wp-json\/wp\/v2\/pages\/7924"}],"wp:attachment":[{"href":"https:\/\/bonviure.com\/es\/wp-json\/wp\/v2\/media?parent=7928"}],"curies":[{"name":"wp","href":"https:\/\/api.w.org\/{rel}","templated":true}]}}