{"id":7933,"date":"2017-03-28T16:24:22","date_gmt":"2017-03-28T15:24:22","guid":{"rendered":"https:\/\/bonviure.com\/com-reservar\/"},"modified":"2018-05-08T11:32:40","modified_gmt":"2018-05-08T09:32:40","slug":"como-reservar","status":"publish","type":"page","link":"https:\/\/bonviure.com\/es\/como-reservar\/","title":{"rendered":"Como reservar"},"content":{"rendered":"<div class=\"wpb-content-wrapper\"><p>[vc_row][vc_column][\/vc_column][vc_empty_space]<h2 style=\"color:#77770e;\" class=\"titol_tres_passos  center\">SEGUID ESTOS 3 PASOS<\/h2>[vc_empty_space height=\u00bb50px\u00bb][\/vc_row][vc_row][vc_column width=\u00bb1\/3&#8243; el_class=\u00bbhora_reservar\u00bb css=\u00bb.vc_custom_1494951244690{margin-bottom: 20px !important;}\u00bb]\n      \n    <div class=\"nicdark_archive1 center nicdark_bg_red  \">\n                \n                \n                <div class=\"nicdark_textevidence nicdark_bg_greydark \">\n                    <h4 class=\"white nicdark_margin20\"><\/h4>\n                <\/div>\n\n\n                <div style=\"background:url(); background-size:cover;\" class=\"nicdark_archive1\">\n                    <div class=\"nicdark_filter greydark\">\n\n                        <div class=\"nicdark_space40\"><\/div>\n                        \n                        <h3 class=\"white subtitle\">1<\/h3>\n                        <div class=\"nicdark_space20\"><\/div>\n                        <div class=\"nicdark_divider small\"><span class=\"nicdark_bg_white \"><\/span><\/div>\n                        <div class=\"nicdark_space20\"><\/div>\n                        <h4 class=\"white subtitle\">Lee el apartado de la ficha t\u00e9cnica, donde est\u00e1n expuestos los niveles, precios y conceptos incluidos en el viaje.<\/h4>\n\n                        <div class=\"nicdark_space40\"><\/div>\n\n                    <\/div>\n                <\/div>\n\n                <div class=\"nicdark_textevidence nicdark_bg_grey nicdark_border_grey nicdark_sizing\">\n                    <div style=\"display:block;\" class=\"nicdark_margin20 nicdark_archive1_content\"><\/div>\n                <\/div>\n\n                <a target=\"\" href=\"\" class=\"white nicdark_btn nicdark_bg_red medium nicdark_radius_bottom\"><\/a>\n\n            <\/div>\n\n   [\/vc_column][vc_column width=\u00bb1\/3&#8243; el_class=\u00bbhora_reservar\u00bb css=\u00bb.vc_custom_1494951250927{margin-bottom: 20px !important;}\u00bb]\n      \n    <div class=\"nicdark_archive1 center nicdark_bg_orange  \">\n                \n                \n                <div class=\"nicdark_textevidence nicdark_bg_greydark \">\n                    <h4 class=\"white nicdark_margin20\"><\/h4>\n                <\/div>\n\n\n                <div style=\"background:url(); background-size:cover;\" class=\"nicdark_archive1\">\n                    <div class=\"nicdark_filter greydark\">\n\n                        <div class=\"nicdark_space40\"><\/div>\n                        \n                        <h3 class=\"white subtitle\">2<\/h3>\n                        <div class=\"nicdark_space20\"><\/div>\n                        <div class=\"nicdark_divider small\"><span class=\"nicdark_bg_white \"><\/span><\/div>\n                        <div class=\"nicdark_space20\"><\/div>\n                        <h4 class=\"white subtitle\">Solic\u00edtanos plaza a trav\u00e9s del apartado RESERVA de cada viaje llam\u00e1ndonos al 93 823 05 27 o 626 887 243.<\/h4>\n\n                        <div class=\"nicdark_space40\"><\/div>\n\n                    <\/div>\n                <\/div>\n\n                <div class=\"nicdark_textevidence nicdark_bg_grey nicdark_border_grey nicdark_sizing\">\n                    <div style=\"display:block;\" class=\"nicdark_margin20 nicdark_archive1_content\"><\/div>\n                <\/div>\n\n                <a target=\"\" href=\"\" class=\"white nicdark_btn nicdark_bg_orange medium nicdark_radius_bottom\"><\/a>\n\n            <\/div>\n\n   [\/vc_column][vc_column width=\u00bb1\/3&#8243; el_class=\u00bbhora_reservar\u00bb css=\u00bb.vc_custom_1494951256634{margin-bottom: 20px !important;}\u00bb]\n      \n    <div class=\"nicdark_archive1 center nicdark_bg_blue  \">\n                \n                \n                <div class=\"nicdark_textevidence nicdark_bg_greydark \">\n                    <h4 class=\"white nicdark_margin20\"><\/h4>\n                <\/div>\n\n\n                <div style=\"background:url(); background-size:cover;\" class=\"nicdark_archive1\">\n                    <div class=\"nicdark_filter greydark\">\n\n                        <div class=\"nicdark_space40\"><\/div>\n                        \n                        <h3 class=\"white subtitle\">3<\/h3>\n                        <div class=\"nicdark_space20\"><\/div>\n                        <div class=\"nicdark_divider small\"><span class=\"nicdark_bg_white \"><\/span><\/div>\n                        <div class=\"nicdark_space20\"><\/div>\n                        <h4 class=\"white subtitle\">Recibir\u00e1s un mail de Bonviure inform\u00e1ndote sobre la disponibilidad de la\/s plaza\/s y del pago a efectuar para confirmar la\/s plaza\/s.<\/h4>\n\n                        <div class=\"nicdark_space40\"><\/div>\n\n                    <\/div>\n                <\/div>\n\n                <div class=\"nicdark_textevidence nicdark_bg_grey nicdark_border_grey nicdark_sizing\">\n                    <div style=\"display:block;\" class=\"nicdark_margin20 nicdark_archive1_content\"><\/div>\n                <\/div>\n\n                <a target=\"\" href=\"\" class=\"white nicdark_btn nicdark_bg_blue medium nicdark_radius_bottom\"><\/a>\n\n            <\/div>\n\n   [\/vc_column][\/vc_row][vc_row][vc_column][vc_empty_space height=\u00bb60px\u00bb][\/vc_column][\/vc_row]<\/p>\n<\/div>","protected":false},"excerpt":{"rendered":"<p>[vc_row][vc_column][\/vc_column][vc_empty_space][vc_empty_space height=\u00bb50px\u00bb][\/vc_row][vc_row][vc_column width=\u00bb1\/3&#8243; el_class=\u00bbhora_reservar\u00bb css=\u00bb.vc_custom_1494951244690{margin-bottom: 20px !important;}\u00bb][\/vc_column][vc_column width=\u00bb1\/3&#8243; el_class=\u00bbhora_reservar\u00bb css=\u00bb.vc_custom_1494951250927{margin-bottom: 20px !important;}\u00bb][\/vc_column][vc_column width=\u00bb1\/3&#8243; el_class=\u00bbhora_reservar\u00bb css=\u00bb.vc_custom_1494951256634{margin-bottom: 20px !important;}\u00bb][\/vc_column][\/vc_row][vc_row][vc_column][vc_empty_space height=\u00bb60px\u00bb][\/vc_column][\/vc_row]<\/p>\n<div class='heateor_sss_sharing_container heateor_sss_vertical_sharing heateor_sss_bottom_sharing' style='width:44px;left: -10px;top: 100px;-webkit-box-shadow:none;box-shadow:none;' data-heateor-sss-href='https:\/\/bonviure.com\/es\/wp-json\/wp\/v2\/pages\/7933'><div class=\"heateor_sss_sharing_ul\"><a aria-label=\"Facebook\" class=\"heateor_sss_facebook\" href=\"https:\/\/www.facebook.com\/Bonviure\/?locale=es_ES\" title=\"Facebook\" rel=\"nofollow noopener\" target=\"_blank\" style=\"font-size:32px!important;box-shadow:none;display:inline-block;vertical-align:middle\"><span class=\"heateor_sss_svg\" style=\"background-color:#0765FE;width:40px;height:40px;margin:0;display:inline-block;opacity:1;float:left;font-size:32px;box-shadow:none;display:inline-block;font-size:16px;padding:0 4px;vertical-align:middle;background-repeat:repeat;overflow:hidden;padding:0;cursor:pointer;box-sizing:content-box\"><svg style=\"display:block;\" focusable=\"false\" aria-hidden=\"true\" xmlns=\"http:\/\/www.w3.org\/2000\/svg\" width=\"100%\" height=\"100%\" viewBox=\"0 0 32 32\"><path fill=\"#fff\" d=\"M28 16c0-6.627-5.373-12-12-12S4 9.373 4 16c0 5.628 3.875 10.35 9.101 11.647v-7.98h-2.474V16H13.1v-1.58c0-4.085 1.849-5.978 5.859-5.978.76 0 2.072.15 2.608.298v3.325c-.283-.03-.775-.045-1.386-.045-1.967 0-2.728.745-2.728 2.683V16h3.92l-.673 3.667h-3.247v8.245C23.395 27.195 28 22.135 28 16Z\"><\/path><\/svg><\/span><\/a><a aria-label=\"Instagram\" class=\"heateor_sss_button_instagram\" href=\"https:\/\/www.instagram.com\/bonviuretrek\" title=\"Instagram\" rel=\"nofollow noopener\" target=\"_blank\" style=\"font-size:32px!important;box-shadow:none;display:inline-block;vertical-align:middle\"><span class=\"heateor_sss_svg\" style=\"background-color:#53beee;width:40px;height:40px;margin:0;display:inline-block;opacity:1;float:left;font-size:32px;box-shadow:none;display:inline-block;font-size:16px;padding:0 4px;vertical-align:middle;background-repeat:repeat;overflow:hidden;padding:0;cursor:pointer;box-sizing:content-box\"><svg style=\"display:block;\" version=\"1.1\" viewBox=\"-10 -10 148 148\" width=\"100%\" height=\"100%\" xml:space=\"preserve\" xmlns=\"http:\/\/www.w3.org\/2000\/svg\" xmlns:xlink=\"http:\/\/www.w3.org\/1999\/xlink\"><g><g><path d=\"M86,112H42c-14.336,0-26-11.663-26-26V42c0-14.337,11.664-26,26-26h44c14.337,0,26,11.663,26,26v44 C112,100.337,100.337,112,86,112z M42,24c-9.925,0-18,8.074-18,18v44c0,9.925,8.075,18,18,18h44c9.926,0,18-8.075,18-18V42 c0-9.926-8.074-18-18-18H42z\" fill=\"#fff\"><\/path><\/g><g><path d=\"M64,88c-13.234,0-24-10.767-24-24c0-13.234,10.766-24,24-24s24,10.766,24,24C88,77.233,77.234,88,64,88z M64,48c-8.822,0-16,7.178-16,16s7.178,16,16,16c8.822,0,16-7.178,16-16S72.822,48,64,48z\" fill=\"#fff\"><\/path><\/g><g><circle cx=\"89.5\" cy=\"38.5\" fill=\"#fff\" r=\"5.5\"><\/circle><\/g><\/g><\/svg><\/span><\/a><a class=\"heateor_sss_more\" aria-label=\"More\" title=\"More\" rel=\"nofollow noopener\" style=\"font-size: 32px!important;border:0;box-shadow:none;display:inline-block!important;font-size:16px;padding:0 4px;vertical-align: middle;display:inline;\" href=\"https:\/\/bonviure.com\/es\/wp-json\/wp\/v2\/pages\/7933\" onclick=\"event.preventDefault()\"><span class=\"heateor_sss_svg\" style=\"background-color:#ee8e2d;width:40px;height:40px;margin:0;display:inline-block!important;opacity:1;float:left;font-size:32px!important;box-shadow:none;display:inline-block;font-size:16px;padding:0 4px;vertical-align:middle;display:inline;background-repeat:repeat;overflow:hidden;padding:0;cursor:pointer;box-sizing:content-box;\" onclick=\"heateorSssMoreSharingPopup(this, 'https:\/\/bonviure.com\/es\/wp-json\/wp\/v2\/pages\/7933', 'Bonviure%20-%20Senderisme', '' )\"><svg xmlns=\"http:\/\/www.w3.org\/2000\/svg\" xmlns:xlink=\"http:\/\/www.w3.org\/1999\/xlink\" viewBox=\"-.3 0 32 32\" version=\"1.1\" width=\"100%\" height=\"100%\" style=\"display:block;\" xml:space=\"preserve\"><g><path fill=\"#fff\" d=\"M18 14V8h-4v6H8v4h6v6h4v-6h6v-4h-6z\" fill-rule=\"evenodd\"><\/path><\/g><\/svg><\/span><\/a><\/div><div class=\"heateorSssClear\"><\/div><\/div>","protected":false},"author":7,"featured_media":0,"parent":0,"menu_order":0,"comment_status":"closed","ping_status":"closed","template":"","meta":{"_acf_changed":false,"footnotes":""},"class_list":["post-7933","page","type-page","status-publish","hentry"],"acf":[],"publishpress_future_action":{"enabled":false,"date":"2026-04-29 03:11:01","action":"change-status","newStatus":"draft","terms":[],"taxonomy":"translation_priority","extraData":[]},"publishpress_future_workflow_manual_trigger":{"enabledWorkflows":[]},"_links":{"self":[{"href":"https:\/\/bonviure.com\/es\/wp-json\/wp\/v2\/pages\/7933","targetHints":{"allow":["GET"]}}],"collection":[{"href":"https:\/\/bonviure.com\/es\/wp-json\/wp\/v2\/pages"}],"about":[{"href":"https:\/\/bonviure.com\/es\/wp-json\/wp\/v2\/types\/page"}],"author":[{"embeddable":true,"href":"https:\/\/bonviure.com\/es\/wp-json\/wp\/v2\/users\/7"}],"replies":[{"embeddable":true,"href":"https:\/\/bonviure.com\/es\/wp-json\/wp\/v2\/comments?post=7933"}],"version-history":[{"count":0,"href":"https:\/\/bonviure.com\/es\/wp-json\/wp\/v2\/pages\/7933\/revisions"}],"wp:attachment":[{"href":"https:\/\/bonviure.com\/es\/wp-json\/wp\/v2\/media?parent=7933"}],"curies":[{"name":"wp","href":"https:\/\/api.w.org\/{rel}","templated":true}]}}