{"id":7935,"date":"2017-03-29T15:11:09","date_gmt":"2017-03-29T14:11:09","guid":{"rendered":"https:\/\/bonviure.com\/preguntes-mes-frequents\/"},"modified":"2021-01-29T19:09:43","modified_gmt":"2021-01-29T18:09:43","slug":"preguntas-mas-frecuentes","status":"publish","type":"page","link":"https:\/\/bonviure.com\/es\/preguntas-mas-frecuentes\/","title":{"rendered":"Preguntas m\u00e1s frecuentes"},"content":{"rendered":"<div class=\"wpb-content-wrapper\"><p>[vc_row][vc_column][vc_empty_space]<h2 style=\"color:#77770e;\" class=\"  center\">PARA CUALQUIER CONSULTA<\/h2>[vc_empty_space][vc_column_text]Es habitual que una vez te hayas decidido a venir con Bonviure, te surjan algunos interrogantes&#8230; A continuaci\u00f3n te ofrecemos una amplia selecci\u00f3n de las preguntas y dudas m\u00e1s frecuentes con sus correspondientes respuestas o aclaraciones.[\/vc_column_text][vc_empty_space][\/vc_column][\/vc_row][vc_row][vc_column][vc_tta_accordion color=\u00bbchino\u00bb active_section=\u00bb1&#8243;][vc_tta_section title=\u00bb\u00bfCU\u00c1NTAS HORAS SE CAMINA?\u00bb tab_id=\u00bb1473344426664-49ee0dae-3902&#8243;][vc_column_text]En el apartado de nivel de cada viaje encontrar\u00e1s la respuesta a esta pregunta. Cada itinerario tiene su duraci\u00f3n&#8230; Es necesario que leas el nivel del recorrido y te apuntes seg\u00fan tus posibilidades. Los horarios expuestos en el apartado nivel son los tiempos de caminata efectiva, sin contar las paradas para comer, echar fotos, descansar, &#8230; en definitiva, para disfrutar.[\/vc_column_text][\/vc_tta_section][vc_tta_section title=\u00bbVENGO SOLO\/A&#8230; \u00bfPUEDE SER UN INCONVENIENTE?\u00bb tab_id=\u00bb1473344426782-a34bd4c6-3dfc\u00bb][vc_column_text]No, la gran mayor\u00eda de personas, alrededor de un 80%, se apuntan individualmente.[\/vc_column_text][\/vc_tta_section][vc_tta_section title=\u00bb\u00bfCU\u00c1L ES LA EDAD DEL PARTICIPANTES?\u00bb tab_id=\u00bb1473344554276-46dfbfdf-0c77&#8243;][vc_column_text]La mayor\u00eda est\u00e1 entre los 40 y los 60 a\u00f1os.[\/vc_column_text][\/vc_tta_section][vc_tta_section title=\u00bb\u00bfQU\u00c9 AMBIENTE HAY NORMALMENTE EN EL GRUPO?\u00bb tab_id=\u00bb1473344844737-7e3de4f1-365d\u00bb][vc_column_text]Un ambiente positivo de gente tolerante, amante de la monta\u00f1a, la naturaleza y con ganas de pasarlo bien y conocer gente nueva.[\/vc_column_text][\/vc_tta_section][vc_tta_section title=\u00bbEN LOS ALOJAMIENTOS, EN EL CASO DE SER EN HABITACI\u00d3N DOBLE, \u00bfCON QUI\u00c9N SE COMPARTE LA HABITACI\u00d3N?\u00bb tab_id=\u00bb1473344845591-61c69084-8960&#8243;][vc_column_text]Generalmente la persona con quien compartir\u00e1s la habitaci\u00f3n ser\u00e1 una persona de tu mismo sexo.El gu\u00eda, una vez llegados al alojamiento, coordinar\u00e1 con la ayuda de todos los componentes del grupo la distribuci\u00f3n de habitaciones.[\/vc_column_text][\/vc_tta_section][vc_tta_section title=\u00bbEN LOS VIAJES EN QUE NO UTILIZAMOS AVIONES, MINIB\u00daS, TRANSPORTE P\u00daBLICO, ETC&#8230; \u00bfC\u00d3MO LLEGAMOS AL PUNTO DE ENCUENTRO?\u00bb tab_id=\u00bb1473344846340-b85a152e-04f1&#8243;][vc_column_text]Utilizando los veh\u00edculos de los participantes. Cuando te apuntes, te pediremos si tienes coche, y si quieres compartir las plazas disponibles a cambio de compartir los gastos del viaje con otros compa\u00f1eros de excursi\u00f3n. A los que nos dispong\u00e1is de coche, os pasaremos los tel\u00e9fonos de los conductores\/as que quieran compartir plaza para coordinaros. Tambi\u00e9n pocos d\u00edas antes del viaje os pasaremos las infos con la hora y el punto de encuentro por email.<\/p>\n<p>Bonviure \u00fanicamente coordina los coches y los participantes -no cobra nada por esta gesti\u00f3n- y no se hace responsable de ning\u00fan evento o incidencia ocurrida durante el viaje hasta el punto de encuentro o de vuelta, as\u00ed como los desplazamientos internos en el viaje efectuados en los veh\u00edculos de los participantes. De igual manera, tampoco determina las relaciones entre el conductor y los ocupantes en t\u00e9rminos econ\u00f3micos, horarios encuentros, etc. Este sistema obviamente aporta factores positivos: como la reducci\u00f3n de CO2, la econom\u00eda en el gasto, etc. Pero requiere de todos los implicados una dosis de madurez personal que entre los participantes de Bonviure y de senderismo si suele dar de forma natural y si no se da, hay que buscarla.[\/vc_column_text][\/vc_tta_section][vc_tta_section title=\u00bb\u00bfCU\u00c1L ES EL PUNTO DE ENCUENTRO CON EL GU\u00cdA EN LOS VIAJES EN QUE NO UTILIZAMOS TRANSPORTE P\u00daBLICO?\u00bb tab_id=\u00bb1473344847604-d2dca5ce-27ed\u00bb][vc_column_text]El punto de encuentro suele ser muy cerca del inicio de la caminata. Y es diferente para cada salida. En las info os damos los datos para encontrarnos y c\u00f3mo llegar al punto de encuentro. Previamente os habremos coordinado para que llegu\u00e9is en coche con otros compa\u00f1eros \/ as de viaje.[\/vc_column_text][\/vc_tta_section][vc_tta_section title=\u00bbLAS BEBIDAS Y ALIMENTOS EXTRAS FUERA DEL MEN\u00da, COMO LICORES, CAF\u00c9S, ETC., \u00bfENTRAN EN EL PRECIO?\u00bb tab_id=\u00bb1473344850531-a1a97c46-ff01&#8243;][vc_column_text]No entran los extras fuera del men\u00fa. Muchos alojamientos incluyen los caf\u00e9s, infusiones, etc dentro de su men\u00fa, en este caso el gu\u00eda os informar\u00e1.[\/vc_column_text][\/vc_tta_section][vc_tta_section title=\u00bb\u00bfPOR QU\u00c9 NO APARECEN LOS KIL\u00d3METROS EN EL APARTADO DEL NIVEL?\u00bb tab_id=\u00bb1473344851302-7bb9c449-a7eb\u00bb][vc_column_text]Porque, en los recorridos de monta\u00f1a, la exposici\u00f3n de los kil\u00f3metros es totalmente enga\u00f1osa. Debido a que, en su realizaci\u00f3n, no s\u00f3lo gastaremos esfuerzo y nos cansaremos en la distancia medida en kil\u00f3metros, sino tambi\u00e9n, y sobre todo, en el desnivel y el tipo de terreno, etc. De esta manera, un recorrido de 10 km con desniveles de + 700 a 700 m y con un horario de topo gu\u00eda de 5h, puede ser mucho m\u00e1s agotador que un recorrido de 20 km en terreno llano y por carretera o excelente camino.<\/p>\n<p>Lo llamamos el s\u00edndrome \u00abCamino de Santiago\u00bb. Hay pues que habituarse a la orientaci\u00f3n con desniveles y horarios de recorrido. Si tienes alguna duda, ll\u00e1manos, escr\u00edbenos o consulta el apartado NIVEL DE LOS ITINERARIOS. Sin embargo, la mayor\u00eda de nuestros recorridos no superan los 18-20 km, exceptuando algunas traves\u00edas.[\/vc_column_text][\/vc_tta_section][vc_tta_section title=\u00bb\u00bfCOMO S\u00c9 QUE EL NIVEL DEL VIAJE EST\u00c1 ADAPTADO A MI CAPACIDAD F\u00cdSICA?\u00bb tab_id=\u00bb1473344852005-cd9c0b81-d0a4&#8243;][vc_column_text]Leyendo detenidamente el apartado <a href=\"https:\/\/bonviure.com\/es\/niveles-horarios-etc\/\">NIVEL DE LOS ITINERARIOS<\/a>. Y si tienes alguna pregunta, no dudes en llamarnos o escribirnos.[\/vc_column_text][\/vc_tta_section][vc_tta_section title=\u00bbC\u00d3MO HACER LA RESERVA.\u00bb tab_id=\u00bb1473344852682-e755890a-9e24&#8243;][vc_column_text]Consulta el apartado \u00ab<a href=\"https:\/\/bonviure.com\/es\/como-reservar\/\">C\u00f3mo reservar<\/a>\u00ab.[\/vc_column_text][\/vc_tta_section][vc_tta_section title=\u00bbSI POR DIFERENTES MOTIVOS FINALMENTE NO PUEDO VENIR, \u00bfME DEVOLV\u00c9IS EL DINERO?\u00bb tab_id=\u00bb1473344853382-7f4b98ee-4f05&#8243;][vc_column_text]En caso de cancelaci\u00f3n es importante que nos lo digas lo antes posible y procuraremos encontrar otra persona que ocupe tu plaza. Si es as\u00ed podremos devolver la mayor parte del dinero. Si la plaza queda vacante, entonces cobraremos los gastos que nos genere la cancelaci\u00f3n, b\u00e1sicamente el dinero que se hayan adelantado a los proveedores (vuelos, hoteles) y que no se puedan recuperar. En esta situaci\u00f3n es muy recomendable tener un seguro de cancelaci\u00f3n.<br \/>\nPara informaci\u00f3n m\u00e1s detallada, consulta el apartado que encontrar\u00e1s en las Condiciones Generales de Contrataci\u00f3n (Desistimiento del viaje por parte del consumidor).[\/vc_column_text][\/vc_tta_section][vc_tta_section title=\u00bb\u00bfQU\u00c9 MATERIAL, TIPO DE BOTAS, ROPA, ETC HACE FALTA PARA REALIZAR EL VIAJE?\u00bb tab_id=\u00bb1473344854217-262a4811-0691&#8243;][vc_column_text]Cada viaje tiene una relaci\u00f3n de material que os pasaremos por mail. En principio, no deber\u00e1s hacer grandes gastos para realizar la actividad, se trata simplemente de tener un buen calzado y chubasquero o cortaviento y adaptar la ropa que ya tienes a las necesidades del viaje. Pero, de entrada, hay que tener en cuenta cu\u00e1l es el material b\u00e1sico para hacer senderismo o excursionismo:<\/p>\n<p>\u2022 Un calzado adecuado a la actividad, Debido al tipo de terreno de monta\u00f1a y muchas veces pedregoso no sirven las zapatillas de deporte. \u00danicamente servir\u00e1 el calzado de monta\u00f1a, las botas que denominadas \u00abde senderismo\u00bb, \u00abtrekking\u00bb, etc. En la actualidad, son unas botas muy ligeras y las encontrar\u00e1s dentro de una amplia gama de precios. Aconsejamos -y algunas veces ser\u00e1 obligatorio- llevar las botas de ca\u00f1a media o alta.<\/p>\n<p>\u2022 Mochila peque\u00f1a, mediana o grande seg\u00fan el tipo de viaje.<\/p>\n<p>\u2022 Vestimenta: La idea principal es que ha de estar adaptada al clima de la zona y la \u00e9poca del a\u00f1o. Debe ser ligera y que cumpla sus funciones necesarias: de impermeabilidad en la capa exterior, de abrigo en condiciones de fr\u00edo, y a ser posible, hidr\u00f3fuga-que repela el sudor-, ergon\u00f3mica, etc. La otra idea b\u00e1sica es que debe ser por capas, como las de una cebolla&#8230; Nos explicamos: en vez de lo que habitualmente se pensaba de que un buen anorak o jersey nos ir\u00e1n bien para la monta\u00f1a o el fr\u00edo, pues no&#8230; Por qu\u00e9? Pues debido a que al andar se genera calor y acabamos sudando de lo lindo con un anorak, y si nos sacamos el anorak nos pelamos de fr\u00edo y nos encontramos mojados de sudor. La soluci\u00f3n es que en vez de una o dos prendas gruesas nos vistamos con 2 o 3 piezas de ropa de peque\u00f1a a mediana capacidad de abrigo y encima de todo, si hace fr\u00edo o viento, un impermeable o cortaviento. Si tienes alguna pregunta no dudes en preguntarnos..<\/p>\n<p>\u2022 Bolsa de viaje o maleta. Excepto para las traves\u00edas, es necesario llevar una bolsa o una maleta. Cuando se cuenta con el mismo alojamiento durante varios d\u00edas, puedes elegir t\u00fa mismo el tipo de equipaje, maleta o bolsa. Pero en las traves\u00edas, generalmente es mejor llevar bolsas de viaje para facilitar los transportes. En todo caso, para el caso de una traves\u00eda, os informaremos de qu\u00e9 tipo de equipaje, aparte de la mochila, deb\u00e9is llevar.[\/vc_column_text][\/vc_tta_section][\/vc_tta_accordion][vc_empty_space][\/vc_column][\/vc_row]<\/p>\n<\/div>","protected":false},"excerpt":{"rendered":"<p>[vc_row][vc_column][vc_empty_space][vc_empty_space][vc_column_text]Es habitual que una vez te hayas decidido a venir con Bonviure, te surjan algunos interrogantes&#8230; A continuaci\u00f3n te ofrecemos una amplia selecci\u00f3n de las preguntas y dudas m\u00e1s frecuentes con sus correspondientes respuestas o aclaraciones.[\/vc_column_text][vc_empty_space][\/vc_column][\/vc_row][vc_row][vc_column][vc_tta_accordion color=\u00bbchino\u00bb active_section=\u00bb1&#8243;][vc_tta_section title=\u00bb\u00bfCU\u00c1NTAS HORAS SE CAMINA?\u00bb tab_id=\u00bb1473344426664-49ee0dae-3902&#8243;][vc_column_text]En el apartado de nivel de cada viaje encontrar\u00e1s la respuesta a esta &#8230;<\/p>\n<div class='heateor_sss_sharing_container heateor_sss_vertical_sharing heateor_sss_bottom_sharing' style='width:44px;left: -10px;top: 100px;-webkit-box-shadow:none;box-shadow:none;' data-heateor-sss-href='https:\/\/bonviure.com\/es\/wp-json\/wp\/v2\/pages\/7935'><div class=\"heateor_sss_sharing_ul\"><a aria-label=\"Facebook\" class=\"heateor_sss_facebook\" href=\"https:\/\/www.facebook.com\/Bonviure\/?locale=es_ES\" title=\"Facebook\" rel=\"nofollow noopener\" target=\"_blank\" style=\"font-size:32px!important;box-shadow:none;display:inline-block;vertical-align:middle\"><span class=\"heateor_sss_svg\" style=\"background-color:#0765FE;width:40px;height:40px;margin:0;display:inline-block;opacity:1;float:left;font-size:32px;box-shadow:none;display:inline-block;font-size:16px;padding:0 4px;vertical-align:middle;background-repeat:repeat;overflow:hidden;padding:0;cursor:pointer;box-sizing:content-box\"><svg style=\"display:block;\" focusable=\"false\" aria-hidden=\"true\" xmlns=\"http:\/\/www.w3.org\/2000\/svg\" width=\"100%\" height=\"100%\" viewBox=\"0 0 32 32\"><path fill=\"#fff\" d=\"M28 16c0-6.627-5.373-12-12-12S4 9.373 4 16c0 5.628 3.875 10.35 9.101 11.647v-7.98h-2.474V16H13.1v-1.58c0-4.085 1.849-5.978 5.859-5.978.76 0 2.072.15 2.608.298v3.325c-.283-.03-.775-.045-1.386-.045-1.967 0-2.728.745-2.728 2.683V16h3.92l-.673 3.667h-3.247v8.245C23.395 27.195 28 22.135 28 16Z\"><\/path><\/svg><\/span><\/a><a aria-label=\"Instagram\" class=\"heateor_sss_button_instagram\" href=\"https:\/\/www.instagram.com\/bonviuretrek\" title=\"Instagram\" rel=\"nofollow noopener\" target=\"_blank\" style=\"font-size:32px!important;box-shadow:none;display:inline-block;vertical-align:middle\"><span class=\"heateor_sss_svg\" style=\"background-color:#53beee;width:40px;height:40px;margin:0;display:inline-block;opacity:1;float:left;font-size:32px;box-shadow:none;display:inline-block;font-size:16px;padding:0 4px;vertical-align:middle;background-repeat:repeat;overflow:hidden;padding:0;cursor:pointer;box-sizing:content-box\"><svg style=\"display:block;\" version=\"1.1\" viewBox=\"-10 -10 148 148\" width=\"100%\" height=\"100%\" xml:space=\"preserve\" xmlns=\"http:\/\/www.w3.org\/2000\/svg\" xmlns:xlink=\"http:\/\/www.w3.org\/1999\/xlink\"><g><g><path d=\"M86,112H42c-14.336,0-26-11.663-26-26V42c0-14.337,11.664-26,26-26h44c14.337,0,26,11.663,26,26v44 C112,100.337,100.337,112,86,112z M42,24c-9.925,0-18,8.074-18,18v44c0,9.925,8.075,18,18,18h44c9.926,0,18-8.075,18-18V42 c0-9.926-8.074-18-18-18H42z\" fill=\"#fff\"><\/path><\/g><g><path d=\"M64,88c-13.234,0-24-10.767-24-24c0-13.234,10.766-24,24-24s24,10.766,24,24C88,77.233,77.234,88,64,88z M64,48c-8.822,0-16,7.178-16,16s7.178,16,16,16c8.822,0,16-7.178,16-16S72.822,48,64,48z\" fill=\"#fff\"><\/path><\/g><g><circle cx=\"89.5\" cy=\"38.5\" fill=\"#fff\" r=\"5.5\"><\/circle><\/g><\/g><\/svg><\/span><\/a><a class=\"heateor_sss_more\" aria-label=\"More\" title=\"More\" rel=\"nofollow noopener\" style=\"font-size: 32px!important;border:0;box-shadow:none;display:inline-block!important;font-size:16px;padding:0 4px;vertical-align: middle;display:inline;\" href=\"https:\/\/bonviure.com\/es\/wp-json\/wp\/v2\/pages\/7935\" onclick=\"event.preventDefault()\"><span class=\"heateor_sss_svg\" style=\"background-color:#ee8e2d;width:40px;height:40px;margin:0;display:inline-block!important;opacity:1;float:left;font-size:32px!important;box-shadow:none;display:inline-block;font-size:16px;padding:0 4px;vertical-align:middle;display:inline;background-repeat:repeat;overflow:hidden;padding:0;cursor:pointer;box-sizing:content-box;\" onclick=\"heateorSssMoreSharingPopup(this, 'https:\/\/bonviure.com\/es\/wp-json\/wp\/v2\/pages\/7935', 'Bonviure%20-%20Senderisme', '' )\"><svg xmlns=\"http:\/\/www.w3.org\/2000\/svg\" xmlns:xlink=\"http:\/\/www.w3.org\/1999\/xlink\" viewBox=\"-.3 0 32 32\" version=\"1.1\" width=\"100%\" height=\"100%\" style=\"display:block;\" xml:space=\"preserve\"><g><path fill=\"#fff\" d=\"M18 14V8h-4v6H8v4h6v6h4v-6h6v-4h-6z\" fill-rule=\"evenodd\"><\/path><\/g><\/svg><\/span><\/a><\/div><div class=\"heateorSssClear\"><\/div><\/div>","protected":false},"author":7,"featured_media":0,"parent":0,"menu_order":0,"comment_status":"closed","ping_status":"closed","template":"","meta":{"_acf_changed":false,"footnotes":""},"class_list":["post-7935","page","type-page","status-publish","hentry"],"acf":[],"publishpress_future_action":{"enabled":false,"date":"2026-04-24 08:18:00","action":"change-status","newStatus":"draft","terms":[],"taxonomy":"translation_priority","extraData":[]},"publishpress_future_workflow_manual_trigger":{"enabledWorkflows":[]},"_links":{"self":[{"href":"https:\/\/bonviure.com\/es\/wp-json\/wp\/v2\/pages\/7935","targetHints":{"allow":["GET"]}}],"collection":[{"href":"https:\/\/bonviure.com\/es\/wp-json\/wp\/v2\/pages"}],"about":[{"href":"https:\/\/bonviure.com\/es\/wp-json\/wp\/v2\/types\/page"}],"author":[{"embeddable":true,"href":"https:\/\/bonviure.com\/es\/wp-json\/wp\/v2\/users\/7"}],"replies":[{"embeddable":true,"href":"https:\/\/bonviure.com\/es\/wp-json\/wp\/v2\/comments?post=7935"}],"version-history":[{"count":0,"href":"https:\/\/bonviure.com\/es\/wp-json\/wp\/v2\/pages\/7935\/revisions"}],"wp:attachment":[{"href":"https:\/\/bonviure.com\/es\/wp-json\/wp\/v2\/media?parent=7935"}],"curies":[{"name":"wp","href":"https:\/\/api.w.org\/{rel}","templated":true}]}}