{"id":9354,"date":"2018-06-29T16:26:39","date_gmt":"2018-06-29T14:26:39","guid":{"rendered":"https:\/\/bonviure.com\/newsletters-2\/"},"modified":"2018-06-29T16:53:23","modified_gmt":"2018-06-29T14:53:23","slug":"newsletters","status":"publish","type":"page","link":"https:\/\/bonviure.com\/es\/newsletters\/","title":{"rendered":"Newsletters"},"content":{"rendered":"<h1 style=\"margin-top: 50px;\">\u00bfQuieres estar al d\u00eda de nuestras actividades?<\/h1>\n<p style=\"margin-top: 20px; margin-bottom: 60px;\">Si no recibes nuestros boletines peri\u00f3dicos sobre viajes, ofertas y actividades, pero los quieres recibir, introduce a continuaci\u00f3n tu direcci\u00f3n de correo electr\u00f3nico en el formulario inferior.<\/p>\n<p><!-- [BEGIN OF SIGNUP FORM]--><\/p>\n<div style=\"width: 70%; padding: 20px; background-color: #f2f2f2; float: left; margin-bottom: 60px;\">\n<form id=\"frmjoin\" class=\"form\" action=\"http:\/\/www.email-index.com\/join.php?L=G2QgsQ3PjPnM864MLZhX9w\" method=\"post\" name=\"frmjoin\"><input id=\"frm_guardar\" name=\"frm_guardar\" type=\"hidden\" value=\"\" \/><\/p>\n<h2 class=\"tit-form\">\u00danete a la lista<\/h2>\n<p id=\"required_message\" class=\"required\">*Campo requerido<\/p>\n<div id=\"error_frm_email\" style=\"font-size: 14px; display: none; color: #f44;\">El campo &#8216;Email&#8217; no es v\u00e1lido.<\/div>\n<div class=\"control-group\"><label class=\"control-label\" for=\"frm_email\">Email*<\/label><\/p>\n<div class=\"controls\"><input id=\"frm_email\" class=\"m-wrap ac-input ac-span12\" maxlength=\"\" name=\"frm_email\" type=\"text\" value=\"\" placeholder=\"Email*\" data-type=\"email\" \/><\/div>\n<\/div>\n<div id=\"error_rgpd\" style=\"font-size: 14px; display: none; color: #f44;\">Es necesario que autorices el tratamiento de tus datos<\/div>\n<div class=\"control-group\"><label class=\"control-label\" for=\"frm_rgpd\"><\/label><\/p>\n<div class=\"controls\"><label class=\"checkbox inline\"><br \/>\n<input name=\"frm_rgpd[]\" type=\"checkbox\" value=\"1\" \/>Marcando esta casilla acepta las condiciones referentes al env\u00edo de comunicados comerciales. Para ver las Pol\u00edticas de Privacidad y Protecci\u00f3n de Datos Personales\u00a0<a href=\"https:\/\/bonviure.com\/es\/politicas-de-privacidad-y-proteccion-de-datos-personales\/\" target=\"_blank\" rel=\"noopener\">pulse aqu\u00ed<\/a>.<\/label><\/div>\n<\/div>\n<p style=\"font-size: 10px; line-height: 15px; margin-top: 20px;\">En cualquier momento, puedes ejercer los derechos de acceso, rectificaci\u00f3n, oposici\u00f3n, portabilidad, limitaci\u00f3n al tratamiento y supresi\u00f3n de los datos objeto de tratamiento pulsando en los enlaces \u201cActualizar datos\u201d y \u201cDar de baja\u201d ; remitiendo un escrito indicando el derecho ejercido a la direcci\u00f3n postal: Passeig de la Pau 24, ppal. 4a, 08600 Berga; o a la siguiente direcci\u00f3n de correo electr\u00f3nico bonviure@bonviure.com<\/p>\n<p><input id=\"frm_email_format\" name=\"frm_email_format\" type=\"hidden\" value=\"2\" \/><\/p>\n<p class=\"center\"><button id=\"btn-join\" class=\"btn btn-inverse\" type=\"submit\">Unirse<\/button><\/p>\n<p><input id=\"frm_nc\" name=\"frm_nc\" type=\"hidden\" value=\"1\" \/><script id=\"embed_jquery\" type=\"text\/javascript\" src=\"https:\/\/code.jquery.com\/jquery-1.11.0.min.js\"><\/script><script id=\"embed_script\" type=\"text\/javascript\" src=\"https:\/\/d1nn1beycom2nr.cloudfront.net\/news\/scripts\/form.script.js\"><\/script><\/p>\n<\/form>\n<p><!-- [END OF SIGNUP FORM] --><\/p>\n<div><\/div>\n<\/div>\n<div style=\"width: 19%; float: right; margin-top: 50px;\"><img decoding=\"async\" src=\"https:\/\/bonviure.com\/wp-content\/uploads\/2018\/06\/logo_nou.png\" \/><\/div>\n","protected":false},"excerpt":{"rendered":"<p>\u00bfQuieres estar al d\u00eda de nuestras actividades? Si no recibes nuestros boletines peri\u00f3dicos sobre viajes, ofertas y actividades, pero los quieres recibir, introduce a continuaci\u00f3n tu direcci\u00f3n de correo electr\u00f3nico en el formulario inferior. \u00danete a la lista *Campo requerido El campo &#8216;Email&#8217; no es v\u00e1lido. Email* Es necesario que autorices el tratamiento de tus &#8230;<\/p>\n<div class='heateor_sss_sharing_container heateor_sss_vertical_sharing heateor_sss_bottom_sharing' style='width:44px;left: -10px;top: 100px;-webkit-box-shadow:none;box-shadow:none;' data-heateor-sss-href='https:\/\/bonviure.com\/es\/wp-json\/wp\/v2\/pages\/9354'><div class=\"heateor_sss_sharing_ul\"><a aria-label=\"Facebook\" class=\"heateor_sss_facebook\" href=\"https:\/\/www.facebook.com\/Bonviure\/?locale=es_ES\" title=\"Facebook\" rel=\"nofollow noopener\" target=\"_blank\" style=\"font-size:32px!important;box-shadow:none;display:inline-block;vertical-align:middle\"><span class=\"heateor_sss_svg\" style=\"background-color:#0765FE;width:40px;height:40px;margin:0;display:inline-block;opacity:1;float:left;font-size:32px;box-shadow:none;display:inline-block;font-size:16px;padding:0 4px;vertical-align:middle;background-repeat:repeat;overflow:hidden;padding:0;cursor:pointer;box-sizing:content-box\"><svg style=\"display:block;\" focusable=\"false\" aria-hidden=\"true\" xmlns=\"http:\/\/www.w3.org\/2000\/svg\" width=\"100%\" height=\"100%\" viewBox=\"0 0 32 32\"><path fill=\"#fff\" d=\"M28 16c0-6.627-5.373-12-12-12S4 9.373 4 16c0 5.628 3.875 10.35 9.101 11.647v-7.98h-2.474V16H13.1v-1.58c0-4.085 1.849-5.978 5.859-5.978.76 0 2.072.15 2.608.298v3.325c-.283-.03-.775-.045-1.386-.045-1.967 0-2.728.745-2.728 2.683V16h3.92l-.673 3.667h-3.247v8.245C23.395 27.195 28 22.135 28 16Z\"><\/path><\/svg><\/span><\/a><a aria-label=\"Instagram\" class=\"heateor_sss_button_instagram\" href=\"https:\/\/www.instagram.com\/bonviuretrek\" title=\"Instagram\" rel=\"nofollow noopener\" target=\"_blank\" style=\"font-size:32px!important;box-shadow:none;display:inline-block;vertical-align:middle\"><span class=\"heateor_sss_svg\" style=\"background-color:#53beee;width:40px;height:40px;margin:0;display:inline-block;opacity:1;float:left;font-size:32px;box-shadow:none;display:inline-block;font-size:16px;padding:0 4px;vertical-align:middle;background-repeat:repeat;overflow:hidden;padding:0;cursor:pointer;box-sizing:content-box\"><svg style=\"display:block;\" version=\"1.1\" viewBox=\"-10 -10 148 148\" width=\"100%\" height=\"100%\" xml:space=\"preserve\" xmlns=\"http:\/\/www.w3.org\/2000\/svg\" xmlns:xlink=\"http:\/\/www.w3.org\/1999\/xlink\"><g><g><path d=\"M86,112H42c-14.336,0-26-11.663-26-26V42c0-14.337,11.664-26,26-26h44c14.337,0,26,11.663,26,26v44 C112,100.337,100.337,112,86,112z M42,24c-9.925,0-18,8.074-18,18v44c0,9.925,8.075,18,18,18h44c9.926,0,18-8.075,18-18V42 c0-9.926-8.074-18-18-18H42z\" fill=\"#fff\"><\/path><\/g><g><path d=\"M64,88c-13.234,0-24-10.767-24-24c0-13.234,10.766-24,24-24s24,10.766,24,24C88,77.233,77.234,88,64,88z M64,48c-8.822,0-16,7.178-16,16s7.178,16,16,16c8.822,0,16-7.178,16-16S72.822,48,64,48z\" fill=\"#fff\"><\/path><\/g><g><circle cx=\"89.5\" cy=\"38.5\" fill=\"#fff\" r=\"5.5\"><\/circle><\/g><\/g><\/svg><\/span><\/a><a class=\"heateor_sss_more\" aria-label=\"More\" title=\"More\" rel=\"nofollow noopener\" style=\"font-size: 32px!important;border:0;box-shadow:none;display:inline-block!important;font-size:16px;padding:0 4px;vertical-align: middle;display:inline;\" href=\"https:\/\/bonviure.com\/es\/wp-json\/wp\/v2\/pages\/9354\" onclick=\"event.preventDefault()\"><span class=\"heateor_sss_svg\" style=\"background-color:#ee8e2d;width:40px;height:40px;margin:0;display:inline-block!important;opacity:1;float:left;font-size:32px!important;box-shadow:none;display:inline-block;font-size:16px;padding:0 4px;vertical-align:middle;display:inline;background-repeat:repeat;overflow:hidden;padding:0;cursor:pointer;box-sizing:content-box;\" onclick=\"heateorSssMoreSharingPopup(this, 'https:\/\/bonviure.com\/es\/wp-json\/wp\/v2\/pages\/9354', 'Bonviure%20-%20Senderisme', '' )\"><svg xmlns=\"http:\/\/www.w3.org\/2000\/svg\" xmlns:xlink=\"http:\/\/www.w3.org\/1999\/xlink\" viewBox=\"-.3 0 32 32\" version=\"1.1\" width=\"100%\" height=\"100%\" style=\"display:block;\" xml:space=\"preserve\"><g><path fill=\"#fff\" d=\"M18 14V8h-4v6H8v4h6v6h4v-6h6v-4h-6z\" fill-rule=\"evenodd\"><\/path><\/g><\/svg><\/span><\/a><\/div><div class=\"heateorSssClear\"><\/div><\/div>","protected":false},"author":7,"featured_media":0,"parent":0,"menu_order":0,"comment_status":"closed","ping_status":"closed","template":"","meta":{"_acf_changed":false,"footnotes":""},"class_list":["post-9354","page","type-page","status-publish","hentry"],"acf":[],"publishpress_future_action":{"enabled":false,"date":"2026-05-08 06:17:22","action":"change-status","newStatus":"draft","terms":[],"taxonomy":"translation_priority","extraData":[]},"publishpress_future_workflow_manual_trigger":{"enabledWorkflows":[]},"_links":{"self":[{"href":"https:\/\/bonviure.com\/es\/wp-json\/wp\/v2\/pages\/9354","targetHints":{"allow":["GET"]}}],"collection":[{"href":"https:\/\/bonviure.com\/es\/wp-json\/wp\/v2\/pages"}],"about":[{"href":"https:\/\/bonviure.com\/es\/wp-json\/wp\/v2\/types\/page"}],"author":[{"embeddable":true,"href":"https:\/\/bonviure.com\/es\/wp-json\/wp\/v2\/users\/7"}],"replies":[{"embeddable":true,"href":"https:\/\/bonviure.com\/es\/wp-json\/wp\/v2\/comments?post=9354"}],"version-history":[{"count":0,"href":"https:\/\/bonviure.com\/es\/wp-json\/wp\/v2\/pages\/9354\/revisions"}],"wp:attachment":[{"href":"https:\/\/bonviure.com\/es\/wp-json\/wp\/v2\/media?parent=9354"}],"curies":[{"name":"wp","href":"https:\/\/api.w.org\/{rel}","templated":true}]}}